{"id":372,"date":"2024-11-11T18:50:45","date_gmt":"2024-11-11T21:50:45","guid":{"rendered":"https:\/\/solucom.cl\/a\/?page_id=372"},"modified":"2024-11-11T19:54:24","modified_gmt":"2024-11-11T22:54:24","slug":"licencia","status":"publish","type":"page","link":"https:\/\/solucom.cl\/a\/licencia\/","title":{"rendered":"Licencia"},"content":{"rendered":"\t\t<div data-elementor-type=\"wp-page\" data-elementor-id=\"372\" class=\"elementor elementor-372\">\n\t\t\t\t<div class=\"elementor-element elementor-element-7f1ac7b e-flex e-con-boxed e-con e-parent\" data-id=\"7f1ac7b\" data-element_type=\"container\">\n\t\t\t\t\t<div class=\"e-con-inner\">\n\t\t\t\t<div class=\"elementor-element elementor-element-c018a7c elementor-widget elementor-widget-heading\" data-id=\"c018a7c\" data-element_type=\"widget\" data-widget_type=\"heading.default\">\n\t\t\t\t<div class=\"elementor-widget-container\">\n\t\t\t\t\t<h2 class=\"elementor-heading-title elementor-size-default\"><a href=\"https:\/\/solucom.cl\/a\/bienvenidos\/\">Licencia de Conducir Veh\u00edculos Motorizados clase \"B\"<\/a><\/h2>\t\t\t\t<\/div>\n\t\t\t\t<\/div>\n\t\t\t\t\t<\/div>\n\t\t\t\t<\/div>\n\t\t<div class=\"elementor-element elementor-element-e16b0cc e-flex e-con-boxed e-con e-parent\" data-id=\"e16b0cc\" data-element_type=\"container\">\n\t\t\t\t\t<div class=\"e-con-inner\">\n\t\t\t\t<div class=\"elementor-element elementor-element-4977b01 elementor-widget elementor-widget-spacer\" data-id=\"4977b01\" data-element_type=\"widget\" data-widget_type=\"spacer.default\">\n\t\t\t\t<div class=\"elementor-widget-container\">\n\t\t\t\t\t\t\t<div class=\"elementor-spacer\">\n\t\t\t<div class=\"elementor-spacer-inner\"><\/div>\n\t\t<\/div>\n\t\t\t\t\t\t<\/div>\n\t\t\t\t<\/div>\n\t\t\t\t<div class=\"elementor-element elementor-element-027167c elementor-position-top elementor-widget elementor-widget-image-box\" data-id=\"027167c\" data-element_type=\"widget\" data-widget_type=\"image-box.default\">\n\t\t\t\t<div class=\"elementor-widget-container\">\n\t\t\t\t\t<div class=\"elementor-image-box-wrapper\"><figure class=\"elementor-image-box-img\"><a href=\"https:\/\/solucom.cl\/a\/producto\/aprenda-a-conducir-individual-mensual\/\" tabindex=\"-1\"><img decoding=\"async\" width=\"228\" height=\"180\" src=\"https:\/\/solucom.cl\/a\/wp-content\/uploads\/2024\/10\/requisitos-para-sacar-por-primera-vez-la-licencia-de-conducir.jpg\" class=\"attachment-full size-full wp-image-308\" alt=\"Requisitos para sacar por primera vez la licencia de conducir\" \/><\/a><\/figure><div class=\"elementor-image-box-content\"><h2 class=\"elementor-image-box-title\"><a href=\"https:\/\/solucom.cl\/a\/producto\/aprenda-a-conducir-individual-mensual\/\">Licencia o Brevete<\/a><\/h2><p class=\"elementor-image-box-description\">Y si considera todo el ahorro de combustible que har\u00e1\naplicando lo que le ense\u00f1o en las clases,\nver\u00e1 que en menos de un mes ya le sali\u00f3 el curso GRATIS.<\/p><\/div><\/div>\t\t\t\t<\/div>\n\t\t\t\t<\/div>\n\t\t\t\t<div class=\"elementor-element elementor-element-a8a59c9 elementor-widget elementor-widget-spacer\" data-id=\"a8a59c9\" data-element_type=\"widget\" data-widget_type=\"spacer.default\">\n\t\t\t\t<div class=\"elementor-widget-container\">\n\t\t\t\t\t\t\t<div class=\"elementor-spacer\">\n\t\t\t<div class=\"elementor-spacer-inner\"><\/div>\n\t\t<\/div>\n\t\t\t\t\t\t<\/div>\n\t\t\t\t<\/div>\n\t\t\t\t<div class=\"elementor-element elementor-element-e692e4c elementor-widget elementor-widget-text-editor\" data-id=\"e692e4c\" data-element_type=\"widget\" data-widget_type=\"text-editor.default\">\n\t\t\t\t<div class=\"elementor-widget-container\">\n\t\t\t\t\t\t\t\t\t<ul><li>donde asiste a clases cuando quiere,<\/li><li>desde el lugar que mejor le acomode,<\/li><li>donde puedes repetir las pruebas hasta aprobarlas,<\/li><li>donde cuenta con soporte por email<\/li><li>y telef\u00f3nico para pasar las lecciones r\u00e1pidamente,<\/li><li>a un precio que puede pagar f\u00e1cilmente,<\/li><li>sabiendo que le est\u00e1 dando a su familia lo mejor,<\/li><li>y con resultados garantizados?\u00a0<\/li><\/ul>\t\t\t\t\t\t\t\t<\/div>\n\t\t\t\t<\/div>\n\t\t\t\t\t<\/div>\n\t\t\t\t<\/div>\n\t\t<div class=\"elementor-element elementor-element-2efa82b e-flex e-con-boxed e-con e-parent\" data-id=\"2efa82b\" data-element_type=\"container\">\n\t\t\t\t\t<div class=\"e-con-inner\">\n\t\t\t\t<div class=\"elementor-element elementor-element-b94d847 elementor-widget elementor-widget-spacer\" data-id=\"b94d847\" data-element_type=\"widget\" data-widget_type=\"spacer.default\">\n\t\t\t\t<div class=\"elementor-widget-container\">\n\t\t\t\t\t\t\t<div class=\"elementor-spacer\">\n\t\t\t<div class=\"elementor-spacer-inner\"><\/div>\n\t\t<\/div>\n\t\t\t\t\t\t<\/div>\n\t\t\t\t<\/div>\n\t\t\t\t<div class=\"elementor-element elementor-element-7f959fd elementor-widget elementor-widget-testimonial\" data-id=\"7f959fd\" data-element_type=\"widget\" data-widget_type=\"testimonial.default\">\n\t\t\t\t<div class=\"elementor-widget-container\">\n\t\t\t\t\t\t\t<div class=\"elementor-testimonial-wrapper\">\n\t\t\t\t\t\t\t<div class=\"elementor-testimonial-content\">prepar\u00e9 un curso muy simple,\nbasado en mis muchos a\u00f1os de experiencia pr\u00e1ctica como conductor e instructor,\ncon miles de alumnos que sab\u00edan nada de esto\ny quedaron conduciendo como verdaderos profesionales del volante!<\/div>\n\t\t\t\n\t\t\t\t\t\t<div class=\"elementor-testimonial-meta elementor-has-image elementor-testimonial-image-position-aside\">\n\t\t\t\t<div class=\"elementor-testimonial-meta-inner\">\n\t\t\t\t\t\t\t\t\t\t\t<div class=\"elementor-testimonial-image\">\n\t\t\t\t\t\t\t<a href=\"https:\/\/solucom.cl\/a\/curso-aprenda-a-conducir-por-internet\/\"><img decoding=\"async\" width=\"241\" height=\"180\" src=\"https:\/\/solucom.cl\/a\/wp-content\/uploads\/2024\/10\/obtener-permiso-de-conducir.jpg\" class=\"attachment-full size-full wp-image-298\" alt=\"Obtener permiso de conducir\" \/><\/a>\t\t\t\t\t\t<\/div>\n\t\t\t\t\t\n\t\t\t\t\t\t\t\t\t\t<div class=\"elementor-testimonial-details\">\n\t\t\t\t\t\t\t\t\t\t\t\t\t\t<a class=\"elementor-testimonial-name\" href=\"https:\/\/solucom.cl\/a\/curso-aprenda-a-conducir-por-internet\/\">Luis Galdames<\/a>\n\t\t\t\t\t\t\t\t\t\t\t\t\t\t\t\t\t\t\t\t\t\t<a class=\"elementor-testimonial-job\" href=\"https:\/\/solucom.cl\/a\/curso-aprenda-a-conducir-por-internet\/\">Director ECP<\/a>\n\t\t\t\t\t\t\t\t\t\t\t\t\t<\/div>\n\t\t\t\t\t\t\t\t\t<\/div>\n\t\t\t<\/div>\n\t\t\t\t\t<\/div>\n\t\t\t\t\t\t<\/div>\n\t\t\t\t<\/div>\n\t\t\t\t<div class=\"elementor-element elementor-element-b4737f3 elementor-widget elementor-widget-spacer\" data-id=\"b4737f3\" data-element_type=\"widget\" data-widget_type=\"spacer.default\">\n\t\t\t\t<div class=\"elementor-widget-container\">\n\t\t\t\t\t\t\t<div class=\"elementor-spacer\">\n\t\t\t<div class=\"elementor-spacer-inner\"><\/div>\n\t\t<\/div>\n\t\t\t\t\t\t<\/div>\n\t\t\t\t<\/div>\n\t\t\t\t<div class=\"elementor-element elementor-element-0cb3180 elementor-position-top elementor-widget elementor-widget-image-box\" data-id=\"0cb3180\" data-element_type=\"widget\" data-widget_type=\"image-box.default\">\n\t\t\t\t<div class=\"elementor-widget-container\">\n\t\t\t\t\t<div class=\"elementor-image-box-wrapper\"><figure class=\"elementor-image-box-img\"><a href=\"https:\/\/solucom.cl\/a\/saca-tu-licencia-de-conducir\/\" tabindex=\"-1\"><img fetchpriority=\"high\" decoding=\"async\" width=\"300\" height=\"168\" src=\"https:\/\/solucom.cl\/a\/wp-content\/uploads\/2024\/10\/apr1.jpeg\" class=\"attachment-full size-full wp-image-91\" alt=\"Aprenda a Conducir\" \/><\/a><\/figure><div class=\"elementor-image-box-content\"><h3 class=\"elementor-image-box-title\"><a href=\"https:\/\/solucom.cl\/a\/saca-tu-licencia-de-conducir\/\">Aclaremos<\/a><\/h3><p class=\"elementor-image-box-description\">La conducci\u00f3n de veh\u00edculos motorizados es exactamente igual a todas las otras profesiones,\ndonde tienes que tener un conocimiento previo de las bases de la actividad,\no entonces esa actividad no puede ser realizada responsablemente.<\/p><\/div><\/div>\t\t\t\t<\/div>\n\t\t\t\t<\/div>\n\t\t\t\t<div class=\"elementor-element elementor-element-3abbe91 elementor-widget elementor-widget-spacer\" data-id=\"3abbe91\" data-element_type=\"widget\" data-widget_type=\"spacer.default\">\n\t\t\t\t<div class=\"elementor-widget-container\">\n\t\t\t\t\t\t\t<div class=\"elementor-spacer\">\n\t\t\t<div class=\"elementor-spacer-inner\"><\/div>\n\t\t<\/div>\n\t\t\t\t\t\t<\/div>\n\t\t\t\t<\/div>\n\t\t\t\t<div class=\"elementor-element elementor-element-cc9d749 elementor-widget elementor-widget-heading\" data-id=\"cc9d749\" data-element_type=\"widget\" data-widget_type=\"heading.default\">\n\t\t\t\t<div class=\"elementor-widget-container\">\n\t\t\t\t\t<h2 class=\"elementor-heading-title elementor-size-default\"><a href=\"https:\/\/solucom.cl\/a\/a-donde-se-saca-la-licencia-de-conducir\/\">\u00a1IMPORTANTE: sirve para todo pais que conduce por la derecha!<\/a><\/h2>\t\t\t\t<\/div>\n\t\t\t\t<\/div>\n\t\t\t\t<div class=\"elementor-element elementor-element-5fd9395 elementor-widget elementor-widget-spacer\" data-id=\"5fd9395\" data-element_type=\"widget\" data-widget_type=\"spacer.default\">\n\t\t\t\t<div class=\"elementor-widget-container\">\n\t\t\t\t\t\t\t<div class=\"elementor-spacer\">\n\t\t\t<div class=\"elementor-spacer-inner\"><\/div>\n\t\t<\/div>\n\t\t\t\t\t\t<\/div>\n\t\t\t\t<\/div>\n\t\t\t\t<div class=\"elementor-element elementor-element-64c611e elementor-button-success elementor-align-center elementor-widget__width-auto elementor-widget elementor-widget-button\" data-id=\"64c611e\" data-element_type=\"widget\" data-widget_type=\"button.default\">\n\t\t\t\t<div class=\"elementor-widget-container\">\n\t\t\t\t\t\t\t\t\t<div class=\"elementor-button-wrapper\">\n\t\t\t\t\t<a class=\"elementor-button elementor-button-link elementor-size-sm\" href=\"https:\/\/solucom.cl\/a\/?post_type=product\" id=\"aprenda\">\n\t\t\t\t\t\t<span class=\"elementor-button-content-wrapper\">\n\t\t\t\t\t\t<span class=\"elementor-button-icon\">\n\t\t\t\t<svg aria-hidden=\"true\" class=\"e-font-icon-svg e-far-folder-open\" viewBox=\"0 0 576 512\" xmlns=\"http:\/\/www.w3.org\/2000\/svg\"><path d=\"M527.9 224H480v-48c0-26.5-21.5-48-48-48H272l-64-64H48C21.5 64 0 85.5 0 112v288c0 26.5 21.5 48 48 48h400c16.5 0 31.9-8.5 40.7-22.6l79.9-128c20-31.9-3-73.4-40.7-73.4zM48 118c0-3.3 2.7-6 6-6h134.1l64 64H426c3.3 0 6 2.7 6 6v42H152c-16.8 0-32.4 8.8-41.1 23.2L48 351.4zm400 282H72l77.2-128H528z\"><\/path><\/svg>\t\t\t<\/span>\n\t\t\t\t\t\t\t\t\t<span class=\"elementor-button-text\">Planes de Estudio<\/span>\n\t\t\t\t\t<\/span>\n\t\t\t\t\t<\/a>\n\t\t\t\t<\/div>\n\t\t\t\t\t\t\t\t<\/div>\n\t\t\t\t<\/div>\n\t\t\t\t<div class=\"elementor-element elementor-element-b820ab4 elementor-widget elementor-widget-spacer\" data-id=\"b820ab4\" data-element_type=\"widget\" data-widget_type=\"spacer.default\">\n\t\t\t\t<div class=\"elementor-widget-container\">\n\t\t\t\t\t\t\t<div class=\"elementor-spacer\">\n\t\t\t<div class=\"elementor-spacer-inner\"><\/div>\n\t\t<\/div>\n\t\t\t\t\t\t<\/div>\n\t\t\t\t<\/div>\n\t\t\t\t\t<\/div>\n\t\t\t\t<\/div>\n\t\t<div class=\"elementor-element elementor-element-da0a573 e-flex e-con-boxed e-con e-parent\" data-id=\"da0a573\" data-element_type=\"container\">\n\t\t\t\t\t<div class=\"e-con-inner\">\n\t\t\t\t<div class=\"elementor-element elementor-element-3428b8b elementor-widget elementor-widget-image-gallery\" data-id=\"3428b8b\" data-element_type=\"widget\" data-widget_type=\"image-gallery.default\">\n\t\t\t\t<div class=\"elementor-widget-container\">\n\t\t\t\t\t\t\t<div class=\"elementor-image-gallery\">\n\t\t\t<div id='gallery-1' class='gallery galleryid-372 gallery-columns-4 gallery-size-thumbnail'><figure class='gallery-item'>\n\t\t\t<div class='gallery-icon landscape'>\n\t\t\t\t<a data-elementor-open-lightbox=\"yes\" data-elementor-lightbox-slideshow=\"3428b8b\" data-elementor-lightbox-title=\"Aprenda a Conducir por Internet\" data-elementor-lightbox-description=\"Aprenda a Conducir por Internet\" data-e-action-hash=\"#elementor-action%3Aaction%3Dlightbox%26settings%3DeyJpZCI6MjMyLCJ1cmwiOiJodHRwczpcL1wvc29sdWNvbS5jbFwvYVwvd3AtY29udGVudFwvdXBsb2Fkc1wvMjAyNFwvMTBcL2NvbmR1Y2UzLmpwZyIsInNsaWRlc2hvdyI6IjM0MjhiOGIifQ%3D%3D\" href='https:\/\/solucom.cl\/a\/curso-aprenda-a-conducir-por-internet\/conduce3\/'><img loading=\"lazy\" decoding=\"async\" width=\"150\" height=\"150\" src=\"https:\/\/solucom.cl\/a\/wp-content\/uploads\/2024\/10\/conduce3-150x150.jpg\" class=\"attachment-thumbnail size-thumbnail\" alt=\"Aprenda a Conducir por Internet\" aria-describedby=\"gallery-1-232\" srcset=\"https:\/\/solucom.cl\/a\/wp-content\/uploads\/2024\/10\/conduce3-150x150.jpg 150w, https:\/\/solucom.cl\/a\/wp-content\/uploads\/2024\/10\/conduce3-144x144.jpg 144w, https:\/\/solucom.cl\/a\/wp-content\/uploads\/2024\/10\/conduce3-100x100.jpg 100w\" sizes=\"(max-width: 150px) 100vw, 150px\" \/><\/a>\n\t\t\t<\/div>\n\t\t\t\t<figcaption class='wp-caption-text gallery-caption' id='gallery-1-232'>\n\t\t\t\tAprenda a Conducir por Internet\n\t\t\t\t<\/figcaption><\/figure><figure class='gallery-item'>\n\t\t\t<div class='gallery-icon landscape'>\n\t\t\t\t<a data-elementor-open-lightbox=\"yes\" data-elementor-lightbox-slideshow=\"3428b8b\" data-elementor-lightbox-title=\"curso conducir online\" data-elementor-lightbox-description=\"curso conducir online\" data-e-action-hash=\"#elementor-action%3Aaction%3Dlightbox%26settings%3DeyJpZCI6NzgsInVybCI6Imh0dHBzOlwvXC9zb2x1Y29tLmNsXC9hXC93cC1jb250ZW50XC91cGxvYWRzXC8yMDI0XC8xMFwvYXByZW5kZWFjb25kdWNpci5qcGciLCJzbGlkZXNob3ciOiIzNDI4YjhiIn0%3D\" href='https:\/\/solucom.cl\/a\/?attachment_id=78'><img loading=\"lazy\" decoding=\"async\" width=\"150\" height=\"150\" src=\"https:\/\/solucom.cl\/a\/wp-content\/uploads\/2024\/10\/aprendeaconducir-150x150.jpg\" class=\"attachment-thumbnail size-thumbnail\" alt=\"curso conducir online\" aria-describedby=\"gallery-1-78\" srcset=\"https:\/\/solucom.cl\/a\/wp-content\/uploads\/2024\/10\/aprendeaconducir-150x150.jpg 150w, https:\/\/solucom.cl\/a\/wp-content\/uploads\/2024\/10\/aprendeaconducir-144x144.jpg 144w, https:\/\/solucom.cl\/a\/wp-content\/uploads\/2024\/10\/aprendeaconducir-300x300.jpg 300w, https:\/\/solucom.cl\/a\/wp-content\/uploads\/2024\/10\/aprendeaconducir-100x100.jpg 100w\" sizes=\"(max-width: 150px) 100vw, 150px\" \/><\/a>\n\t\t\t<\/div>\n\t\t\t\t<figcaption class='wp-caption-text gallery-caption' id='gallery-1-78'>\n\t\t\t\tcurso conducir online\n\t\t\t\t<\/figcaption><\/figure><figure class='gallery-item'>\n\t\t\t<div class='gallery-icon landscape'>\n\t\t\t\t<a data-elementor-open-lightbox=\"yes\" data-elementor-lightbox-slideshow=\"3428b8b\" data-elementor-lightbox-title=\"Aprenda a Conducir\" data-elementor-lightbox-description=\"Aprenda a Conducir\" data-e-action-hash=\"#elementor-action%3Aaction%3Dlightbox%26settings%3DeyJpZCI6NzEsInVybCI6Imh0dHBzOlwvXC9zb2x1Y29tLmNsXC9hXC93cC1jb250ZW50XC91cGxvYWRzXC8yMDI0XC8xMFwvYXByZW5kZXIuanBnIiwic2xpZGVzaG93IjoiMzQyOGI4YiJ9\" href='https:\/\/solucom.cl\/a\/?attachment_id=71'><img loading=\"lazy\" decoding=\"async\" width=\"150\" height=\"150\" src=\"https:\/\/solucom.cl\/a\/wp-content\/uploads\/2024\/10\/aprender-150x150.jpg\" class=\"attachment-thumbnail size-thumbnail\" alt=\"Aprenda a Conducir\" aria-describedby=\"gallery-1-71\" srcset=\"https:\/\/solucom.cl\/a\/wp-content\/uploads\/2024\/10\/aprender-150x150.jpg 150w, https:\/\/solucom.cl\/a\/wp-content\/uploads\/2024\/10\/aprender-144x144.jpg 144w, https:\/\/solucom.cl\/a\/wp-content\/uploads\/2024\/10\/aprender-100x100.jpg 100w\" sizes=\"(max-width: 150px) 100vw, 150px\" \/><\/a>\n\t\t\t<\/div>\n\t\t\t\t<figcaption class='wp-caption-text gallery-caption' id='gallery-1-71'>\n\t\t\t\tAprenda a Conducir\n\t\t\t\t<\/figcaption><\/figure><figure class='gallery-item'>\n\t\t\t<div class='gallery-icon landscape'>\n\t\t\t\t<a data-elementor-open-lightbox=\"yes\" data-elementor-lightbox-slideshow=\"3428b8b\" data-elementor-lightbox-title=\"Aprenda a Conducir\" data-elementor-lightbox-description=\"Aprenda a Conducir\" data-e-action-hash=\"#elementor-action%3Aaction%3Dlightbox%26settings%3DeyJpZCI6NzUsInVybCI6Imh0dHBzOlwvXC9zb2x1Y29tLmNsXC9hXC93cC1jb250ZW50XC91cGxvYWRzXC8yMDI0XC8xMFwvZml2ZXJyLTMuanBnIiwic2xpZGVzaG93IjoiMzQyOGI4YiJ9\" href='https:\/\/solucom.cl\/a\/?attachment_id=75'><img loading=\"lazy\" decoding=\"async\" width=\"150\" height=\"150\" src=\"https:\/\/solucom.cl\/a\/wp-content\/uploads\/2024\/10\/fiverr-3-150x150.jpg\" class=\"attachment-thumbnail size-thumbnail\" alt=\"Aprenda a Conducir\" aria-describedby=\"gallery-1-75\" srcset=\"https:\/\/solucom.cl\/a\/wp-content\/uploads\/2024\/10\/fiverr-3-150x150.jpg 150w, https:\/\/solucom.cl\/a\/wp-content\/uploads\/2024\/10\/fiverr-3-300x300.jpg 300w, https:\/\/solucom.cl\/a\/wp-content\/uploads\/2024\/10\/fiverr-3-768x766.jpg 768w, https:\/\/solucom.cl\/a\/wp-content\/uploads\/2024\/10\/fiverr-3-144x144.jpg 144w, https:\/\/solucom.cl\/a\/wp-content\/uploads\/2024\/10\/fiverr-3-600x599.jpg 600w, https:\/\/solucom.cl\/a\/wp-content\/uploads\/2024\/10\/fiverr-3-100x100.jpg 100w, https:\/\/solucom.cl\/a\/wp-content\/uploads\/2024\/10\/fiverr-3.jpg 978w\" sizes=\"(max-width: 150px) 100vw, 150px\" \/><\/a>\n\t\t\t<\/div>\n\t\t\t\t<figcaption class='wp-caption-text gallery-caption' id='gallery-1-75'>\n\t\t\t\tAprenda a Conducir\n\t\t\t\t<\/figcaption><\/figure><figure class='gallery-item'>\n\t\t\t<div class='gallery-icon landscape'>\n\t\t\t\t<a data-elementor-open-lightbox=\"yes\" data-elementor-lightbox-slideshow=\"3428b8b\" data-elementor-lightbox-title=\"Requisitos para sacar por primera vez la licencia de conducir\" data-elementor-lightbox-description=\"Requisitos para sacar por primera vez la licencia de conducir\" data-e-action-hash=\"#elementor-action%3Aaction%3Dlightbox%26settings%3DeyJpZCI6MzA4LCJ1cmwiOiJodHRwczpcL1wvc29sdWNvbS5jbFwvYVwvd3AtY29udGVudFwvdXBsb2Fkc1wvMjAyNFwvMTBcL3JlcXVpc2l0b3MtcGFyYS1zYWNhci1wb3ItcHJpbWVyYS12ZXotbGEtbGljZW5jaWEtZGUtY29uZHVjaXIuanBnIiwic2xpZGVzaG93IjoiMzQyOGI4YiJ9\" href='https:\/\/solucom.cl\/a\/requisitos-para-sacar-por-primera-vez-la-licencia-de-conducir\/requisitos-para-sacar-por-primera-vez-la-licencia-de-conducir-2\/'><img loading=\"lazy\" decoding=\"async\" width=\"150\" height=\"150\" src=\"https:\/\/solucom.cl\/a\/wp-content\/uploads\/2024\/10\/requisitos-para-sacar-por-primera-vez-la-licencia-de-conducir-150x150.jpg\" class=\"attachment-thumbnail size-thumbnail\" alt=\"Requisitos para sacar por primera vez la licencia de conducir\" aria-describedby=\"gallery-1-308\" srcset=\"https:\/\/solucom.cl\/a\/wp-content\/uploads\/2024\/10\/requisitos-para-sacar-por-primera-vez-la-licencia-de-conducir-150x150.jpg 150w, https:\/\/solucom.cl\/a\/wp-content\/uploads\/2024\/10\/requisitos-para-sacar-por-primera-vez-la-licencia-de-conducir-144x144.jpg 144w, https:\/\/solucom.cl\/a\/wp-content\/uploads\/2024\/10\/requisitos-para-sacar-por-primera-vez-la-licencia-de-conducir-100x100.jpg 100w\" sizes=\"(max-width: 150px) 100vw, 150px\" \/><\/a>\n\t\t\t<\/div>\n\t\t\t\t<figcaption class='wp-caption-text gallery-caption' id='gallery-1-308'>\n\t\t\t\tRequisitos para sacar por primera vez la licencia de conducir\n\t\t\t\t<\/figcaption><\/figure><figure class='gallery-item'>\n\t\t\t<div class='gallery-icon landscape'>\n\t\t\t\t<a data-elementor-open-lightbox=\"yes\" data-elementor-lightbox-slideshow=\"3428b8b\" data-elementor-lightbox-title=\"Aprenda a Conducir\" data-elementor-lightbox-description=\"Aprenda a Conducir\" data-e-action-hash=\"#elementor-action%3Aaction%3Dlightbox%26settings%3DeyJpZCI6OTEsInVybCI6Imh0dHBzOlwvXC9zb2x1Y29tLmNsXC9hXC93cC1jb250ZW50XC91cGxvYWRzXC8yMDI0XC8xMFwvYXByMS5qcGVnIiwic2xpZGVzaG93IjoiMzQyOGI4YiJ9\" href='https:\/\/solucom.cl\/a\/?attachment_id=91'><img loading=\"lazy\" decoding=\"async\" width=\"150\" height=\"150\" src=\"https:\/\/solucom.cl\/a\/wp-content\/uploads\/2024\/10\/apr1-150x150.jpeg\" class=\"attachment-thumbnail size-thumbnail\" alt=\"Aprenda a Conducir\" aria-describedby=\"gallery-1-91\" srcset=\"https:\/\/solucom.cl\/a\/wp-content\/uploads\/2024\/10\/apr1-150x150.jpeg 150w, https:\/\/solucom.cl\/a\/wp-content\/uploads\/2024\/10\/apr1-144x144.jpeg 144w, https:\/\/solucom.cl\/a\/wp-content\/uploads\/2024\/10\/apr1-100x100.jpeg 100w\" sizes=\"(max-width: 150px) 100vw, 150px\" \/><\/a>\n\t\t\t<\/div>\n\t\t\t\t<figcaption class='wp-caption-text gallery-caption' id='gallery-1-91'>\n\t\t\t\tAprenda a Conducir\n\t\t\t\t<\/figcaption><\/figure><figure class='gallery-item'>\n\t\t\t<div class='gallery-icon landscape'>\n\t\t\t\t<a data-elementor-open-lightbox=\"yes\" data-elementor-lightbox-slideshow=\"3428b8b\" data-elementor-lightbox-title=\"Obtener permiso de conducir\" data-elementor-lightbox-description=\"Obtener permiso de conducir\" data-e-action-hash=\"#elementor-action%3Aaction%3Dlightbox%26settings%3DeyJpZCI6Mjk4LCJ1cmwiOiJodHRwczpcL1wvc29sdWNvbS5jbFwvYVwvd3AtY29udGVudFwvdXBsb2Fkc1wvMjAyNFwvMTBcL29idGVuZXItcGVybWlzby1kZS1jb25kdWNpci5qcGciLCJzbGlkZXNob3ciOiIzNDI4YjhiIn0%3D\" href='https:\/\/solucom.cl\/a\/obtener-permiso-de-conducir\/obtener-permiso-de-conducir-2\/'><img loading=\"lazy\" decoding=\"async\" width=\"150\" height=\"150\" src=\"https:\/\/solucom.cl\/a\/wp-content\/uploads\/2024\/10\/obtener-permiso-de-conducir-150x150.jpg\" class=\"attachment-thumbnail size-thumbnail\" alt=\"Obtener permiso de conducir\" aria-describedby=\"gallery-1-298\" srcset=\"https:\/\/solucom.cl\/a\/wp-content\/uploads\/2024\/10\/obtener-permiso-de-conducir-150x150.jpg 150w, https:\/\/solucom.cl\/a\/wp-content\/uploads\/2024\/10\/obtener-permiso-de-conducir-144x144.jpg 144w, https:\/\/solucom.cl\/a\/wp-content\/uploads\/2024\/10\/obtener-permiso-de-conducir-100x100.jpg 100w\" sizes=\"(max-width: 150px) 100vw, 150px\" \/><\/a>\n\t\t\t<\/div>\n\t\t\t\t<figcaption class='wp-caption-text gallery-caption' id='gallery-1-298'>\n\t\t\t\tObtener permiso de conducir\n\t\t\t\t<\/figcaption><\/figure><figure class='gallery-item'>\n\t\t\t<div class='gallery-icon landscape'>\n\t\t\t\t<a data-elementor-open-lightbox=\"yes\" data-elementor-lightbox-slideshow=\"3428b8b\" data-elementor-lightbox-title=\"A donde se saca la licencia de conducir\" data-elementor-lightbox-description=\"A donde se saca la licencia de conducir\" data-e-action-hash=\"#elementor-action%3Aaction%3Dlightbox%26settings%3DeyJpZCI6MjQ0LCJ1cmwiOiJodHRwczpcL1wvc29sdWNvbS5jbFwvYVwvd3AtY29udGVudFwvdXBsb2Fkc1wvMjAyNFwvMTBcL2EtZG9uZGUtc2Utc2FjYS1sYS1saWNlbmNpYS1kZS1jb25kdWNpci5qcGciLCJzbGlkZXNob3ciOiIzNDI4YjhiIn0%3D\" href='https:\/\/solucom.cl\/a\/a-donde-se-saca-la-licencia-de-conducir\/a-donde-se-saca-la-licencia-de-conducir-2\/'><img loading=\"lazy\" decoding=\"async\" width=\"150\" height=\"150\" src=\"https:\/\/solucom.cl\/a\/wp-content\/uploads\/2024\/10\/a-donde-se-saca-la-licencia-de-conducir-150x150.jpg\" class=\"attachment-thumbnail size-thumbnail\" alt=\"A donde se saca la licencia de conducir\" aria-describedby=\"gallery-1-244\" srcset=\"https:\/\/solucom.cl\/a\/wp-content\/uploads\/2024\/10\/a-donde-se-saca-la-licencia-de-conducir-150x150.jpg 150w, https:\/\/solucom.cl\/a\/wp-content\/uploads\/2024\/10\/a-donde-se-saca-la-licencia-de-conducir-144x144.jpg 144w, https:\/\/solucom.cl\/a\/wp-content\/uploads\/2024\/10\/a-donde-se-saca-la-licencia-de-conducir-100x100.jpg 100w\" sizes=\"(max-width: 150px) 100vw, 150px\" \/><\/a>\n\t\t\t<\/div>\n\t\t\t\t<figcaption class='wp-caption-text gallery-caption' id='gallery-1-244'>\n\t\t\t\tA donde se saca la licencia de conducir\n\t\t\t\t<\/figcaption><\/figure>\n\t\t<\/div>\n\t\t<\/div>\n\t\t\t\t\t\t<\/div>\n\t\t\t\t<\/div>\n\t\t\t\t\t<\/div>\n\t\t\t\t<\/div>\n\t\t\t\t<\/div>\n\t\t","protected":false},"excerpt":{"rendered":"<p>Licencia de Conducir Veh\u00edculos Motorizados clase &#8220;B&#8221; Licencia o Brevete Y si considera todo el ahorro de combustible que har\u00e1 aplicando lo que le ense\u00f1o en las clases, ver\u00e1 que en menos de un mes ya le sali\u00f3 el curso GRATIS. donde asiste a clases cuando quiere, desde el lugar que mejor le acomode, donde [&hellip;]<\/p>\n","protected":false},"author":1,"featured_media":0,"parent":0,"menu_order":0,"comment_status":"closed","ping_status":"closed","template":"","meta":{"_joinchat":[],"footnotes":""},"class_list":["post-372","page","type-page","status-publish","hentry"],"_links":{"self":[{"href":"https:\/\/solucom.cl\/a\/wp-json\/wp\/v2\/pages\/372"}],"collection":[{"href":"https:\/\/solucom.cl\/a\/wp-json\/wp\/v2\/pages"}],"about":[{"href":"https:\/\/solucom.cl\/a\/wp-json\/wp\/v2\/types\/page"}],"author":[{"embeddable":true,"href":"https:\/\/solucom.cl\/a\/wp-json\/wp\/v2\/users\/1"}],"replies":[{"embeddable":true,"href":"https:\/\/solucom.cl\/a\/wp-json\/wp\/v2\/comments?post=372"}],"version-history":[{"count":9,"href":"https:\/\/solucom.cl\/a\/wp-json\/wp\/v2\/pages\/372\/revisions"}],"predecessor-version":[{"id":382,"href":"https:\/\/solucom.cl\/a\/wp-json\/wp\/v2\/pages\/372\/revisions\/382"}],"wp:attachment":[{"href":"https:\/\/solucom.cl\/a\/wp-json\/wp\/v2\/media?parent=372"}],"curies":[{"name":"wp","href":"https:\/\/api.w.org\/{rel}","templated":true}]}}