{"id":16,"date":"2024-10-04T02:22:22","date_gmt":"2024-10-04T05:22:22","guid":{"rendered":"https:\/\/solucom.cl\/a\/?product=black-and-white"},"modified":"2025-03-07T17:21:01","modified_gmt":"2025-03-07T20:21:01","slug":"aprenda-a-conducir-individual-mensual","status":"publish","type":"product","link":"https:\/\/solucom.cl\/a\/producto\/aprenda-a-conducir-individual-mensual\/","title":{"rendered":"Aprenda a Conducir Individual Mensual"},"content":{"rendered":"<p><strong>Curso en l\u00ednea para aprender a conducir veh\u00edculos motorizados, con vigencia por 1 mes.<\/strong><\/p>\n","protected":false},"excerpt":{"rendered":"<p>M\u00e9todo propio \u00fanico garantiza que aprendes a ser real profesional de la conducci\u00f3n.<\/p>\n<p>Equivale a CLP $25.940 pesos chilenos, toca en Agregar al Carrito para pagar por transferencia bancaria.<\/p>\n","protected":false},"featured_media":75,"comment_status":"open","ping_status":"closed","template":"","meta":{"_joinchat":[]},"product_cat":[19,27],"product_tag":[21,28],"class_list":{"0":"post-16","1":"product","2":"type-product","3":"status-publish","4":"has-post-thumbnail","6":"product_cat-aprenda-a-conducir","7":"product_cat-individual-mensual","8":"product_tag-aprenda-a-conducir","9":"product_tag-individual-mensual","11":"first","12":"instock","13":"sale","14":"downloadable","15":"virtual","16":"taxable","17":"purchasable","18":"product-type-simple"},"_links":{"self":[{"href":"https:\/\/solucom.cl\/a\/wp-json\/wp\/v2\/product\/16"}],"collection":[{"href":"https:\/\/solucom.cl\/a\/wp-json\/wp\/v2\/product"}],"about":[{"href":"https:\/\/solucom.cl\/a\/wp-json\/wp\/v2\/types\/product"}],"replies":[{"embeddable":true,"href":"https:\/\/solucom.cl\/a\/wp-json\/wp\/v2\/comments?post=16"}],"version-history":[{"count":4,"href":"https:\/\/solucom.cl\/a\/wp-json\/wp\/v2\/product\/16\/revisions"}],"predecessor-version":[{"id":76,"href":"https:\/\/solucom.cl\/a\/wp-json\/wp\/v2\/product\/16\/revisions\/76"}],"wp:featuredmedia":[{"embeddable":true,"href":"https:\/\/solucom.cl\/a\/wp-json\/wp\/v2\/media\/75"}],"wp:attachment":[{"href":"https:\/\/solucom.cl\/a\/wp-json\/wp\/v2\/media?parent=16"}],"wp:term":[{"taxonomy":"product_cat","embeddable":true,"href":"https:\/\/solucom.cl\/a\/wp-json\/wp\/v2\/product_cat?post=16"},{"taxonomy":"product_tag","embeddable":true,"href":"https:\/\/solucom.cl\/a\/wp-json\/wp\/v2\/product_tag?post=16"}],"curies":[{"name":"wp","href":"https:\/\/api.w.org\/{rel}","templated":true}]}}