{"id":17,"date":"2024-10-04T02:22:23","date_gmt":"2024-10-04T05:22:23","guid":{"rendered":"https:\/\/solucom.cl\/a\/?product=leather-clad-leisure-chair"},"modified":"2025-03-07T17:18:44","modified_gmt":"2025-03-07T20:18:44","slug":"aprenda-a-conducir-individual-perenne","status":"publish","type":"product","link":"https:\/\/solucom.cl\/a\/producto\/aprenda-a-conducir-individual-perenne\/","title":{"rendered":"Aprenda a Conducir Individual Perenne"},"content":{"rendered":"<p><strong>Curso en l\u00ednea para aprender a conducir veh\u00edculos motorizados con vigencia para siempre.<\/strong><\/p>\n","protected":false},"excerpt":{"rendered":"<p><strong>M\u00e9todo propio \u00fanico garantiza que aprendes a ser real profesional de la conducci\u00f3n.<\/strong><\/p>\n<p>Equivale a CLP $81.920 pesos chilenos,\u00a0 toca en Agregar al Carrito para pagar por transferencia bancaria.<\/p>\n","protected":false},"featured_media":71,"comment_status":"open","ping_status":"closed","template":"","meta":{"_joinchat":[]},"product_cat":[19,20],"product_tag":[21,22],"class_list":{"0":"post-17","1":"product","2":"type-product","3":"status-publish","4":"has-post-thumbnail","6":"product_cat-aprenda-a-conducir","7":"product_cat-perenne-individual","8":"product_tag-aprenda-a-conducir","9":"product_tag-perenne-individual","11":"first","12":"instock","13":"sale","14":"featured","15":"downloadable","16":"virtual","17":"taxable","18":"purchasable","19":"product-type-simple"},"_links":{"self":[{"href":"https:\/\/solucom.cl\/a\/wp-json\/wp\/v2\/product\/17"}],"collection":[{"href":"https:\/\/solucom.cl\/a\/wp-json\/wp\/v2\/product"}],"about":[{"href":"https:\/\/solucom.cl\/a\/wp-json\/wp\/v2\/types\/product"}],"replies":[{"embeddable":true,"href":"https:\/\/solucom.cl\/a\/wp-json\/wp\/v2\/comments?post=17"}],"version-history":[{"count":3,"href":"https:\/\/solucom.cl\/a\/wp-json\/wp\/v2\/product\/17\/revisions"}],"predecessor-version":[{"id":2339,"href":"https:\/\/solucom.cl\/a\/wp-json\/wp\/v2\/product\/17\/revisions\/2339"}],"wp:featuredmedia":[{"embeddable":true,"href":"https:\/\/solucom.cl\/a\/wp-json\/wp\/v2\/media\/71"}],"wp:attachment":[{"href":"https:\/\/solucom.cl\/a\/wp-json\/wp\/v2\/media?parent=17"}],"wp:term":[{"taxonomy":"product_cat","embeddable":true,"href":"https:\/\/solucom.cl\/a\/wp-json\/wp\/v2\/product_cat?post=17"},{"taxonomy":"product_tag","embeddable":true,"href":"https:\/\/solucom.cl\/a\/wp-json\/wp\/v2\/product_tag?post=17"}],"curies":[{"name":"wp","href":"https:\/\/api.w.org\/{rel}","templated":true}]}}