{"id":38,"date":"2011-09-10T23:55:41","date_gmt":"2011-09-10T23:55:41","guid":{"rendered":"http:\/\/www.solucom.cl\/aprenda\/?page_id=38"},"modified":"2021-02-09T00:27:28","modified_gmt":"2021-02-09T00:27:28","slug":"preguntas-frecuentes","status":"publish","type":"page","link":"https:\/\/solucom.cl\/aprenda\/preguntas-frecuentes\/","title":{"rendered":"<a href=\"https:\/\/solucom.cl\/aprenda\/FAQ\/PRFaprenda.php\">PreguntasFrecuentes<\/a>"},"content":{"rendered":"<p>Usted quiere aprender a Conducir Autom\u00f3viles que sirve para todo pais que conduce por la derecha a su propio ritmo y que sea r\u00e1pido y f\u00e1cil, \u00bfverdad?<br \/>\nPor cierto, tiene muchas dudas y preguntas al respecto, que le gustaria aclarar, cierto? <br \/>\n\tPues est\u00e1 en su pleno derecho a tener la mayor informacion posible.<br \/>\n<center><br \/>\n\t<b>Ahora yo voy a intentar esclarecer todas esas dudas, y si alguna se me pasa, por favor comun\u00edquese conmigo por cualquiera de las formas que le indico al final y me deja su comentario, \u00bfok?<\/b><\/center><br \/>\n\tEstas son las distintas Preguntas que he recibido frecuentemente:<\/p>\n<hr>\n<p>Agradezco que concuerdes conmigo en lo importante que es saber la teor\u00eda<br \/> de una actividad de tan alta responsabilidad como es conducir un vehiculo motorizado.<br \/>\nLa Ley de Tr\u00e1nsito por la que est\u00e1 construido mi Curso Aprenda a Conducir por Internet,  es la misma que rige en mas de 80 paises que la adoptaron en una convenci\u00f3n internacional celebrada en Viena en 1985. Argentina tambien es parte de los usuarios de esta reglamentaci\u00f3n,  de modo que yo dir\u00eda que al menos un 90{2dfcf2cf364a824ebe67adc0b0c6bdf4b7c5e8c574edc7f7bf5ca6143ff54925} de todo el curso  si es totalmente aplicable en Buenos Aires, en lo referente a reglamentaciones y se\u00f1alizaci\u00f3n.<br \/>\nAdem\u00e1s, considera que los conductores apenas llegan a utilizar y respetar un 60{2dfcf2cf364a824ebe67adc0b0c6bdf4b7c5e8c574edc7f7bf5ca6143ff54925} de todo el contenido de la ley,  de modo que te aseguro que, una vez hayas completado tu curso,  sabr\u00e1s mucho m\u00e1s que la mayor\u00eda de los conductores de cualquier pa\u00eds. Yo resid\u00ed durante 5 a\u00f1os en USA y all\u00e1 la ley es la misma, con los mismos letreros&#8230;.  y all\u00e1 si que se aplica la ley en todo su rigor.<br \/>\nEse mismo alto nivel de exigencia impuesto en USA yo lo he traspasado a las clases de mi curso, por eso es que garantizo a mis alumnos que podr\u00e1n conducir con absoluta confianza  en cualquier pais que conduzca por la derecha   (America del norte, centro y sur, y gran cantidad de paises en Europa, Asia, Africa y Ocean\u00eda).<br \/> Y el curso est\u00e1 estructurado de modo que solamente puedes avanzar a la lecci\u00f3n siguiente<br \/>\n cuando hayas rendido satisfactoriamente la prueba de evaluaci\u00f3n de cada lecci\u00f3n.<br \/>\nDe ese modo, tanto tu como yo estamos plenamente seguros de que has aprendido correctamente.<br \/>\nAdem\u00e1s, las preguntas de las pruebas del curso son todas capciosas,  es decir, puedes tener el texto abierto y estar leyendo la materia para responder la prueba,   pero si no has comprendido a fondo el contenido, aunque lo leas no lo pasas.<br \/>\n    Solamente apruebas cuando comprendes.<br \/>\nPor eso tengo el orgullo de decir que mis alumnos saben lejos mucho mas  que cualquier conductor con 30 a\u00f1os de experiencia (pero sin estudio).<br \/>\nAsi que te invito a que te inscribas como alumno,  para que puedas luego rendir tus examenes para obtener la licencia de conducir   y salir a manejar por cualquier ciudad o pais, sabiendo a ciencia cierta que est\u00e1s haciendo todo lo correcto,    de acuerdo con la t\u00e9cnica del fabricante del veh\u00edculo como tambien a lo establecido en la Ley de Tr\u00e1nsito.<\/p>\n<hr>\n<p>Felicitaciones por tan sabia desici\u00f3n.<br \/>\nPor favor ve todos los detalles aqui:    <a href='www.solucom.cl\/aprenda'>www.solucom.cl\/aprenda<\/a><br \/>\nEn especial mira el video del medio, que te muestra en real como se hace el curso. <br \/>Est\u00e1 en <a href='https:\/\/www.youtube.com\/v\/8e9boJhaUXI?hl=es&#038;fs=1'>[Ayuda]<\/a><br \/>\nHe tenido alumnos que lo han completado en una semana&#8230;   todo depende cuanto tiempo diario le quieras dedicar.<br \/>\nEn cuanto a precio y forma de pago,  <a href='https:\/\/www.solucom.cl\/aprenda\/?page_id=24'> haz click aqui <\/a><\/p>\n<hr>\n<p>Gracias por su interes en nuestro curso de conducir<br \/>\nEl valor del curso es de apenas <b>CL$ 30.570<\/b>  (us$ 47.00)<br \/>\nLos horarios son libres, usted determina a que hora estudia<br \/>\nLa forma de pago puede ser por deposito\/transferencia a <br \/>mi <b>cuentaRUT 5760860 del BancoEstado<\/b><br \/>\n o con tarjeta de credito via Paypal por <b>us$ 47.00<\/b><br \/>\nCon lo depreciado que est\u00e1 el dolar, le conviene comprar por Paypal pagando en dolar.<br \/>\nPara conocer mas detalles, visite en enlace a continuacion.   <a href='www.solucom.cl\/aprenda'>www.solucom.cl\/aprenda<\/a><br \/>\nHaciendo clic en la foto del chofer ver\u00e1 una presentaci\u00f3n de como funciona el curso.<\/p>\n<hr>\n<p>Gracias por el detalle&#8230;  ahora si le puedo guiar con presici\u00f3n.<br \/>\ntodo lo que usted ha hecho est\u00e1 correcto.<br \/>\nPero si usted lee bien esa pantalla donde dice &#8216;Texto a Estudiar&#8217;, ver\u00e1 indicaciones que le dicen que estudie la lecci\u00f3n y regrese a esta misma p\u00e1gina.<br \/>\nY como hace eso?  si usted se fija, el texto de bienvenida, que es la lecci\u00f3n,<br \/>\n se abre en una nueva lengueta del firefox, verdad?<br \/>\nEntonces, mire las lenguetas abiertas en firefox <br \/>\ny regrese a la que tiene la pantalla donde dice &#8216;Texto a Estudiar&#8217;<br \/>\nEn esa pantalla que dice &#8216;Texto a Estudiar&#8217;, en la parte de abajo, color rosado,<br \/>\n hay un bot\u00f3n que dice &#8216;Proceder a Analizar la Prueba&#8217;.<br \/>\nEntonces proceda a hacer click en ese bot\u00f3n para que le lleve a la pantalla<br \/>\n que le muestra las preguntas de la prueba.<br \/>\nEse es el procedimiento de todas las lecciones.<br \/>\nEso le permite que le quede abierta la lengueta con el texto de la lecci\u00f3n,<br \/>\nde modo que puede ver las preguntas de la prueba y buscar en el texto la respuesta.<br \/>\nEs facil, verdad?<br \/>\nEspero haberle aclarado su duda.<br \/>\ncaso contrario, favor me avisa de inmediato del problema.<br \/>\nencantado le ayudar\u00e9 en todo lo que necesite hasta lograrlo.<\/p>\n<hr>\n<p>Te abre la pagina de la leccion Bienvenida en una nueva pesta\u00f1a, verdad?<br \/>\nCuando termines de estudiar esa lecci\u00f3n, solo tienes que volver a la pesta\u00f1a anterior y seguir las indicaciones.<br \/>\nYa leiste la presentaci\u00f3n que te envi\u00e9 con las Instrucciones del Curso, que est\u00e1 en [Ayuda]?<br \/>\nCualquier duda, cuentas conmigo.<br \/>\nsi no estoy al computador, me puedes llamar a mi celular  <b>(569) 98422703<\/b>.<br \/>\ntienes todo mi apoyo y garant\u00eda de que todo funciona perfectamente.<br \/>\ny si algo no funciona bien, te lo arreglo de inmediato.<\/p>\n<hr>\n<p>Encantado le resolver\u00e9 cualquier problema que tenga con el curso,<br \/>\nS\u00f3lo d\u00edgame exactamente cual es el problema y le dar\u00e9 la soluci\u00f3n.<br \/>\nMe dijo primero que le aparec\u00eda solo codigo extra\u00f1o y le dije que era por causa del navegador Firefox.<br \/>\nEso lo correg\u00ed poniendo todas las lecciones en formato  PDF para que si las pueda abrir el Firefox<br \/>\nYo instal\u00e9 el Firefox para hacer las pruebas y me funciona perfectamente, abriendo las lecciones en PDF.<br \/>\nTalvez puede ser que usted no tenga instalado el programa que abre los PDF,  llamado  Acrobat Reader.<br \/>\nEn caso que no lo tenga,  haga click en este enlace   <a href='https:\/\/adobe-reader.softonic.com'>https:\/\/adobe-reader.softonic.com<\/a><br \/>y en la parte de abajo de la pantalla ver\u00e1 un icono grande verde y con letras azules la palabra  Descargar.<br \/>\nHaga click en Descargar y siga el dialogo para que lo tenga instalado en su computador.<br \/>\nTodos estos programas son probados y de gran prestigio, limpios y sin virus.<br \/>\nSi esto le resuelve el problema, por favor me lo avisa para estar tranquilo.<br \/>\nSi el problema continua, por favor me lo describe bien detallado para saber que hacer para ayudarle.<\/p>\n<hr>\n<p>El curso tiene vigencia por tres meses (90 d\u00edas),  pero si necesita mas tiempo me lo avisa, yo se lo extiendo.<br \/>\nLe cuento que he tenido alumnos que han terminado su curso en menos de una semana&#8230;  uno termino en tres d\u00edas!<br \/>\nAl terminar el curso, si usted lo requiere, si le entrego un Certificado por email o por correo normal.<br \/>\nEste curso SI le da garant\u00eda de que aprender\u00e1 y aprobar\u00e1 sin problema el examen municipal pertinente<br \/>\n y obtendr\u00e1 su licencia de conducir con muchas ventajas,<br \/>\n  porque consta de pruebas que debe aprobar para pasar al siguiente nivel.<br \/>\nUna vez inscrito (pagado por Paypal o deposito) y me envia los datos pedidos,  yo le envio la clave a usar para accesar su curso,   porque este curso est\u00e1 alojado en nuestro servidor,  con todos sus programas y bases de datos,  de modo que lo puede accesar desde cualquier lugar en que se encuentre y no desde un unico computador que lo tenga instalado.<br \/>\nPor la cotizaci\u00f3n actual baja del dolar, le conviene adquirirlo por Paypal.<br \/>\nPara inscribirse, use los enlaces aqui:  <a href='https:\/\/www.solucom.cl\/aprenda\/?page_id=24'>www.solucom.cl\/aprenda<\/a><br \/>\nCaso de cualquier otra duda, encantado le responder\u00e9 por este mismo email o por mi celular  <b>98422703<\/b>.<\/p>\n<hr>\n<p>Te felicito por tan sabia desici\u00f3n de aprender a conducir por internet.<br \/>\nYa te he inscrito como alumna regular del curso.<br \/>\nUn email te fu\u00e9 enviado por el sistema, indicando que ya eres parte de los alumnos  y te pide entres en un sitio a completar tus datos personales.<br \/>\nUna vez hayas completado esos datos, te ser\u00e1 enviado un nuevo email  con el enlace, usuario y password para ingresar al curso.<br \/>\nSi tu manejo en el computador es bueno y puedes copiar y pegar sin problemas,  entonces no ser\u00e1 necesario cambiar la clave&#8230;  mantienes la que el sistema genera en forma autom\u00e1tica, que es bien segura.<br \/>\nCaso te sea inc\u00f3modo esa clave tan grande y complicada,  entonces me avisas para cambiarla y poner esta que me has indicado.<br \/>\nPara adelantar tu avance, mira este video:  <a href='https:\/\/www.youtube.com\/v\/8e9boJhaUXI?hl=es&#038;fs=1'>https:\/\/www.youtube.com\/v\/8e9boJhaUXI?hl=es&#038;fs=1 <\/a><br \/>\n<center><img src='https:\/\/solucom.cl\/Imagenes\/logo-paypal.jpg' width='100'><\/p>\n<form action=\"https:\/\/www.paypal.com\/cgi-bin\/webscr\" method=\"post\" target=\"_top\">\n<input type=\"hidden\" name=\"cmd\" value=\"_s-xclick\"><br \/>\n<input type=\"hidden\" name=\"hosted_button_id\" value=\"AYGTX7JFM45SA\"><br \/>\n<input type=\"image\" src=\"https:\/\/www.paypalobjects.com\/es_ES\/ES\/i\/btn\/btn_buynowCC_LG.gif\" border=\"0\" name=\"submit\" alt=\"PayPal. La forma r\u00e1pida y segura de pagar en Internet.\"><br \/>\n<img loading=\"lazy\" alt=\"\" border=\"0\" src=\"https:\/\/www.paypalobjects.com\/en_US\/i\/scr\/pixel.gif\" width=\"1\" height=\"1\"><br \/>\n<\/form>\n<p><a href='https:\/\/www.solucom.cl\/aprenda\/?page_id=58' target='_blank' rel=\"noopener noreferrer\"> \t <font face='Tahoma' size='+0'><b>Inscr&iacute;base ahora mismo!<\/b>\t <\/font><br \/>\n<a href='https:\/\/www.solucom.cl\/aprenda\/?page_id=24' target='_blank' rel=\"noopener noreferrer\"><font face='Tahoma' size='+0'><b>Otras formas de Pago<\/b><\/font><\/center><\/p>\n","protected":false},"excerpt":{"rendered":"<p>Usted quiere aprender a Conducir Autom\u00f3viles que sirve para todo pais que conduce por la derecha a su propio ritmo y que sea r\u00e1pido y f\u00e1cil, \u00bfverdad? Por cierto, tiene muchas dudas y preguntas al respecto, que le gustaria aclarar, cierto? Pues est\u00e1 en su pleno derecho a tener la mayor informacion posible. Ahora yo &hellip; <a href=\"https:\/\/solucom.cl\/aprenda\/preguntas-frecuentes\/\" class=\"more-link\">Contin\u00fae leyendo <span class=\"screen-reader-text\"><a href=\"https:\/\/solucom.cl\/aprenda\/FAQ\/PRFaprenda.php\">PreguntasFrecuentes<\/a><\/span> <span class=\"meta-nav\">&rarr;<\/span><\/a><\/p>\n","protected":false},"author":1,"featured_media":0,"parent":0,"menu_order":3,"comment_status":"open","ping_status":"closed","template":"","meta":[],"_links":{"self":[{"href":"https:\/\/solucom.cl\/aprenda\/wp-json\/wp\/v2\/pages\/38"}],"collection":[{"href":"https:\/\/solucom.cl\/aprenda\/wp-json\/wp\/v2\/pages"}],"about":[{"href":"https:\/\/solucom.cl\/aprenda\/wp-json\/wp\/v2\/types\/page"}],"author":[{"embeddable":true,"href":"https:\/\/solucom.cl\/aprenda\/wp-json\/wp\/v2\/users\/1"}],"replies":[{"embeddable":true,"href":"https:\/\/solucom.cl\/aprenda\/wp-json\/wp\/v2\/comments?post=38"}],"version-history":[{"count":19,"href":"https:\/\/solucom.cl\/aprenda\/wp-json\/wp\/v2\/pages\/38\/revisions"}],"predecessor-version":[{"id":639,"href":"https:\/\/solucom.cl\/aprenda\/wp-json\/wp\/v2\/pages\/38\/revisions\/639"}],"wp:attachment":[{"href":"https:\/\/solucom.cl\/aprenda\/wp-json\/wp\/v2\/media?parent=38"}],"curies":[{"name":"wp","href":"https:\/\/api.w.org\/{rel}","templated":true}]}}