{"id":4,"date":"2011-09-10T22:05:31","date_gmt":"2011-09-10T22:05:31","guid":{"rendered":"http:\/\/www.solucom.cl\/aprenda\/?page_id=4"},"modified":"2022-08-10T04:22:14","modified_gmt":"2022-08-10T04:22:14","slug":"detalles","status":"publish","type":"page","link":"https:\/\/solucom.cl\/aprenda\/detalles\/","title":{"rendered":"Detalles"},"content":{"rendered":"<h1>Detalles del Curso Aprender a Conducir por Internet<\/h1>\n<p><a href=\"https:\/\/www.solucom.cl\/aprenda\/?page_id=24\"> <img loading=\"lazy\" src=\"https:\/\/www.solucom.cl\/aprenda\/images\/conduce3.jpg\" alt=\"ir a conocer al Director\" width=\"291\" height=\"215\" border=\"0\"> <\/a><span style=\"color: #ff0000; font-family: Tahoma; font-size: medium;\">\u00a1IMPORTANTE: sirve para todo pais que conduce por la derecha!<br \/>\n<\/span><br \/>\n<!--center><iframe loading=\"lazy\" width=\"550\" height=\"420\" src=\"\/\/www.youtube.com\/embed\/cEmlAs_IMC4\" frameborder=\"0\" allowfullscreen=\"\"><\/iframe><\/center--><\/p>\n<p><span style=\"font-family: Tahoma;\">Usted quiere aprender a Conducir Autom\u00f3viles a su propio ritmo y que sea r\u00e1pido y f\u00e1cil, \u00bfverdad?<br \/>\nImag\u00edne a si mismo conduciendo su auto al trabajo o a casa cada d\u00eda<br \/>\ny saliendo a disfrutar relajantes paseos los fines de semana. \u00bfLe gustar\u00eda hacer eso?<\/span><\/p>\n<p><b>Si yo le demostrase que SI puede aprender r\u00e1pidamente,<br \/>\ndesde la comodidad de su hogar, \u00bfme dar\u00eda un minuto?<\/b><\/p>\n<p><b>Esto de la conducci\u00f3n de veh\u00edculos motorizados es exactamente igual a todas las otras profesiones,<br \/>\ndonde tienes que tener un conocimiento previo de las bases de la actividad,<br \/>\no entonces esa actividad no puede ser realizada responsablemente. \u00bfVerdad?<\/b><\/p>\n<p><span style=\"color: #7700ff; font-family: Tahoma;\"> Este curso tiene el objetivo de ense\u00f1arle TODO lo que es necesario saber<br \/>\nANTES de subirse al puesto del conductor<br \/>\nde un veh\u00edculo motorizado, de modo que cuando se siente en ese lugar,<br \/>\nsabr\u00e1 todo lo que se necesita saber en todo sentido,<br \/>\nlo que le permitir\u00e1 poner en marcha esa m\u00e1quina<br \/>\ncon total y absoluta presici\u00f3n.<\/span><\/p>\n<p><b>Aprender a Conducir un autom\u00f3vil por Internet es Nuevo, muy f\u00e1cil, sencillo y r\u00e1pido,<br \/>\nya que prepar\u00e9 un curso muy simple,<br \/>\nbasado en mis muchos a\u00f1os de experiencia pr\u00e1ctica como conductor e instructor,<br \/>\ncon miles de alumnos que sab\u00edan nada de esto<br \/>\ny quedaron conduciendo como verdaderos profesionales del volante!<\/b><\/p>\n<p>b&gt;Imag\u00ednese manejando su auto con una sola mano,<br \/>\ncomo hacen quienes llevan d\u00e9cadas conduciendo.<br \/>\nUsted tambien lo puede hacer&#8230; y de hecho lo har\u00e1<br \/>\ncuando haya aprendido lo que le ense\u00f1o en este curso.<\/p>\n<p><span style=\"color: #aa00ff; font-family: Tahoma;\"> Si considera que el curso consta de 36 lecciones,<br \/>\nver\u00e1 que cada una de estas lecciones apenas cuesta cl$830\u2026 [apenas us$1,25]<br \/>\npiense solamente en una multa por infracci\u00f3n que se ahorre con el curso<br \/>\ny ya est\u00e1 ganando dinero,<br \/>\nporque las multas de tr\u00e1nsito van<br \/>\ndesde los treinta mil a los cien mil pesos chilenos y m\u00e1s&#8230;! [de us$55,00 a us$150,00]<\/span><\/p>\n<p><span style=\"color: #00cc00; font-family: Tahoma;\"> <b>Y si considera todo el ahorro de combustible que har\u00e1<br \/>\naplicando lo que le ense\u00f1o en las clases,<br \/>\nver\u00e1 que en menos de un mes ya le sali\u00f3 el curso<\/b><br \/>\n<\/span> <span style=\"color: #00cc00; font-family: Tahoma; font-size: xx-small;\"> <b>\u00a1gratis!<\/b> <\/span> <span style=\"color: #00cc00; font-family: Tahoma;\"> \u00a1Eso se lo garantizo!<\/span><\/p>\n<p><span style=\"font-family: Tahoma;\">Excelente, \u00bfverdad?<\/span><\/p>\n<p><span style=\"color: #ff0033; font-family: Tahoma;\"><\/span><\/p>\n<h2> \u00bfVerdad que su vida mejorar\u00e1 sensiblemente contratando este novedoso Curso por Internet,<\/p>\n<ul>\n<li><span style=\"color: #ff0033; font-family: Tahoma;\">donde asiste a clases cuando quiere,<\/span><\/li>\n<li><span style=\"color: #ff0033; font-family: Tahoma;\">desde el lugar que mejor le acomode,<\/span><\/li>\n<li><span style=\"color: #ff0033; font-family: Tahoma;\">donde puedes repetir las pruebas hasta aprobarlas,<\/span><\/li>\n<li><span style=\"color: #ff0033; font-family: Tahoma;\">donde cuenta con soporte por email<\/span><\/li>\n<li><span style=\"color: #ff0033; font-family: Tahoma;\">y telef\u00f3nico para pasar las lecciones r\u00e1pidamente,<\/span><\/li>\n<li><span style=\"color: #ff0033; font-family: Tahoma;\">a un precio que puede pagar f\u00e1cilmente,<\/span><\/li>\n<li><span style=\"color: #ff0033; font-family: Tahoma;\">sabiendo que le est\u00e1 dando a su familia lo mejor,<\/span><\/li>\n<li><span style=\"color: #ff0033; font-family: Tahoma;\"><span style=\"color: #ff0033; font-family: Tahoma;\">y con resultados garantizados?<\/span><\/span>&nbsp;<\/li>\n<\/ul>\n<\/h2>\n<p><span style=\"font-family: Tahoma;\"><\/span><\/p>\n<h3>El Precio Oferta Rebajado del curso es de $30.570 (treinta mil quinientos setenta pesos chilenos) &#8212; (us$47.00)<\/h3>\n<p>&nbsp;<\/p>\n<form action=\"https:\/\/www.paypal.com\/cgi-bin\/webscr\" method=\"post\" target=\"_top\"><input name=\"cmd\" type=\"hidden\" value=\"_s-xclick\"><br \/>\n<input name=\"hosted_button_id\" type=\"hidden\" value=\"ZT8UT47ELAEBW\"><br \/>\n<input alt=\"PayPal. La forma r\u00e1pida y segura de pagar en Internet.\" name=\"submit\" src=\"https:\/\/www.paypalobjects.com\/es_ES\/ES\/i\/btn\/btn_buynowCC_LG.gif\" type=\"image\"><br \/>\n<img loading=\"lazy\" src=\"https:\/\/www.paypalobjects.com\/en_US\/i\/scr\/pixel.gif\" alt=\"\" width=\"1\" height=\"1\" border=\"0\"><\/form>\n<p><a href=\"https:\/\/www.paypal.com\/cgi-bin\/webscr?cmd=_s-xclick&amp;hosted_button_id=ZT8UT47ELAEBW\"> <span style=\"font-family: Tahoma;\"><b>Inscr\u00edbase ahora mismo!<\/b> <\/span><br \/>\n<\/a><a href=\"https:\/\/www.solucom.cl\/aprenda\/?page_id=24\"><span style=\"font-family: Tahoma;\"><b>Otras formas de Pago<\/b><\/span><br \/>\n<\/a><\/p>\n<p><img loading=\"lazy\" class=\"size-full wp-image-5\" title=\"Aprender a Conducir por Internet sirve para todo pais que conduce por la derecha\" src=\"https:\/\/www.solucom.cl\/aprenda\/images\/conduce5.jpg\" alt=\"Aprender a Conducir por Internet sirve para todo pais que conduce por la derecha\" width=\"291\" height=\"215\"><\/p>\n<p><a href=\"https:\/\/www.paypal.com\/cgi-bin\/webscr?cmd=_s-xclick&amp;hosted_button_id=ZT8UT47ELAEBW\"><b>Aprender a Conducir por Internet sirve para todo pais que conduce por la derecha<\/b><\/a><\/p>\n<h2>Detalles del Curso Aprenda a Conducir por Internet<\/h2>\n","protected":false},"excerpt":{"rendered":"<p>Detalles del Curso Aprender a Conducir por Internet \u00a1IMPORTANTE: sirve para todo pais que conduce por la derecha! Usted quiere aprender a Conducir Autom\u00f3viles a su propio ritmo y que sea r\u00e1pido y f\u00e1cil, \u00bfverdad? Imag\u00edne a si mismo conduciendo su auto al trabajo o a casa cada d\u00eda y saliendo a disfrutar relajantes paseos &hellip; <a href=\"https:\/\/solucom.cl\/aprenda\/detalles\/\" class=\"more-link\">Contin\u00fae leyendo <span class=\"screen-reader-text\">Detalles<\/span> <span class=\"meta-nav\">&rarr;<\/span><\/a><\/p>\n","protected":false},"author":1,"featured_media":319,"parent":0,"menu_order":1,"comment_status":"closed","ping_status":"closed","template":"","meta":[],"_links":{"self":[{"href":"https:\/\/solucom.cl\/aprenda\/wp-json\/wp\/v2\/pages\/4"}],"collection":[{"href":"https:\/\/solucom.cl\/aprenda\/wp-json\/wp\/v2\/pages"}],"about":[{"href":"https:\/\/solucom.cl\/aprenda\/wp-json\/wp\/v2\/types\/page"}],"author":[{"embeddable":true,"href":"https:\/\/solucom.cl\/aprenda\/wp-json\/wp\/v2\/users\/1"}],"replies":[{"embeddable":true,"href":"https:\/\/solucom.cl\/aprenda\/wp-json\/wp\/v2\/comments?post=4"}],"version-history":[{"count":26,"href":"https:\/\/solucom.cl\/aprenda\/wp-json\/wp\/v2\/pages\/4\/revisions"}],"predecessor-version":[{"id":652,"href":"https:\/\/solucom.cl\/aprenda\/wp-json\/wp\/v2\/pages\/4\/revisions\/652"}],"wp:featuredmedia":[{"embeddable":true,"href":"https:\/\/solucom.cl\/aprenda\/wp-json\/wp\/v2\/media\/319"}],"wp:attachment":[{"href":"https:\/\/solucom.cl\/aprenda\/wp-json\/wp\/v2\/media?parent=4"}],"curies":[{"name":"wp","href":"https:\/\/api.w.org\/{rel}","templated":true}]}}