{"id":54,"date":"2024-04-08T21:31:22","date_gmt":"2024-04-09T00:31:22","guid":{"rendered":"https:\/\/solucom.cl\/revitalizante\/?page_id=54"},"modified":"2024-04-08T21:46:12","modified_gmt":"2024-04-09T00:46:12","slug":"terminos-de-servicios","status":"publish","type":"page","link":"https:\/\/solucom.cl\/revitalizante\/politica-de-privacidad\/terminos-de-servicios\/","title":{"rendered":"T\u00e9rminos de Servicios"},"content":{"rendered":"\n<p><h1 style=\"color: rgb(0, 0, 0); font-family: &quot;Times New Roman&quot;; white-space-collapse: collapse;\">SOLUCOM\u00a0 <\/h1><\/p>\n\n\n\n<p class=\"has-small-font-size\"><h1 style=\"color: rgb(0, 0, 0); font-family: &quot;Times New Roman&quot;; white-space-collapse: collapse;\">T\u00e9rminos Generales de Uso<\/h1>\n<li>Para el acceso y consulta de la informaci\u00f3n almacenada en este Sitio Web, el SOLUCOM Soluciones Computacionales &#8211; en adelante SOLUCOM &#8211; establece los siguientes t\u00e9rminos generales o condiciones de uso para la operatoria de su Sitio Web, en adelante las Condiciones Generales del Servicio.<\/li>\n<li>Se except\u00faan de estas normas los t\u00e9rminos de los convenios de intercambio de informaci\u00f3n que SOLUCOM celebre con entidades p\u00fablicas o privadas, los que primar\u00e1n por su especialidad.<\/li>\n<li>Asimismo, se excluyen de estas normas particulares, las pol\u00edticas de privacidad establecidas para asegurar la correcta utilizaci\u00f3n de la informaci\u00f3n recopilada a trav\u00e9s de las visitas de cada sitio web y de sus contenidos, pues se encuentran amparadas por las normas de Derecho P\u00fablico, en particular, por el Art\u00edculo 19 N\u00b0 4 de la Constituci\u00f3n Pol\u00edtica de la Rep\u00fablica y por la Ley N\u00b0 19.628 sobre Protecci\u00f3n de la Vida Privada. No obstante lo anterior, SOLUCOM declara que los datos personales que registre y procese, ser\u00e1n objeto de un tratamiento automatizado.<\/li>\n<li>El acceso y uso del Sitio Web que SOLUCOM pone a disposici\u00f3n de los usuarios en Internet est\u00e1 sujeto a las normas legales y reglamentarias, generales y especiales, y a los t\u00e9rminos, estipulaciones y declaraciones consignadas en estas Condiciones Generales del Servicio, y se entiende que todos los usuarios que ingresan al Sitio Web, por este hecho y por el uso que hagan del mismo, las conocen y aceptan sin limitaci\u00f3n de ninguna especie.<\/li>\n<li>SOLUCOM, solicitar\u00e1 a todo usuario una declaraci\u00f3n para que lo autorice a la divulgaci\u00f3n de la informaci\u00f3n contenida en cada formulario.<\/li>\n<li>No obstante su difusi\u00f3n p\u00fablica y aun cuando su material sea de dominio p\u00fablico, SOLUCOM declara expresamente conservar la propiedad de la informaci\u00f3n contenida en el Sitio Web y el Copyright sobre el material gr\u00e1fico, los textos, los objetos digitales, las aplicaciones, los dise\u00f1os y los links del Sitio Web, los que se encuentran protegidos por la Ley N\u00b0 17.336 sobre Propiedad Intelectual y por los tratados internacionales ratificados por Chile.<\/li>\n<li>En el caso de uso en el Sitio Web de material proveniente de fuentes externas o de terceros (noticias, anuncios, datos estad\u00edsticos, etc\u00e9tera) sujeto a uso restringido, SOLUCOM ofrecer\u00e1 dicho material con menci\u00f3n de la persona o entidad que posea el Copyright del mismo.<\/li>\n<li>Las direcciones de Internet a las que se vincule este Sitio Web no est\u00e1n bajo el control de SOLUCOM y son responsabilidad de sus autores o representantes. Al hacer el usuario un v\u00ednculo o establecer un link con un Sitio Web externo, SOLUCOM no se responsabiliza si dicha conexi\u00f3n no puede realizarse o si el contenido de los Sitios visitados no proporciona informaci\u00f3n de utilidad al usuario.<\/li>\n<li>SOLUCOM no asume responsabilidad alguna m\u00e1s all\u00e1 de las que la Constituci\u00f3n y las leyes establezcan. Tampoco asume responsabilidad desde el punto de vista legal o de otra \u00edndole, por la precisi\u00f3n, actualizaci\u00f3n o vigencia, oportunidad, contenidos o usos que se d\u00e9 a la informaci\u00f3n y a los documentos que se han publicado en esta p\u00e1gina.<\/li>\n<li> SOLUCOM ha velado previamente por la exactitud de los contenidos en este Sitio Web, pero no asume responsabilidad por la informaci\u00f3n proporcionada por terceros y reproducida en su Sitio Web, tales como notas de prensa u otras, y en especial, por la precisi\u00f3n, actualizaci\u00f3n o vigencia, oportunidad, contenidos o usos que se d\u00e9 a cada una de las sociedades inscritas en el referido Registro, o las anotaciones que se hagan respecto de \u00e9stas. Tampoco se har\u00e1 responsable por las discrepancias que puedan eventualmente presentarse entre la versi\u00f3n electr\u00f3nica de los documentos publicados y su versi\u00f3n en medio impreso, responsabilidad que corresponde a cada empresa o sociedad en particular.<\/li>\n<li>SOLUCOM no se hace responsable por errores u omisiones causados por problemas de telecomunicaciones o de los sistemas computacionales de terceros, siendo responsabilidad exclusiva de quienes accedan al Sitio Web contratar u obtener los equipos y programas, las l\u00edneas telef\u00f3nicas y los accesos a la red mediante un ISP determinado.<\/li>\n<li>El servicio de informaci\u00f3n ofrecido a los usuarios que accedan al Sitio Web SOLUCOM es actualmente gratuito y sin cargo alguno, sin perjuicio de lo dispuesto en la Ley N\u00b0 20.659 que Simplifica el R\u00e9gimen de Constituci\u00f3n, Modificaci\u00f3n y Disoluci\u00f3n de Sociedades Comerciales, y su reglamento.<\/li>\n<li>SOLUCOM se reserva el derecho a cambiar unilateralmente estos t\u00e9rminos y condiciones en cualquier momento, sin necesidad de notificaci\u00f3n expresa a los usuarios.<\/li>\n<li> La utilizaci\u00f3n por parte del usuario o el acceso al Sitio Web de SOLUCOM implicar\u00e1 la aceptaci\u00f3n t\u00e1cita de dichas modificaciones o de las nuevas condiciones.<\/li><\/h1><\/p>\n","protected":false},"excerpt":{"rendered":"<p>SOLUCOM\u00a0 T\u00e9rminos Generales de Uso Para el acceso y consulta de la informaci\u00f3n almacenada en este Sitio Web, el SOLUCOM Soluciones Computacionales &#8211; en adelante SOLUCOM &#8211; establece los siguientes t\u00e9rminos generales o condiciones de uso para la operatoria de su Sitio Web, en adelante las Condiciones Generales del Servicio. Se except\u00faan de estas normas [&hellip;]<\/p>\n","protected":false},"author":1,"featured_media":0,"parent":3,"menu_order":1,"comment_status":"closed","ping_status":"closed","template":"","meta":{"footnotes":""},"class_list":["post-54","page","type-page","status-publish","hentry"],"jetpack_sharing_enabled":true,"_links":{"self":[{"href":"https:\/\/solucom.cl\/revitalizante\/wp-json\/wp\/v2\/pages\/54","targetHints":{"allow":["GET"]}}],"collection":[{"href":"https:\/\/solucom.cl\/revitalizante\/wp-json\/wp\/v2\/pages"}],"about":[{"href":"https:\/\/solucom.cl\/revitalizante\/wp-json\/wp\/v2\/types\/page"}],"author":[{"embeddable":true,"href":"https:\/\/solucom.cl\/revitalizante\/wp-json\/wp\/v2\/users\/1"}],"replies":[{"embeddable":true,"href":"https:\/\/solucom.cl\/revitalizante\/wp-json\/wp\/v2\/comments?post=54"}],"version-history":[{"count":5,"href":"https:\/\/solucom.cl\/revitalizante\/wp-json\/wp\/v2\/pages\/54\/revisions"}],"predecessor-version":[{"id":59,"href":"https:\/\/solucom.cl\/revitalizante\/wp-json\/wp\/v2\/pages\/54\/revisions\/59"}],"up":[{"embeddable":true,"href":"https:\/\/solucom.cl\/revitalizante\/wp-json\/wp\/v2\/pages\/3"}],"wp:attachment":[{"href":"https:\/\/solucom.cl\/revitalizante\/wp-json\/wp\/v2\/media?parent=54"}],"curies":[{"name":"wp","href":"https:\/\/api.w.org\/{rel}","templated":true}]}}