{"id":40,"date":"2024-04-07T20:15:11","date_gmt":"2024-04-07T23:15:11","guid":{"rendered":"https:\/\/solucom.cl\/revitalizante\/?post_type=product&#038;p=40"},"modified":"2024-04-11T07:57:13","modified_gmt":"2024-04-11T10:57:13","slug":"revitalizante-del-himalaya","status":"publish","type":"product","link":"https:\/\/solucom.cl\/revitalizante\/producto\/revitalizante-del-himalaya\/","title":{"rendered":"Revitalizante del Himalaya"},"content":{"rendered":"<p>Capsulas originales del Himalaya, 400mg, revitaliza las c\u00e9lulas, refuerza el sistema inmunol\u00f3gico, mejora la funci\u00f3n del cerebro, restaura la salud, elimina el stress, equilibra la hormona masculina, incrementa los niveles de energ\u00eda, refuerza el sistema inmune, mejora el desempe\u00f1o del cuerpo, tonifica la musculatura y las articulaciones. Proporciona belleza, salud, Memoria mental, energ\u00eda cognitiva, resistencia, equilibrio bacterial, aporte de \u00e1cido f\u00falvico.<\/p>\n","protected":false},"excerpt":{"rendered":"<p>Proporciona belleza, salud, Memoria mental, energ\u00eda cognitiva, resistencia, equilibrio bacterial, aporte de \u00e1cido f\u00falvico.<\/p>\n","protected":false},"featured_media":80,"comment_status":"open","ping_status":"closed","template":"","meta":[],"product_cat":[32],"product_tag":[26,27,24,23,22,21,25,20,28],"class_list":{"0":"post-40","1":"product","2":"type-product","3":"status-publish","4":"has-post-thumbnail","6":"product_cat-revitalizante","7":"product_tag-equilibrio-masculino","8":"product_tag-fortalece-articulaciones","9":"product_tag-mejora-cerebro","10":"product_tag-refuerzo-inmunologico","11":"product_tag-regenerador","12":"product_tag-rejuvenecedor","13":"product_tag-restaura-salud","14":"product_tag-revitalizante","15":"product_tag-tonifica-musculatura","17":"first","18":"instock","19":"sale","20":"sold-individually","21":"taxable","22":"shipping-taxable","23":"purchasable","24":"product-type-variable"},"jetpack_sharing_enabled":true,"_links":{"self":[{"href":"https:\/\/solucom.cl\/revitalizante\/wp-json\/wp\/v2\/product\/40","targetHints":{"allow":["GET"]}}],"collection":[{"href":"https:\/\/solucom.cl\/revitalizante\/wp-json\/wp\/v2\/product"}],"about":[{"href":"https:\/\/solucom.cl\/revitalizante\/wp-json\/wp\/v2\/types\/product"}],"replies":[{"embeddable":true,"href":"https:\/\/solucom.cl\/revitalizante\/wp-json\/wp\/v2\/comments?post=40"}],"wp:featuredmedia":[{"embeddable":true,"href":"https:\/\/solucom.cl\/revitalizante\/wp-json\/wp\/v2\/media\/80"}],"wp:attachment":[{"href":"https:\/\/solucom.cl\/revitalizante\/wp-json\/wp\/v2\/media?parent=40"}],"wp:term":[{"taxonomy":"product_cat","embeddable":true,"href":"https:\/\/solucom.cl\/revitalizante\/wp-json\/wp\/v2\/product_cat?post=40"},{"taxonomy":"product_tag","embeddable":true,"href":"https:\/\/solucom.cl\/revitalizante\/wp-json\/wp\/v2\/product_tag?post=40"}],"curies":[{"name":"wp","href":"https:\/\/api.w.org\/{rel}","templated":true}]}}