{"id":1333,"date":"2017-09-24T15:35:55","date_gmt":"2017-09-24T18:35:55","guid":{"rendered":"http:\/\/solucom.cl\/tarot\/?page_id=1333"},"modified":"2023-02-23T15:16:09","modified_gmt":"2023-02-23T18:16:09","slug":"dominar-a-tu-pareja","status":"publish","type":"page","link":"https:\/\/solucom.cl\/tarot\/trabajos\/dominar-a-tu-pareja\/","title":{"rendered":"Dominar a tu Pareja"},"content":{"rendered":"<p><img src='https:\/\/solucom.cl\/tarot\/wp-content\/uploads\/dominar-pareja.jpg' width='0' height='0'><\/p>\n<h1>Dominar a tu Pareja<\/h1>\n<p><center><a target='_blank' href='http:\/\/solucom.cl\/tarot\/TMB-DP.pdf' title='Descargar PDF' rel=\"noopener noreferrer\">Para privacidad descargar <img src='https:\/\/solucom.cl\/tarot\/images\/descargarPDF.jpg' width='44'><\/a> -=> <a target='_blank' href='https:\/\/solucom.cl\/tarot\/app\/tmbdpapp-release.apk' title='Descargar APP-TMB-DP desde SOLUCOM' rel=\"noopener noreferrer\"><img src='https:\/\/solucom.cl\/tarot\/images\/publicidad\/logo-tmb-dp.jpg' width='44'><\/a><\/center><\/p>\n<h3>Hechizo para Dominar a tu Pareja<\/h3>\n<p>Se parte de la base en que est\u00e1n juntos en el amor o en la convivencia diaria, pero existe alguna(s) instancias en las que se hace necesario que tu te impongas sobre su voluntad, como  cuando se quiere dominar a un enemigo, a un esposo(a) infiel o un c\u00f3nyuge que no te trata bien como tu quisieras, hijos rebeldes, e incluso sirve a gerentes que tienen que tratar con los empleados rebeldes que no siguen las normas y que desaf\u00edan la autoridad.<br \/>\nNecesitas tener su fotograf\u00eda de frente sin gafas, el nombre completo y la fecha de nacimiento, mas algunos elementos caseros y cumplir una penitencia de oraci\u00f3n.<br \/>\nDebes tener total y absoluta convicci\u00f3n de que le quieres dominar y someter a tu voluntad.<br \/>\nEsta sesi\u00f3n demora menos de dos horas y tiene efecto hasta en una semana.<br \/>\nLas muchas personas que lo han hecho est\u00e1n satisfechas del resultado obtenido.<br \/>\nSi tu est\u00e1s con tu pareja o en una convivencia y quieres que esa Persona quede totalmene bajo tu dominio, este es el Trabajo adecuado para ti.<\/p>\n<p><center><span style=\"font-face:Arial; font-size:24px; text-align:center; padding:3px; spacing:3px; \">Valor Trabajo<br \/>\n CLP$ 69.000<br \/>\n(sesenta y nueve mil pesos chilenos)<\/span><\/p>\n<p><a title=\"toque clic para Evaluaci\u00f3n sin costo de su caso\" href=\"https:\/\/m.me\/dominarpareja\"><img decoding=\"async\" src=\"https:\/\/solucom.cl\/tarot\/images\/evaluacion-inicial.jpg\" \/><br \/>toque clic para conversar sin costo de su caso<\/a><\/p>\n<p><\/p>\n<p><center><span style=\"font-face:Arial; font-size:14px; text-align:center; padding:3px; spacing:3px; \">Valor Trabajo&#8230;$ 69.000<br \/>(sesenta y nueve mil pesos chilenos) <\/p>\n<p><!-- pago en cuotas via Paypal<br \/>y tambi\u00e9n puede pagarlo en cuotas con <b>WebPay Plus<\/b> de Transbank, usando tarjetas de d\u00e9bito \/ cr\u00e9dito Visa, Magna, MasterCard, Dinnes Club, American Express, Cencosud, Lider, REDCOMPRA, etc.\n\n<form name=\"btnPago\" method=\"post\" action=\"https:\/\/webpay3g.transbank.cl\/filtroUnificado\/buttonService\">\n\t<input type=\"hidden\" name=\"buttonId\" value=\"fa2d25d614b57e8c3b58a234b3589ce4\"\/>\n\t<input type=\"image\" src=\"https:\/\/solucom.cl\/Imagenes\/logo-webpay-plus-blanik-660x312.png\"\/>\n<\/form>\n\n<\/span--><br \/>\n<\/p>\n<h3>\tSi,  <img src='https:\/\/solucom.cl\/Imagenes\/logh1c-200x245.jpg' width='80' height='100' ><\/p>\n<p>\tsi le puedo ayudar a hacer que su pareja quede bajo su dominio.<\/h3>\n<p><b>\tSoy Luis Galdames, de Osorno, Chile, adulto mayor de tercera edad<br \/>\n\t\ty llevo m\u00e1s de cuarenta a\u00f1os ayudando a personas como usted.<br \/>\n<\/b><br \/>\n<i>\tEste trabajo hace todo eso que pide y mas aquello que quiera pedir.<br \/>\n<\/i><br \/>\n\tPara eso necesito una foto de la cara de su pareja, de frente, mirando a la c\u00e1mara,<\/p>\n<p>\tsu nombre completo y fecha nacimiento.<\/p>\n<p>\tLo mismo de usted.<\/p>\n<p>\t<u>El Trabajo se demora nueve d\u00edas<\/u>.<br \/>\nNormalmente estos resultados se ven entre una a tres semanas.<\/p>\n<p>\t<center><b><span style=\"font-face:Arial Narrow; font-size:14px; text-align:center; padding:3px; spacing:3px; \">Se paga en caja vecina BANCOESTADO cuentarut 5.760.860-9  <br \/>a mi nombre Luis Galdames Hidalgo <br \/>y tambi\u00e9n puede pagarlo en cuotas con <b>WebPay Plus<\/b> de Transbank, usando tarjetas de d\u00e9bito \/ cr\u00e9dito Visa, Magna, MasterCard, Dinnes Club, American Express, Cencosud, Lider, REDCOMPRA, etc.<\/p>\n<form name=\"btnPago\" method=\"post\" action=\"https:\/\/webpay3g.transbank.cl\/filtroUnificado\/buttonService\">\n\t<input type=\"hidden\" name=\"buttonId\" value=\"fa2d25d614b57e8c3b58a234b3589ce4\"\/><br \/>\n\t<input type=\"image\" src=\"https:\/\/solucom.cl\/Imagenes\/logo-webpay-plus-blanik-660x312.png\"\/><br \/>\n<\/form>\n<p><\/span><\/b><\/p>\n<p><i>\tTiene la garant\u00eda de que yo voy a estar a diario contigo por wasap,<br \/>\n\tpara asegurarme que todo se hace como debe ser para lograr traer a su pareja bajo su dominio.<br \/>\n<\/i><br \/>\n<b><i>\tSi decide hacer el trabajo,<br \/>\n\t\tpara contactarme, clic  <a target='_blank' href='https:\/\/m.me\/dominarpareja' rel=\"noopener noreferrer\"> <\/p>\n<h1> AQUI <\/h1>\n<p> <\/a> \ty me env\u00eda:<br \/>\n\t\t&#8211; las fotos individuales de ambos,<br \/>\n\t\t&#8211; los nombres completos y fechas de nacimiento d\u00eda-mes-a\u00f1o<br \/>\n<\/i><\/b>\t<\/p>\n<div style=\"font-size:18px; font-color:navy; border:0px dotted red; text-align:center;  padding:10px;\">\n<h1>Haga clic en el bot\u00f3n de la forma de pago preferida<\/h1>\n<table width=\"100%\" align=\"center\" border=\"1\" cellpadding=\"10\" cellspacing=\"10\" >\n<tr>\n<td align=\"center\">\n<h3>Transferencia o deposito en <b>caja vecina<\/b>,<br \/>\n                         a cuentarut <b>5760860<\/b><br \/>\n\t\t\t por <b>$69.000<\/b> <br \/>\n\t\t\t a: <b>Luis Galdames Hidalgo<\/b><br \/>\n\t\t\t RUT: <b>5.760.760-9<\/b><br \/>\n\t\t\t correo: <b>luisgaldames@solucom.cl<\/b><br \/>\n\t\t\t nota: <b>TMB-DP<\/b><br \/>\n\t\t\t <span style=\"font-face:Arial Narrow; \">BancoEstado,  <b>cuentaRUT 5760860<\/b>  o<\/span><br \/>Banco Santander <b>ctacte 0-000-77-99022-4<\/b><\/h3>\n<p>\t\t\t <a target=\"_blank\" href=\"https:\/\/m.me\/recuperarexpareja\" rel=\"noopener\"><b style=\"color:blue; font-size:14px; \">Me env\u00eda la <u>foto del comprobante<br \/> tocando AQUI<\/u><br \/>para hacer su trabajo rapido.<\/b><\/a>\n<\/td>\n<\/tr>\n<\/table>\n<h1 style=\"color:blue; \"><i>Toque el bot\u00f3n que le sirve:<\/i><\/h1>\n<table width=\"100%\" align=\"center\" border=\"1\" cellpadding=\"10\" cellspacing=\"10\" >\n<tr>\n<td align=\"center\">\n\t\t\t<a target=\"_blank\" href=\"https:\/\/solucom.cl\/tarot\/_CuentaRUT-trabajo.php\" rel=\"noopener\"><br \/>\n <img decoding=\"async\" src=\"https:\/\/solucom.cl\/aprenda\/curso\/img\/cajavecina1.webp\" width=\"100%\" height=\"100\" style=\"border-radius: 10px; max-width: 100%; height: auto;\"\n\t\t\t\ttitle=\"Para que nos haga llegar el dinero por el Banco del Estado de Chile,\n\t\t\t\t\tpuede ir a la agencia o caja vecina mas cercana a depositar\n\t\t\t\t\to nos puede transferir por Internet.\n\t\t\t\t\tTransferencia o deposito en caja vecina,\n\t\t\t\t\tpor $69.000\n\t\t\t\t\ta: Luis Galdames Hidalgo\n\t\t\t\t\tRUT: 5.760.760-9\n\t\t\t\t\tcorreo: luisgaldames@solucom.cl\n\t\t\t\t\tnota: TMB-DP\n\t\t\t\t\tBancoEstado, cuentaRUT 5760860\"><br \/>\n\t\t\t<\/a><br \/><b style=\"color:blue; font-size:14px; \">en CHILE deposito o transferencia a cuentaRUT 5760860 para  hacer su trabajo rapido<\/b>\n\t<\/td>\n<\/tr>\n<tr>\n<td align=\"center\">\n\t\t\t<a target=\"_blank\" href=\"https:\/\/solucom.cl\/tarot\/_Santander-trabajo.php\" rel=\"noopener\"><img decoding=\"async\" src=\"https:\/\/solucom.cl\/Imagenes\/logo-santander.jpg\" width=\"100%\" height=\"100\" style=\"border-radius: 10px; max-width: 100%; height: auto;\" \/><br \/>\n\t\t\t<\/a><br \/><b style=\"color:blue; font-size:14px;  \">Deposito o Transferencia cuenta corriente 0-000-77-99022-4 para  hacer su trabajo rapido<\/b><\/p>\n<p>\n\t<\/tr>\n<\/td>\n<tr>\n<td align=\"center\">\n<form name=\"btnPago\" method=\"post\" action=\"https:\/\/webpay3g.transbank.cl\/filtroUnificado\/buttonService\">\n\t\t\t\t<input type=\"hidden\" name=\"buttonId\" value=\"fa2d25d614b57e8c3b58a234b3589ce4\"\/><br \/>\n\t\t\t\t<input type=\"image\" src=\"https:\/\/solucom.cl\/Imagenes\/logo-webpay-plus-blanik-660x312.png\" width=\"100%\" height=\"150\" style=\"border-radius: 10px; max-width: 100%; height: auto;\"\/><br \/>\n\t\t\t\t<br \/><b style=\"color:blue; font-size:14px;  \">Paga $69.000 pesos chilenos por transferencia desde su banco o  desde su tarjeta debito\/credito para  hacer su trabajo expreso<\/b><br \/>\n\t\t\t<\/form>\n<\/td>\n<\/tr>\n<tr>\n<td align=\"center\">\n\t\t\t<a target=\"_blank\" href=\"https:\/\/link.mercadopago.cl\/solucom\" rel=\"noopener\"><img decoding=\"async\" src=\"https:\/\/solucom.cl\/Imagenes\/logo-mercadopago1.jpg\" width=\"100%\" height=\"100\" style=\"border-radius: 10px; max-width: 100%; height: auto;\" \/><\/a><br \/><b style=\"color:blue; font-size:14px;  \">Paga $69.000 pesos chilenos Envios por Transferencia Internacional para  hacer su trabajo expreso<\/b>\n\t<\/td>\n<\/tr>\n<tr>\n<td align=\"center\" background-color=\"#CCCCCC\">\n<form action=\"https:\/\/www.paypal.com\/cgi-bin\/webscr\" method=\"post\" target=\"_top\">\n\t\t\t\t<input type=\"hidden\" name=\"cmd\" value=\"_s-xclick\"><br \/>\n\t\t\t\t<input type=\"hidden\" name=\"hosted_button_id\" value=\"MKKLT92K5MZFN\"><br \/>\n\t\t\t\t<input type=\"image\" src=\"https:\/\/solucom.cl\/aprenda\/curso\/img\/paypal-1.jpg\" border=\"0\" width=\"100%\" height=\"150\" name=\"submit\" alt=\"PayPal, la forma r\u00e1pida y segura de pagar en Internet.\" style=\"border-radius: 10px; max-width: 100%; height: auto;\"><br \/>\n\t\t\t\t<b style=\"color:blue; font-size:14px;  \">Paga USD 127.oo desde su tarjeta debito\/credito para  hacer su trabajo expreso<\/b><\/p><\/form>\n<\/td>\n<\/tr>\n<tr>\n<td align=\"center\">\n\t\t\t<a target=\"_blank\" href=\"https:\/\/solucom.cl\/tarot\/_MoneyGram.html\" rel=\"noopener\"><img decoding=\"async\" src=\"https:\/\/solucom.cl\/Imagenes\/logo-moneygram.jpg\" width=\"100%\" height=\"100\" style=\"border-radius: 10px; max-width: 100%; height: auto;\" \/><\/a><br \/><b style=\"color:blue; font-size:14px;  \">Paga USD 127.oo Envios por Agencia Internacional para  hacer su trabajo pronto<\/b><\/p>\n<\/td>\n<\/tr>\n<tr>\n<td align=\"center\">\n\t\t\t<a target=\"_blank\" href=\"https:\/\/solucom.cl\/tarot\/_WesternUnion.html\" rel=\"noopener\"><img decoding=\"async\" src=\"https:\/\/solucom.cl\/Imagenes\/logo-westernunion.jpg\" width=\"100%\" height=\"100\" style=\"border-radius: 10px; max-width: 100%; height: auto;\" \/><\/a><br \/><b style=\"color:blue; font-size:14px;  \">Paga USD 127.oo Envios por Agencia Internacional para hacer su trabajo pronto<\/b><\/p>\n<\/td>\n<\/tr>\n<\/table>\n<p><\/center>\n<\/div>\n<hr>\n<div style=\"background-color:Antique; color:blue; font-size:12px; padding:10px; margin:10px; border:0 dotted cyan;\">Coloca el mouse encima para ver detalles<\/font><\/div>\n<\/div>\n<h2>Haga clic en el bot\u00f3n de la forma de pago preferida<\/h2>\n<div style=\"font-size:18px; font-color:navy; border:5px dotted red; background-color:#D8BFD8; text-align:center;  padding:10px;\">\n<span style=\"font-family:Georgia; font-size:24px; text-align:center; padding:10px; spacing:10px; \">Todo procedimiento comienza por efectuar el pago del producto a recibir.  Haga clic para proceder a efectuar su Pago<br \/>\n<a title=\"Todo procedimiento comienza por efectuar el pago del producto a recibir.  Haga clic para proceder a efectuar su Orden\" href=\"https:\/\/solucom.cl\/tarot\/tarifas\/formapago\/\"><br \/>\n<img loading=\"lazy\" decoding=\"async\" src=\"https:\/\/solucom.cl\/tarot\/images\/contratar.jpg\" width=\"100\" height=\"90\"><br \/>Ordernar Hacer este Trabajo<br \/><\/a><\/span><br \/>\n<span style=\"font-size:24px; font-color:navy; background-color:#D8BFD8; text-align:center;  padding:10px;\"><b>Ordenar Pedido con<\/b><\/p>\n<form name=\"btnPago\" method=\"post\" action=\"https:\/\/webpay3g.transbank.cl\/filtroUnificado\/buttonService\">\n<img decoding=\"async\" src=\"https:\/\/solucom.cl\/Imagenes\/logo-webpay-plus-blanik-660x312.png\" width=\"300\"><br \/>\n\t<input type=\"hidden\" name=\"buttonId\" value=\"fa2d25d614b57e8c3b58a234b3589ce4\"\/><br \/>\n<\/form>\n<p><\/span><br \/>\n<a target=\"_blank\" href=\"https:\/\/www.bancoestado.cl\/imagenes\/comun2008\/nuevo_paglg_pers2.html\" title=\"Ordenar por Deposito o Transferencia a CuentaRUT del BancoEstado de Chile # 5760860 a Luis Galdames Hidalgo RUT 5.760.860-9  Email: luisgaldames@solucom.cl\" rel=\"noopener noreferrer\"><b>BANCOESTADO-CuentaRUT: <\/b><img loading=\"lazy\" decoding=\"async\" src=\"https:\/\/solucom.cl\/Imagenes\/logo-bancoestado.jpg\" title=\"Ordenar por Deposito o Transferencia a CuentaRUT del BancoEstado de Chile # 5760860 a Luis Galdames Hidalgo RUT 5.760.860-9  Email: luisgaldames@solucom.cl\" alt=\"Ordenar por Deposito o Transferencia a CuentaRUT del BancoEstado de Chile\" width=\"140\" height=\"30\"><\/a><\/p>\n<p><a target=\"_blank\" href=\"https:\/\/www.paypal.com\/cgi-bin\/webscr?cmd=_s-xclick&#038;hosted_button_id=MKKLT92K5MZFN\" title=\"Ordenar con Paypal o con Tarjeta de Debito o Credito. Caso no tiene cuenta Paypal, use este mismo enlace para Crear una Cuenta.\" rel=\"noopener noreferrer\"><b>PAYPAL\/TARJETA: <\/b><img loading=\"lazy\" decoding=\"async\" src=\"https:\/\/solucom.cl\/Imagenes\/logo-paypal-comprarahora.jpg\" title=\"Ordenar con Paypal o con Tarjeta de Debito o Credito. Caso no tiene cuenta Paypal, use este mismo enlace para Crear una Cuenta.\" alt=\"Ordenar con Paypal o con Tarjeta de Debito o Credito\" width=\"140\" height=\"30\"><\/a><\/p>\n<p><a target=\"_blank\" href=\"https:\/\/solucom.cl\/tarot\/_MoneyGram.html\" title=\"Enviar dinero por Money Gram\" rel=\"noopener noreferrer\"><img loading=\"lazy\" decoding=\"async\" src=\"https:\/\/solucom.cl\/Imagenes\/logo-moneygram.jpg\" alt=\"Enviar dinero por Money Gram\" width=\"140\" height=\"30\"><\/a>   <a target=\"_blank\" href=\"https:\/\/solucom.cl\/tarot\/_WesternUnion.html\" title=\"Enviar dinero por Western Union\" rel=\"noopener noreferrer\"><img loading=\"lazy\" decoding=\"async\" src=\"https:\/\/solucom.cl\/Imagenes\/logo-westernunion.jpg\" alt=\"Enviar dinero por Western Union\" width=\"140\" height=\"30\"><\/a><\/div- ->\n<p><!--div style=\"border:1px solid red; color:white; font-size:9px; background-color:gray; padding:10px; text-align: justify;\">\nEs muy importante tener claro que estos Trabajos de Magia Blanca se hacen invocando Santos, Arc\u00e1ngeles y Dios, por lo tanto, cuando un Consultante no entrega toda la informaci\u00f3n correcta y completa, es muy probable que no obtenga resultados positivos porque a Dios no se le puede enga\u00f1ar con mentiras o datos falsos o incompletos.<\/div-->\n<hr>\n<p><!--div style=\"font-size:14px; font-color:navy; border:0px solid red; background-color:#CCCCCC; text-align:center; \">\n\n\n<h1 style=\"color:green; text-align:center\">Trabajos de<br \/> Magia Blanca<\/h1>\n\n\n<a title=\"Se parte del punto en que est\u00e1n juntos f\u00edsicamente pero Est\u00e1n peleados y quieres que todo vuelva a ser como antes ... $66.000 \"  href='https:\/\/solucom.cl\/tarot\/trabajos\/acercar-pareja\/'>Acercar a tu Pareja<\/a><br \/>\n<a title=\"Se parte del punto en que est\u00e1n juntos, en buenas relaciones y tu te quieres asegurar de que vuestra relaci\u00f3n se mantendr\u00e1 por siempre ... $60.000 \" href='https:\/\/solucom.cl\/tarot\/trabajos\/aferrar-pareja\/'>Aferrar a tu Pareja<\/a><br \/>\n<a title=\"Se parte de la base en que est\u00e1n juntos en el amor, pero existe alguna(s) otra(s) persona(s) que se interponen y entorpecen el libre flujo del amor entre ustedes ... $69.000 \"  href='https:\/\/solucom.cl\/tarot\/trabajos\/alejar-intrusoa\/'>Alejar Intrus@<\/a><br \/>\n<a title=\"Se parte del punto en que est\u00e1n conectados f\u00edsicamente y mantienen comunicaci\u00f3n, lo que permite hacer que se forme un puente para crear el encanto entre los dos ... $66.000 \" href='https:\/\/solucom.cl\/tarot\/trabajos\/atraer-persona-amada\/'>Atraer Persona Amada<\/a><br \/>\n<a title=\"Se parte del punto en que est\u00e1n separados f\u00edsicamente y ya sea que mantengan comunicaci\u00f3n o no, se ha quebrado el encanto entre los dos ... $66.000 \"  href='https:\/\/solucom.cl\/tarot\/trabajos\/recuperar-pareja\/'>Recuperar exPareja<\/a><br \/>\n<a title='quieres limpiar tu domicilio de toda mala vibraci\u00f3n, mal de otros, trabajos en tu contra y fuerzas contrarias... $97.000 ' href='https:\/\/solucom.cl\/tarot\/trabajos\/limpieza-de-casa-o-negocio\/'>Limpieza de casa o negocio<\/a><br \/>\n<a title=' ya no soportas seguir solo lidiando con las fuerzas ocultas que act\u00faan en tu contra y est\u00e1s dispuesto a hacer lo necesario para que desaparezcan... $77.000 ' href='https:\/\/solucom.cl\/tarot\/trabajos\/descarga-limpieza-de-aura\/'>Descarga Limpieza de Aura<\/a><br \/>\n\n\n<div style=\"background-color:Antique; color:blue; font-size:12px; padding:10px; margin:10px; border:0 dotted cyan;\">Coloca el mouse encima para ver detalles<\/font><\/div>\n\n<\/div- ->\n\n\n<center>\n\n<hr>\n\n<a href='https:\/\/solucom.cl\/tarot\/?page_id=2'><b>CONSULTA<\/b><\/a>  -  <a href='https:\/\/solucom.cl\/tarot\/?page_id=13'>Ubicaci\u00f3n<\/a>  -  <a href='https:\/\/solucom.cl\/tarot\/?page_id=21'>Atenci\u00f3n<\/a>  -  <a href='https:\/\/solucom.cl\/tarot\/trabajos\/'><b>TRABAJOS<\/b><\/a>  -  <a href='https:\/\/solucom.cl\/tarot\/?page_id=25'>Tarifa<\/a>  -  <a href='https:\/\/solucom.cl\/tarot\/?page_id=37'>FormaPago<\/a>  -  <a href='https:\/\/solucom.cl\/tarot\/?page_id=69'>Noticias<\/a>\n\n<hr>\n\n\n<center>\n\n<table width='300' align='center'>\n\n<tr>\n\n<td align='center'><a href=\"https:\/\/solucom.cl\"><img loading=\"lazy\" decoding=\"async\" alt=\"SOLUCOM Soluciones Computacionales\" title=\"SOLUCOM  Soluciones Computacionales\" src=\"https:\/\/solucom.cl\/Imagenes\/logo-solu-96.jpg\"  height=\"60\" width=\"60\"><\/a><\/td>\n\n\n\n<td align='center'><a href=\"https:\/\/solucom.cl\/s\"><img loading=\"lazy\" decoding=\"async\" alt=\"SOLUCOM P\u00e1gina Inicio\" title=\"SOLUCOM P\u00e1gina Inicio\" src=\"https:\/\/solucom.cl\/sol\/logo-sol.jpg\"  height=\"60\" width=\"60\"><\/a><\/td>\n\n\n\n<td align='center'><a target=\"_blank\" href=\"https:\/\/www.solucom.cl\/sphcphp\" rel=\"noopener noreferrer\"><img loading=\"lazy\" decoding=\"async\" src=\"https:\/\/solucom.cl\/Imagenes\/chincol1-1.jpg\" height=\"60\" width=\"60\" alt=\"Sistema de Previsiones del HOR\u00d3SCOPO CHINO - Version Moderna\" title=\"Sistema de Previsiones del HOR\u00d3SCOPO CHINO - Version Moderna\"><\/a><\/td>\n\n\n\n<td align='center'><a target=\"_blank\" href=\"https:\/\/solucom.cl\/aprenda\" rel=\"noopener noreferrer\"><img loading=\"lazy\" decoding=\"async\" src=\"https:\/\/solucom.cl\/aprend\/images\/llave.jpg\" height=\"60\" width=\"60\" alt=\"Sistema Aprenda a Conducir por Internet\" title=\"Sistema Aprenda a Conducir por Internet\"><\/a><\/td>\n\n<\/tr>\n\n<\/table>\n\n<\/center--><\/p>\n<hr>\n<p>para ver mas testimonios vea esta <a href=\"https:\/\/solucom.cl\/1\">p\u00e1gina en computador<\/a><\/p>\n<p><a title=\"toque clic para Evaluaci\u00f3n sin costo de su caso\" href=\"https:\/\/m.me\/dominarpareja\"><img decoding=\"async\" src=\"https:\/\/solucom.cl\/tarot\/images\/evaluacion-inicial.jpg\" \/><br \/>toque clic para conversar sin costo de su caso<\/a><\/p>\n<p><center><\/p>\n<h3>Para adquirir su Trabajo Dominar Pareja<br \/>OFERTA final<br \/>Inicie su trabajo de inmediato con $20.000 <br \/>toque este boton:<\/h3>\n<form name=\"btnPago\" method=\"post\" action=\"https:\/\/webpay3g.transbank.cl\/filtroUnificado\/buttonService\">\n    <input type=\"hidden\" name=\"buttonId\" value=\"d53195bc6dd5491bfc4cada6259fff57\"\/><br \/>\n    <input type=\"image\" src=\"https:\/\/solucom.cl\/Imagenes\/logo-webpay-plus-blanik-660x312.png\"\/><br \/>\n<\/form>\n<p><\/center><\/p>\n<p><center><\/p>\n<h3 style=\"color:red; background-color:'#CECECE'; \">Para hacer su Trabajo: <br \/>OFERTA Dieciochera: <br \/> Inicie su trabajo de inmediato con $50.000 pago \u00fanico. <br \/> Toque este boton:  <\/p>\n<form name=\"btnPago\" method=\"post\" action=\"https:\/\/webpay3g.transbank.cl\/filtroUnificado\/buttonService\">\n    <input type=\"hidden\" name=\"buttonId\" value=\"ae238632925f644b0a9bedb3e42b4faf\"\/><br \/>\n    <input type=\"image\" src=\"https:\/\/solucom.cl\/Imagenes\/logo-webpay-plus-blanik-660x312.png\"\/><br \/>\n<\/form>\n<\/h3>\n<p><\/center><br \/>\n<\/center><\/p>\n","protected":false},"excerpt":{"rendered":"<p>Dominar a tu Pareja Para privacidad descargar -=> Hechizo para Dominar a tu Pareja Se parte de la base en que est\u00e1n juntos en el amor o en la convivencia diaria, pero existe alguna(s) instancias en las que se hace necesario que tu te impongas sobre su voluntad, como cuando se quiere dominar a un &hellip; <a href=\"https:\/\/solucom.cl\/tarot\/trabajos\/dominar-a-tu-pareja\/\" class=\"more-link\">Contin\u00fae leyendo <span class=\"screen-reader-text\">Dominar a tu Pareja<\/span> <span class=\"meta-nav\">&rarr;<\/span><\/a><\/p>\n","protected":false},"author":1,"featured_media":955,"parent":180,"menu_order":8,"comment_status":"closed","ping_status":"closed","template":"","meta":{"footnotes":""},"class_list":["post-1333","page","type-page","status-publish","has-post-thumbnail","hentry"],"_links":{"self":[{"href":"https:\/\/solucom.cl\/tarot\/wp-json\/wp\/v2\/pages\/1333","targetHints":{"allow":["GET"]}}],"collection":[{"href":"https:\/\/solucom.cl\/tarot\/wp-json\/wp\/v2\/pages"}],"about":[{"href":"https:\/\/solucom.cl\/tarot\/wp-json\/wp\/v2\/types\/page"}],"author":[{"embeddable":true,"href":"https:\/\/solucom.cl\/tarot\/wp-json\/wp\/v2\/users\/1"}],"replies":[{"embeddable":true,"href":"https:\/\/solucom.cl\/tarot\/wp-json\/wp\/v2\/comments?post=1333"}],"version-history":[{"count":51,"href":"https:\/\/solucom.cl\/tarot\/wp-json\/wp\/v2\/pages\/1333\/revisions"}],"predecessor-version":[{"id":29992,"href":"https:\/\/solucom.cl\/tarot\/wp-json\/wp\/v2\/pages\/1333\/revisions\/29992"}],"up":[{"embeddable":true,"href":"https:\/\/solucom.cl\/tarot\/wp-json\/wp\/v2\/pages\/180"}],"wp:featuredmedia":[{"embeddable":true,"href":"https:\/\/solucom.cl\/tarot\/wp-json\/wp\/v2\/media\/955"}],"wp:attachment":[{"href":"https:\/\/solucom.cl\/tarot\/wp-json\/wp\/v2\/media?parent=1333"}],"curies":[{"name":"wp","href":"https:\/\/api.w.org\/{rel}","templated":true}]}}