{"id":180,"date":"2016-06-22T18:42:24","date_gmt":"2016-06-22T21:42:24","guid":{"rendered":"http:\/\/solucom.cl\/tarot\/?page_id=180"},"modified":"2023-07-24T11:17:00","modified_gmt":"2023-07-24T14:17:00","slug":"trabajos","status":"publish","type":"page","link":"https:\/\/solucom.cl\/tarot\/trabajos\/","title":{"rendered":"TRABAJOS"},"content":{"rendered":"<h1><a title=\"Area de Clientes en Trabajos\" href=\"https:\/\/solucom.cl\/tarot\/webroot\/logintrabajos.php\" target=\"_blank\" rel=\"noopener noreferrer\">Trabajos<\/a> Osorno<\/h1>\n<div id=\"metaslider-id-946\" style=\"width: 100%; margin: 0 auto;\" class=\"ml-slider-3-91-0 metaslider metaslider-flex metaslider-946 ml-slider ms-theme-default\" role=\"region\" aria-roledescription=\"Slideshow\" aria-label=\"New Slider\">\n    <div id=\"metaslider_container_946\">\n        <div id=\"metaslider_946\" class=\"flexslider\">\n            <ul class='slides'>\n                <li style=\"display: block; width: 100%;\" class=\"slide-947 ms-image \" aria-roledescription=\"slide\" aria-label=\"slide-947\"><a href=\"http:\/\/solucom.cl\/tarot\/trabajos\/acercar-pareja\/\" target=\"_self\" class=\"metaslider_image_link\"><img loading=\"lazy\" decoding=\"async\" src=\"https:\/\/solucom.cl\/tarot\/wp-content\/uploads\/acercar-pareja-625x267.jpg\" height=\"300\" width=\"700\" alt=\"Trabajo Magia Blanca Acercar Pareja\" class=\"slider-946 slide-947\" \/><\/a><div class=\"caption-wrap\"><div class=\"caption\">Trabajo Magia Blanca Acercar Pareja<\/div><\/div><\/li>\n                <li style=\"display: none; width: 100%;\" class=\"slide-948 ms-image \" aria-roledescription=\"slide\" aria-label=\"slide-948\"><a href=\"http:\/\/solucom.cl\/tarot\/trabajos\/aferrar-pareja\/\" target=\"_self\" class=\"metaslider_image_link\"><img loading=\"lazy\" decoding=\"async\" src=\"https:\/\/solucom.cl\/tarot\/wp-content\/uploads\/aferrar-pareja-630x270.jpg\" height=\"300\" width=\"700\" alt=\"Trabajo Aferrar Pareja\" class=\"slider-946 slide-948\" \/><\/a><div class=\"caption-wrap\"><div class=\"caption\">Trabajo Aferrar Pareja<\/div><\/div><\/li>\n                <li style=\"display: none; width: 100%;\" class=\"slide-950 ms-image \" aria-roledescription=\"slide\" aria-label=\"slide-950\"><a href=\"http:\/\/solucom.cl\/tarot\/trabajos\/recuperar-pareja\/\" target=\"_self\" class=\"metaslider_image_link\"><img loading=\"lazy\" decoding=\"async\" src=\"https:\/\/solucom.cl\/tarot\/wp-content\/uploads\/recuperar-pareja-500x214.jpg\" height=\"300\" width=\"700\" alt=\"Trabajo Recuperar Pareja\" class=\"slider-946 slide-950\" \/><\/a><div class=\"caption-wrap\"><div class=\"caption\">Trabajo Recuperar Pareja<\/div><\/div><\/li>\n                <li style=\"display: none; width: 100%;\" class=\"slide-951 ms-image \" aria-roledescription=\"slide\" aria-label=\"slide-951\"><a href=\"http:\/\/solucom.cl\/tarot\/trabajos\/alejar-intrusoa\/\" target=\"_self\" class=\"metaslider_image_link\"><img loading=\"lazy\" decoding=\"async\" src=\"https:\/\/solucom.cl\/tarot\/wp-content\/uploads\/Alejar-intruder-350x150.jpg\" height=\"300\" width=\"700\" alt=\"Trabajo Alejar Intrusoa\" class=\"slider-946 slide-951\" \/><\/a><div class=\"caption-wrap\"><div class=\"caption\">Trabajo Alejar Intrusoa<\/div><\/div><\/li>\n                <li style=\"display: none; width: 100%;\" class=\"slide-952 ms-image \" aria-roledescription=\"slide\" aria-label=\"slide-952\"><a href=\"http:\/\/solucom.cl\/tarot\/trabajos\/aferrar-pareja\/\" target=\"_self\" class=\"metaslider_image_link\"><img loading=\"lazy\" decoding=\"async\" src=\"https:\/\/solucom.cl\/tarot\/wp-content\/uploads\/amarrar-pareja-400x171.jpg\" height=\"300\" width=\"700\" alt=\"Trabajo Amarrar Pareja\" class=\"slider-946 slide-952\" \/><\/a><div class=\"caption-wrap\"><div class=\"caption\">Trabajo Amarrar Pareja<\/div><\/div><\/li>\n                <li style=\"display: none; width: 100%;\" class=\"slide-953 ms-image \" aria-roledescription=\"slide\" aria-label=\"slide-953\"><a href=\"http:\/\/solucom.cl\/tarot\/trabajos\/acercar-pareja\/\" target=\"_self\" class=\"metaslider_image_link\"><img loading=\"lazy\" decoding=\"async\" src=\"https:\/\/solucom.cl\/tarot\/wp-content\/uploads\/arrastrar-pareja-474x203.jpg\" height=\"300\" width=\"700\" alt=\"Trabajo Arrastrar Pareja\" class=\"slider-946 slide-953\" \/><\/a><div class=\"caption-wrap\"><div class=\"caption\">Trabajo Arrastrar Pareja<\/div><\/div><\/li>\n                <li style=\"display: none; width: 100%;\" class=\"slide-954 ms-image \" aria-roledescription=\"slide\" aria-label=\"slide-954\"><a href=\"http:\/\/solucom.cl\/tarot\/trabajos\/atraer-persona-amada\/\" target=\"_self\" class=\"metaslider_image_link\"><img loading=\"lazy\" decoding=\"async\" src=\"https:\/\/solucom.cl\/tarot\/wp-content\/uploads\/atraerle-700x300.jpg\" height=\"300\" width=\"700\" alt=\"Trabajo Atraer Pareja\" class=\"slider-946 slide-954\" \/><\/a><div class=\"caption-wrap\"><div class=\"caption\">Trabajo Atraer Pareja<\/div><\/div><\/li>\n                <li style=\"display: none; width: 100%;\" class=\"slide-955 ms-image \" aria-roledescription=\"slide\" aria-label=\"slide-955\"><a href=\"http:\/\/solucom.cl\/tarot\/trabajos\/aferrar-pareja\/\" target=\"_self\" class=\"metaslider_image_link\"><img loading=\"lazy\" decoding=\"async\" src=\"https:\/\/solucom.cl\/tarot\/wp-content\/uploads\/dominar-pareja-564x241.jpg\" height=\"300\" width=\"700\" alt=\"Trabajo Dominar Pareja\" class=\"slider-946 slide-955\" \/><\/a><div class=\"caption-wrap\"><div class=\"caption\">Trabajo Dominar Pareja<\/div><\/div><\/li>\n                <li style=\"display: none; width: 100%;\" class=\"slide-956 ms-image \" aria-roledescription=\"slide\" aria-label=\"slide-956\"><a href=\"http:\/\/solucom.cl\/tarot\/trabajos\/aferrar-pareja\/\" target=\"_self\" class=\"metaslider_image_link\"><img loading=\"lazy\" decoding=\"async\" src=\"https:\/\/solucom.cl\/tarot\/wp-content\/uploads\/someter-pareja-650x278.jpg\" height=\"300\" width=\"700\" alt=\"Trabajo Someter Pareja\" class=\"slider-946 slide-956\" \/><\/a><div class=\"caption-wrap\"><div class=\"caption\">Trabajo Someter Pareja<\/div><\/div><\/li>\n            <\/ul>\n        <\/div>\n        \n    <\/div>\n<\/div>\n<p>\u00a1Potentes <strong>Trabajos de Magia Blanca<\/strong> para Acercar, Alejar, Amarrar, Atraer, Dominar o Recuperar Pareja!<\/p>\n<p>\u00bfDeseas mejorar tu vida amorosa y encontrar la felicidad en el amor?<\/p>\n<p>Nuestros trabajos de magia blanca son la respuesta que buscas.<\/p>\n<p>Con nuestros servicios expertos y altamente efectivos, podr\u00e1s acercar a esa persona especial, alejar influencias negativas, amarrar a tu ser amado, atraer el amor verdadero, dominar los obst\u00e1culos en tu relaci\u00f3n o incluso recuperar a tu pareja perdida.<\/p>\n<p>\u00a1Descubre un mundo de posibilidades con la magia blanca!<\/p>\n<h3>Beneficios de nuestros Trabajos de Magia Blanca:<\/h3>\n<p><strong>Acercar a tu Amor Verdadero<\/strong>: Si sientes que alguien especial est\u00e1 lejos, nuestros trabajos de magia blanca te ayudar\u00e1n a atraerlo hacia ti. La energ\u00eda positiva fluir\u00e1, creando una conexi\u00f3n profunda y significativa.<\/p>\n<p><strong>Alejar Influencias Negativas<\/strong>: \u00bfHay personas o situaciones que obstaculizan tu felicidad amorosa? Nuestra magia blanca puede ayudarte a alejar esas influencias negativas, permitiendo que tu relaci\u00f3n florezca sin problemas.<\/p>\n<p><strong>Amarrar el Amor<\/strong>: Si has encontrado a tu alma gemela y deseas un v\u00ednculo inquebrantable, nuestros trabajos de magia blanca fortalecer\u00e1n los lazos amorosos, creando un amor eterno y verdadero.<\/p>\n<p><strong>Atraer el Amor Verdadero<\/strong>: Si a\u00fan no has encontrado el amor, la magia blanca puede allanar el camino para que el amor verdadero entre en tu vida. Abre tu coraz\u00f3n y permite que el amor llegue a ti.<\/p>\n<p><strong>Dominar Obst\u00e1culos<\/strong>: Toda relaci\u00f3n enfrenta desaf\u00edos, pero con la magia blanca de nuestro lado, esos obst\u00e1culos pueden superarse f\u00e1cilmente. Recupera la armon\u00eda en tu relaci\u00f3n y fortalece el amor compartido.<\/p>\n<p><strong>Recuperar a tu Pareja Perdida<\/strong>: \u00bfHas perdido a tu pareja y sientes que la vida ya no tiene sentido? Nuestros trabajos de magia blanca pueden ayudarte a recuperar a esa persona especial y reconstruir lo que una vez tuvieron juntos.<\/p>\n<p>No esperes m\u00e1s para alcanzar la felicidad en el amor.<\/p>\n<p>Nuestros expertos en magia blanca est\u00e1n listos para ayudarte en cada paso del camino.<\/p>\n<p>Con resultados r\u00e1pidos y efectivos, te sorprender\u00e1 lo que la magia blanca puede lograr en tu vida amorosa.<\/p>\n<p>\u00a1Atr\u00e9vete a tomar el control de tu destino amoroso!<\/p>\n<p>Comienza hoy mismo con nuestros <strong>Trabajos de Magia Blanca<\/strong> y experimenta la alegr\u00eda de un amor aut\u00e9ntico y duradero.<\/p>\n<p><strong> \u00a1No dejes que el amor espere!<\/strong><\/p>\n<h2>Usando Magia Blanca vamos a hacer \u201cTrabajos\u201d de<\/h2>\n<h3>amarrar, acercar, alejar, recuperar, atraer, aferrar, dominar a otra u otras persona(s).<\/h3>\n<p>Haz clic en la imagen o nombre del trabajo para ver detalles<\/p>\n<table id=\"trabajos\" border=\"1\">\n<tbody>\n<tr>\n<td><a title=\"Se parte del punto en que est\u00e1n juntos f\u00edsicamente pero Est\u00e1n peleados y quieres que todo vuelva a ser como antes\" href=\"https:\/\/solucom.cl\/tarot\/trabajos\/acercar-pareja\"><img loading=\"lazy\" decoding=\"async\" src=\"https:\/\/solucom.cl\/tarot\/images\/acercar-pareja.jpg\" width=\"200\" height=\"150\" \/><\/a><\/td>\n<td><strong><a title=\"Se parte del punto en que est\u00e1n juntos f\u00edsicamente pero Est\u00e1n peleados y quieres que todo vuelva a ser como antes\" href=\"https:\/\/solucom.cl\/tarot\/trabajos\/acercar-pareja\">acercar<\/a><\/strong> Est\u00e1n peleados y quieres que todo vuelva a ser como antes<\/td>\n<\/tr>\n<tr>\n<td><a title=\"Se parte del punto en que est\u00e1n juntos, en buenas relaciones y tu te quieres asegurar de que vuestra relaci\u00f3n se mantendr\u00e1 por siempre.\" href=\"https:\/\/solucom.cl\/tarot\/trabajos\/aferrar-pareja\/\"><img loading=\"lazy\" decoding=\"async\" src=\"https:\/\/solucom.cl\/tarot\/images\/aferrar-pareja.jpg\" width=\"200\" height=\"150\" \/><\/a><\/td>\n<td><a title=\"Se parte del punto en que est\u00e1n juntos, en buenas relaciones y tu te quieres asegurar de que vuestra relaci\u00f3n se mantendr\u00e1 por siempre.\" href=\"https:\/\/solucom.cl\/tarot\/trabajos\/aferrar-pareja\/\"><b> aferrar<\/b><\/a> Est\u00e1n juntos pero te da miedo que te deje y quisieras tenerlo aferrado<\/td>\n<\/tr>\n<tr>\n<td><a title=\"Se parte de la base en que est\u00e1n juntos en el amor, pero existe alguna(s) otra(s) persona(s) que se interponen y entorpecen el libre flujo del amor entre ustedes.\" href=\"https:\/\/solucom.cl\/tarot\/trabajos\/alejar-intrusoa\"><img loading=\"lazy\" decoding=\"async\" src=\"https:\/\/solucom.cl\/tarot\/images\/alejar-intruse.jpg\" width=\"200\" height=\"150\" \/><\/a><\/td>\n<td><a title=\"Se parte de la base en que est\u00e1n juntos en el amor, pero existe alguna(s) otra(s) persona(s) que se interponen y entorpecen el libre flujo del amor entre ustedes.\" href=\"https:\/\/solucom.cl\/tarot\/trabajos\/alejar-intrusoa\"><strong> alejar<\/strong><\/a> A esa persona intrusa que se quiere interponer en tu felicidad que vives junto a tu pareja<\/td>\n<\/tr>\n<tr>\n<td><a title=\"Se parte del punto en que est\u00e1n juntos, en buenas relaciones y tu te quieres asegurar de que vuestra relaci\u00f3n se mantendr\u00e1 por siempre.\" href=\"https:\/\/solucom.cl\/tarot\/trabajos\/amarrar-pareja-2\/\"><img loading=\"lazy\" decoding=\"async\" src=\"https:\/\/solucom.cl\/tarot\/images\/amarrar-pareja.jpg\" width=\"200\" height=\"150\" \/><\/a><\/td>\n<td><a title=\"Se parte del punto en que est\u00e1n juntos, en buenas relaciones y tu te quieres asegurar de que vuestra relaci\u00f3n se mantendr\u00e1 por siempre.\" href=\"https:\/\/solucom.cl\/tarot\/trabajos\/amarrar-pareja-2\/\"><strong> amarrar<\/strong><\/a> Le amas demasiado y a pesar de que est\u00e1n juntos, te sientes insegur@ a su lado<\/td>\n<\/tr>\n<tr>\n<td><a title=\"Se parte del punto en que est\u00e1n conectados f\u00edsicamente y mantienen comunicaci\u00f3n, lo que permite hacer que se forme un puente para crear el encanto entre los dos.\" href=\"https:\/\/solucom.cl\/tarot\/trabajos\/atraer-persona-amada\/\"><img loading=\"lazy\" decoding=\"async\" src=\"https:\/\/solucom.cl\/tarot\/images\/atraer-persona-amada.jpg\" width=\"200\" height=\"150\" \/><\/a><\/td>\n<td><a title=\"Se parte del punto en que est\u00e1n conectados f\u00edsicamente y mantienen comunicaci\u00f3n, lo que permite hacer que se forme un puente para crear el encanto entre los dos.\" href=\"https:\/\/solucom.cl\/tarot\/trabajos\/atraer-persona-amada\/\"><b> atraer<\/b><\/a> No hay nada entre ustedes, pero te gustar\u00eda que se fije en ti y que te haga su pareja<\/td>\n<\/tr>\n<tr>\n<td><a href=\"https:\/\/solucom.cl\/tarot\/trabajos\/dominar-a-tu-pareja\/\"><img loading=\"lazy\" decoding=\"async\" src=\"https:\/\/solucom.cl\/tarot\/images\/dominar-pareja.jpg\" width=\"200\" height=\"150\" \/><\/a><\/td>\n<td><a href=\"https:\/\/solucom.cl\/tarot\/trabajos\/dominar-a-tu-pareja\/\"><b> dominar <\/b><\/a> El amor que sientes por tu pareja te obliga a dominarlo para que te de en el gusto para tu placer<\/td>\n<\/tr>\n<tr>\n<td><a title=\"Se parte del punto en que est\u00e1n separados f\u00edsicamente y ya sea que mantengan comunicaci\u00f3n o no, se ha quebrado el encanto entre los dos.\" href=\"https:\/\/solucom.cl\/tarot\/trabajos\/recuperar-pareja\/\"><img loading=\"lazy\" decoding=\"async\" src=\"https:\/\/solucom.cl\/tarot\/images\/recuperar-pareja.jpg\" width=\"200\" height=\"150\" \/><\/a><\/td>\n<td><a title=\"Se parte del punto en que est\u00e1n separados f\u00edsicamente y ya sea que mantengan comunicaci\u00f3n o no, se ha quebrado el encanto entre los dos.\" href=\"https:\/\/solucom.cl\/tarot\/trabajos\/conjuro-para-recuperar-pareja\/\"><strong> recuperar<\/strong><\/a> Est\u00e1n distanciados y saben que el amor es demasiado grande como para dejarlo ir.<\/td>\n<\/tr>\n<\/tbody>\n<\/table>\n<p><!---div style=\"border:1px solid red; color:white; font-size:9px; background-color:gray; padding:10px; text-align: justify;\">\nEs muy importante tener claro que estos Trabajos de Magia Blanca se hacen invocando Santos, Arc\u00e1ngeles y Dios, por lo tanto, cuando un Consultante no entrega toda la informaci\u00f3n correcta y completa, es muy probable que no obtenga resultados positivos porque a Dios no se le puede enga\u00f1ar con mentiras o datos falsos o incompletos.<\/div--->\n<hr \/>\n<p><!---div style=\"font-size:14px; font-color:navy; border:0px solid red; background-color:#CCCCCC; text-align:center; \">\n\n\n<h1 style=\"color:green; text-align:center\">Trabajos de\nMagia Blanca<\/h1>\n\n\n<a title=\"Se parte del punto en que est\u00e1n juntos f\u00edsicamente pero Est\u00e1n peleados y quieres que todo vuelva a ser como antes. \" href='https:\/\/solucom.cl\/tarot\/trabajos\/acercar-pareja\/'>Acercar a tu Pareja<\/a>\n<a title=\"Se parte del punto en que est\u00e1n juntos, en buenas relaciones y tu te quieres asegurar de que vuestra relaci\u00f3n se mantendr\u00e1 por siempre. \" href='https:\/\/solucom.cl\/tarot\/trabajos\/aferrar-pareja\/'>Aferrar a tu Pareja<\/a>\n<a title=\"Se parte de la base en que est\u00e1n juntos en el amor, pero existe alguna(s) otra(s) persona(s) que se interponen y entorpecen el libre flujo del amor entre ustedes. \" href='https:\/\/solucom.cl\/tarot\/trabajos\/alejar-intrusoa\/'>Alejar Intrus@<\/a>\n<a title=\"Se parte del punto en que est\u00e1n conectados f\u00edsicamente y mantienen comunicaci\u00f3n, lo que permite hacer que se forme un puente para crear el encanto entre los dos. \" href='https:\/\/solucom.cl\/tarot\/trabajos\/atraer-persona-amada\/'>Atraer Persona Amada<\/a>\n<a title=\"Se parte del punto en que est\u00e1n separados f\u00edsicamente y ya sea que mantengan comunicaci\u00f3n o no, se ha quebrado el encanto entre los dos. \" href='https:\/\/solucom.cl\/tarot\/trabajos\/recuperar-pareja\/'>Recuperar exPareja<\/a>\n<a title='quieres limpiar tu domicilio de toda mala vibraci\u00f3n, mal de otros, trabajos en tu contra y fuerzas contrarias. ' href='https:\/\/solucom.cl\/tarot\/trabajos\/limpieza-de-casa-o-negocio\/'>Limpieza de casa o negocio<\/a>\n<a title=' ya no soportas seguir solo lidiando con las fuerzas ocultas que act\u00faan en tu contra y est\u00e1s dispuesto a hacer lo necesario para que desaparezca. ' href='https:\/\/solucom.cl\/tarot\/trabajos\/descarga-limpieza-de-aura\/'>Descarga Limpieza de Aura<\/a>\n\n\n<div style=\"background-color:Antique; color:blue; font-size:12px; padding:10px; margin:10px; border:0 dotted cyan;\">Coloca el mouse encima para ver detalles<\/font><\/div>\n\n\n<\/div--->\n<p><img loading=\"lazy\" decoding=\"async\" src=\"https:\/\/solucom.cl\/tarot\/images\/trabajos2.jpg\" width=\"300\" height=\"200\" \/><\/p>\n<p><b>Si reside fuera de Chile y\/o quiere pagar con Tarjeta de Debito\/Credito via PAYPAL, Haga clic en el selector para ver los valores en USD (dolar norteamericano) de cada uno.<\/b><\/p>\n<form action=\"https:\/\/www.paypal.com\/cgi-bin\/webscr\" method=\"post\" target=\"paypal\"><input name=\"cmd\" type=\"hidden\" value=\"_s-xclick\" \/><br \/>\n<input name=\"hosted_button_id\" type=\"hidden\" value=\"3EQMFGEFE6DTU\" \/><\/p>\n<table>\n<tbody>\n<tr>\n<td><input name=\"on0\" type=\"hidden\" value=\"Trabajos\" \/>Selector para Pedir los Trabajos por PAYPAL<\/td>\n<\/tr>\n<tr>\n<td><select name=\"os0\"><option value=\"Aferrar Pareja\">Aferrar Pareja $97,00 USD<\/option><option value=\"Recuperar Amor\">Recuperar Amor $127,00 USD<\/option><option value=\"Alejar Intrus@\">Alejar Intrus@ $127,00 USD<\/option><option value=\"Atraer Persona\">Atraer Persona $127,00 USD<\/option><option value=\"Acercar Pareja\">Acercar Pareja $127,00 USD<\/option><option value=\"Limpieza Aura\">Limpieza Aura $147,00 USD<\/option><option value=\"Descarga Casa\">Descarga Casa $157,00 USD<\/option><\/select><\/td>\n<\/tr>\n<\/tbody>\n<\/table>\n<p><input name=\"currency_code\" type=\"hidden\" value=\"USD\" \/><br \/>\n<input alt=\"PayPal - The safer, easier way to pay online!\" name=\"submit\" src=\"https:\/\/www.paypalobjects.com\/en_US\/i\/btn\/btn_cart_LG.gif\" type=\"image\" \/><br \/>\n<img loading=\"lazy\" decoding=\"async\" src=\"https:\/\/www.paypalobjects.com\/es_XC\/i\/scr\/pixel.gif\" alt=\"\" width=\"1\" height=\"1\" border=\"0\" \/><\/p>\n<\/form>\n<p><b>Todo procedimiento comienza por efectuar el pago del precio del\u00a0 Trabajo que desea realizar.<br \/>\n<i>Se aceptan abonos o pagos parciales hasta completar el precio.<\/i><br \/>\n<\/b><\/p>\n<div id=\"metaslider-id-1383\" style=\"width: 100%; margin: 0 auto;\" class=\"ml-slider-3-91-0 metaslider metaslider-flex metaslider-1383 ml-slider ms-theme-default\" role=\"region\" aria-roledescription=\"Slideshow\" aria-label=\"New Slider\">\n    <div id=\"metaslider_container_1383\">\n        <div id=\"metaslider_1383\" class=\"flexslider\">\n            <ul class='slides'>\n                <li style=\"display: block; width: 100%;\" class=\"slide-1384 ms-image \" aria-roledescription=\"slide\" aria-label=\"slide-1384\"><a href=\"http:\/\/solucom.cl\/tarot\/trabajos\/recuperar-pareja\/\" target=\"_blank\" class=\"metaslider_image_link\"><img loading=\"lazy\" decoding=\"async\" src=\"https:\/\/solucom.cl\/tarot\/wp-content\/uploads\/1-publicacion-20171106-700x300.jpg\" height=\"300\" width=\"700\" alt=\"Trabajo Recuperar Pareja\" class=\"slider-1383 slide-1384\" \/><\/a><div class=\"caption-wrap\"><div class=\"caption\"> en el Aviso publicado en facebook das clic en imagen <\/div><\/div><\/li>\n                <li style=\"display: none; width: 100%;\" class=\"slide-1386 ms-image \" aria-roledescription=\"slide\" aria-label=\"slide-1386\"><a href=\"http:\/\/solucom.cl\/tarot\/trabajos\/recuperar-pareja\/\" target=\"_blank\" class=\"metaslider_image_link\"><img loading=\"lazy\" decoding=\"async\" src=\"https:\/\/solucom.cl\/tarot\/wp-content\/uploads\/2-destino-20171106-700x300.jpg\" height=\"300\" width=\"700\" alt=\"Trabajo Recuperar Pareja\" class=\"slider-1383 slide-1386\" \/><\/a><div class=\"caption-wrap\"><div class=\"caption\">desde la pagina Recuperar Pareja accede al menu TRABAJOS<\/div><\/div><\/li>\n                <li style=\"display: none; width: 100%;\" class=\"slide-1387 ms-image \" aria-roledescription=\"slide\" aria-label=\"slide-1387\"><a href=\"http:\/\/solucom.cl\/tarot\/trabajos\/recuperar-pareja\/\" target=\"_blank\" class=\"metaslider_image_link\"><img loading=\"lazy\" decoding=\"async\" src=\"https:\/\/solucom.cl\/tarot\/wp-content\/uploads\/3-ingreso-20171106-700x300.jpg\" height=\"300\" width=\"700\" alt=\"Trabajo Recuperar Pareja\" class=\"slider-1383 slide-1387\" \/><\/a><div class=\"caption-wrap\"><div class=\"caption\">dentro de TRABAJOS usa  \"Trabajos\" Osorno para ingresar<\/div><\/div><\/li>\n                <li style=\"display: none; width: 100%;\" class=\"slide-1396 ms-image \" aria-roledescription=\"slide\" aria-label=\"slide-1396\"><a href=\"http:\/\/solucom.cl\/tarot\/trabajos\/recuperar-pareja\/\" target=\"_blank\" class=\"metaslider_image_link\"><img loading=\"lazy\" decoding=\"async\" src=\"https:\/\/solucom.cl\/tarot\/wp-content\/uploads\/4-validar-oracion-700x300.jpg\" height=\"300\" width=\"700\" alt=\"\" class=\"slider-1383 slide-1396\" \/><\/a><div class=\"caption-wrap\"><div class=\"caption\">ingrese en VALIDAR INGRESO a ORACION con email y clave<\/div><\/div><\/li>\n                <li style=\"display: none; width: 100%;\" class=\"slide-1389 ms-image \" aria-roledescription=\"slide\" aria-label=\"slide-1389\"><a href=\"http:\/\/solucom.cl\/tarot\/trabajos\/recuperar-pareja\/\" target=\"_blank\" class=\"metaslider_image_link\"><img loading=\"lazy\" decoding=\"async\" src=\"https:\/\/solucom.cl\/tarot\/wp-content\/uploads\/5-oracion-20171106-700x300.jpg\" height=\"300\" width=\"700\" alt=\"Trabajo Recuperar Pareja\" class=\"slider-1383 slide-1389\" \/><\/a><div class=\"caption-wrap\"><div class=\"caption\">Trabajo Recuperar Pareja - Oraci\u00f3n con sus instrucciones<\/div><\/div><\/li>\n            <\/ul>\n        <\/div>\n        \n    <\/div>\n<\/div>\n<p>&nbsp;<\/p>\n<hr \/>\n<p><a href=\"https:\/\/solucom.cl\/tarot\/?page_id=2\"><b>CONSULTA<\/b><\/a> &#8211; <a href=\"https:\/\/solucom.cl\/tarot\/?page_id=13\">Ubicaci\u00f3n<\/a> &#8211; <a href=\"https:\/\/solucom.cl\/tarot\/?page_id=21\">Atenci\u00f3n<\/a> &#8211; <a href=\"https:\/\/solucom.cl\/tarot\/trabajos\/\"><b>TRABAJOS<\/b><\/a> &#8211; <a href=\"https:\/\/solucom.cl\/tarot\/?page_id=25\">Tarifa<\/a> &#8211; <a href=\"https:\/\/solucom.cl\/tarot\/?page_id=37\">FormaPago<\/a> &#8211; <a href=\"https:\/\/solucom.cl\/tarot\/?page_id=69\">Noticias<\/a><\/p>\n<hr \/>\n<p>&nbsp;<br \/>\n<!--table width=\"300\" align=\"center\">\n\n\n<tbody>\n\n\n<tr>\n\n\n<td align=\"center\"><a href=\"https:\/\/solucom.cl\"><img loading=\"lazy\" decoding=\"async\" title=\"SOLUCOM Soluciones Computacionales\" src=\"https:\/\/solucom.cl\/Imagenes\/logo-solu-96.jpg\" alt=\"SOLUCOM Soluciones Computacionales\" width=\"60\" height=\"60\" \/><\/a><\/td>\n\n\n\n\n<td align=\"center\"><a href=\"https:\/\/solucom.cl\/s\"><img loading=\"lazy\" decoding=\"async\" title=\"SOLUCOM P\u00e1gina Inicio\" src=\"https:\/\/solucom.cl\/sol\/logo-sol.jpg\" alt=\"SOLUCOM P\u00e1gina Inicio\" width=\"60\" height=\"60\" \/><\/a><\/td>\n\n\n\n\n<td align=\"center\"><a href=\"https:\/\/www.solucom.cl\/sphcphp\" target=\"_blank\" rel=\"noopener noreferrer\"><img loading=\"lazy\" decoding=\"async\" title=\"Sistema de Previsiones del HOR\u00d3SCOPO CHINO - Version Moderna\" src=\"https:\/\/solucom.cl\/Imagenes\/chincol1-1.jpg\" alt=\"Sistema de Previsiones del HOR\u00d3SCOPO CHINO - Version Moderna\" width=\"60\" height=\"60\" \/><\/a><\/td>\n\n\n\n\n<td align=\"center\"><a href=\"https:\/\/solucom.cl\/aprenda\" target=\"_blank\" rel=\"noopener noreferrer\"><img loading=\"lazy\" decoding=\"async\" title=\"Sistema Aprenda a Conducir por Internet\" src=\"https:\/\/solucom.cl\/aprend\/images\/llave.jpg\" alt=\"Sistema Aprenda a Conducir por Internet\" width=\"60\" height=\"60\" \/><\/a><\/td>\n\n\n<\/tr>\n\n\n<\/tbody>\n\n\n<\/table-->\n&nbsp;<\/p>\n","protected":false},"excerpt":{"rendered":"<p>Trabajos Osorno \u00a1Potentes Trabajos de Magia Blanca para Acercar, Alejar, Amarrar, Atraer, Dominar o Recuperar Pareja! \u00bfDeseas mejorar tu vida amorosa y encontrar la felicidad en el amor? Nuestros trabajos de magia blanca son la respuesta que buscas. Con nuestros servicios expertos y altamente efectivos, podr\u00e1s acercar a esa persona especial, alejar influencias negativas, amarrar &hellip; <a href=\"https:\/\/solucom.cl\/tarot\/trabajos\/\" class=\"more-link\">Contin\u00fae leyendo <span class=\"screen-reader-text\">TRABAJOS<\/span> <span class=\"meta-nav\">&rarr;<\/span><\/a><\/p>\n","protected":false},"author":1,"featured_media":974,"parent":0,"menu_order":4,"comment_status":"closed","ping_status":"closed","template":"","meta":{"footnotes":""},"class_list":["post-180","page","type-page","status-publish","has-post-thumbnail","hentry"],"_links":{"self":[{"href":"https:\/\/solucom.cl\/tarot\/wp-json\/wp\/v2\/pages\/180","targetHints":{"allow":["GET"]}}],"collection":[{"href":"https:\/\/solucom.cl\/tarot\/wp-json\/wp\/v2\/pages"}],"about":[{"href":"https:\/\/solucom.cl\/tarot\/wp-json\/wp\/v2\/types\/page"}],"author":[{"embeddable":true,"href":"https:\/\/solucom.cl\/tarot\/wp-json\/wp\/v2\/users\/1"}],"replies":[{"embeddable":true,"href":"https:\/\/solucom.cl\/tarot\/wp-json\/wp\/v2\/comments?post=180"}],"version-history":[{"count":86,"href":"https:\/\/solucom.cl\/tarot\/wp-json\/wp\/v2\/pages\/180\/revisions"}],"predecessor-version":[{"id":30022,"href":"https:\/\/solucom.cl\/tarot\/wp-json\/wp\/v2\/pages\/180\/revisions\/30022"}],"wp:featuredmedia":[{"embeddable":true,"href":"https:\/\/solucom.cl\/tarot\/wp-json\/wp\/v2\/media\/974"}],"wp:attachment":[{"href":"https:\/\/solucom.cl\/tarot\/wp-json\/wp\/v2\/media?parent=180"}],"curies":[{"name":"wp","href":"https:\/\/api.w.org\/{rel}","templated":true}]}}