{"id":188,"date":"2016-07-12T06:10:39","date_gmt":"2016-07-12T09:10:39","guid":{"rendered":"http:\/\/solucom.cl\/tarot\/?page_id=188"},"modified":"2023-08-27T07:11:14","modified_gmt":"2023-08-27T10:11:14","slug":"aferrar-pareja","status":"publish","type":"page","link":"https:\/\/solucom.cl\/tarot\/trabajos\/aferrar-pareja\/","title":{"rendered":"Aferrar tu pareja"},"content":{"rendered":"<h1>Hechizo para aferrar tu pareja<\/h1>\n<p><center><a target='_blank' href='http:\/\/solucom.cl\/tarot\/TMB-AF.pdf' title='Descargar PDF' rel=\"noopener noreferrer\">Para privacidad descargar <img src='https:\/\/solucom.cl\/tarot\/images\/descargarPDF.jpg' width='44'><\/a> -=> <a target='_blank' href='https:\/\/solucom.cl\/tarot\/app\/tmbafapp-release.apk' title='Descargar APP-TMB-AF desde SOLUCOM' rel=\"noopener noreferrer\"><img src='https:\/\/solucom.cl\/tarot\/images\/publicidad\/logo-tmb-af.jpg' width='44'><\/a><\/center><br \/>\n<img src='https:\/\/solucom.cl\/tarot\/wp-content\/uploads\/aferrar-pareja.jpg' width='0' height='0'><br \/>\n<b>Para que se enamore perdidamente de ti<\/b><br \/>\nSe parte del punto en que est\u00e1n juntos, en buenas relaciones y tu te quieres asegurar de que vuestra relaci\u00f3n se mantendr\u00e1 por siempre.<br \/>\nNecesitas tener algunos utensilios caseros y hacer una penitencia en oraci\u00f3n.<br \/>\nDebes tener total y absoluta convicci\u00f3n de que le quieres aferrar a ti por siempre.<br \/>\nEsta sesi\u00f3n demora como una hora y tiene efecto de inmediato.<br \/>\nLas muchas personas que lo han hecho est\u00e1n satisfechas del resultado obtenido.<br \/>\nSi tu est\u00e1s con tu pareja puedes hacer que tu sue\u00f1o te dure para siempre.<\/p>\n<p><a title=\"toque clic para Evaluaci\u00f3n sin costo de su caso\" href=\"https:\/\/m.me\/aferrarpareja\"><img decoding=\"async\" src=\"https:\/\/solucom.cl\/tarot\/images\/evaluacion-inicial.jpg\" \/><br \/>toque clic para Evaluaci\u00f3n sin costo de su caso<\/a><\/p>\n<p><\/p>\n<p><center><span style=\"font-face:Arial; font-size:14px; text-align:center; padding:3px; spacing:3px; \">Valor Trabajo CLP$ 66.000<br \/>(sesenta y seis mil pesos chilenos)<br \/>equivalente  USD$ 82.00<\/p>\n<p><!--span> pago en cuotas via Paypal<br \/>y tambi\u00e9n puede pagarlo en cuotas con <b>WebPay Plus<\/b> de Transbank, usando tarjetas de d\u00e9bito \/ cr\u00e9dito Visa, Magna, MasterCard, Dinnes Club, American Express, Cencosud, Lider, REDCOMPRA, etc.\n\n\n<form name=\"btnPago\" method=\"post\" action=\"https:\/\/webpay3g.transbank.cl\/filtroUnificado\/buttonService\">\n\t<input type=\"hidden\" name=\"buttonId\" value=\"40635fb883e861b44588a1195fb1d523\"\/>\n\t<input type=\"image\" src=\"https:\/\/solucom.cl\/Imagenes\/logo-webpay-plus-blanik-660x312.png\"\/>\n<\/form>\n\n\n<\/span--><br \/>\n<\/p>\n<h3>\tSi,  <img src='https:\/\/solucom.cl\/Imagenes\/logh1c-200x245.jpg' width='80' height='100' ><\/p>\n<p>\tsi le puedo ayudar a hacer que su pareja quede aferrada a ti por siempre.<\/h3>\n<p><b>Soy Luis Galdames desde Osorno Chile, Astrologo, Tarotista y Maestro Esot\u00e9rico con m\u00e1s de 40 a\u00f1os de experiencia ayudando a personas como usted.<br \/>\n<\/b><br \/>\n<i>\tEste trabajo hace todo eso que pide y mas aquello que quiera pedir.<br \/>\n<\/i><br \/>\n\tPara eso necesito una foto de la cara de su pareja, de frente, mirando a la c\u00e1mara,<\/p>\n<p>\tsu nombre completo y fecha nacimiento.<\/p>\n<p>\tLo mismo de usted.<\/p>\n<p>\t<u>El Trabajo se demora nueve d\u00edas<\/u>.<br \/>\nNormalmente estos resultados se ven entre una a tres semanas.<\/p>\n<p>\t<!--center><b><span style=\"font-face:Arial Narrow; font-size:14px; text-align:center; padding:3px; spacing:3px; \">Se paga en caja vecina BANCOESTADO cuentarut 5.760.860-9  <br \/>a mi nombre Luis Galdames Hidalgo <br \/>y tambi\u00e9n v\u00eda Transbank, con su CuentaRUT o tarjeta de D\u00e9bito o Cr\u00e9dito\n<br \/>\n\n\n<form name=\"btnPago\" method=\"post\" action=\"https:\/\/webpay3g.transbank.cl\/filtroUnificado\/buttonService\">\n\t<input type=\"hidden\" name=\"buttonId\" value=\"40635fb883e861b44588a1195fb1d523\"\/>\n\t<input type=\"image\" src=\"https:\/\/solucom.cl\/Imagenes\/logo-webpay-plus-blanik-660x312.png\"\/>\n<\/form>\n\n<\/span><\/b--><\/p>\n<p><i>\tTiene la garant\u00eda de que yo voy a estar a diario contigo por wasap,<br \/>\n\tpara asegurarme que todo se hace como debe ser para lograr traer a su pareja quede aferrada a ti por siempre.<br \/>\n<\/i><br \/>\n<b><i>\tSi decide hacer el trabajo,<br \/>\n\t\tpara contactarme, clic  <a target='_blank' href='https:\/\/m.me\/acercarpareja' rel=\"noopener noreferrer\"> <b> AQUI <\/b> <\/a> \ty me env\u00eda:<br \/>\n\t\t&#8211; las fotos individuales de ambos,<br \/>\n\t\t&#8211; los nombres completos y fechas de nacimiento dia-mes-a\u00f1o<br \/>\n<\/i><\/b>\t<\/p>\n<div style=\"font-size:18px; font-color:navy; border:0px dotted red; text-align:center;  padding:10px;\">\n<h1>Haga clic en el bot\u00f3n de la forma de pago preferida<\/h1>\n<table width=\"100%\" align=\"center\" border=\"1\" cellpadding=\"10\" cellspacing=\"10\" >\n<tr>\n<td align=\"center\">\n<h3>Transferencia o deposito en <b>caja vecina<\/b>,<br \/>\n                         a cuentarut <b>5760860<\/b><br \/>\n\t\t\t por <b>$66.000<\/b> <br \/>\n\t\t\t a: <b>Luis Galdames Hidalgo<\/b><br \/>\n\t\t\t RUT: <b>5.760.760-9<\/b><br \/>\n\t\t\t correo: <b>luisgaldames@solucom.cl<\/b><br \/>\n\t\t\t nota: <b>TMB-RP<\/b><br \/>\n\t\t\t <span style=\"font-face:Arial Narrow; \">BancoEstado,  <b>cuentaRUT 5760860<\/b>  o<\/span><br \/>Banco Santander <b>ctacte 0-000-77-99022-4<\/b><\/h3>\n<p>\t\t\t <a target=\"_blank\" href=\"https:\/\/m.me\/recuperarexpareja\" rel=\"noopener\"><b style=\"color:blue; font-size:20px; \">Me env\u00eda la <u>foto del comprobante<br \/> tocando AQUI<\/u><br \/>para hacer su trabajo rapido.<\/b><\/a>\n<\/td>\n<\/tr>\n<\/table>\n<h1 style=\"color:blue; \"><i>Toque el bot\u00f3n que le sirve:<\/i><\/h1>\n<table width=\"100%\" align=\"center\" border=\"1\" cellpadding=\"10\" cellspacing=\"10\" >\n<tr>\n<td align=\"center\">\n\t\t\t<a target=\"_blank\" href=\"https:\/\/solucom.cl\/tarot\/_CuentaRUT-trabajo.php\" rel=\"noopener\"><br \/>\n <img decoding=\"async\" src=\"https:\/\/solucom.cl\/aprenda\/curso\/img\/cajavecina1.webp\" width=\"100%\" height=\"100\" style='border-radius: 10px; max-width: 100%; height: auto;'\n\t\t\t\ttitle=\"Para que nos haga llegar el dinero por el Banco del Estado de Chile,\n\t\t\t\t\tpuede ir a la agencia o caja vecina mas cercana a depositar\n\t\t\t\t\to nos puede transferir por Internet.\n\t\t\t\t\tTransferencia o deposito en caja vecina,\n\t\t\t\t\tpor $66.000\n\t\t\t\t\ta: Luis Galdames Hidalgo\n\t\t\t\t\tRUT: 5.760.760-9\n\t\t\t\t\tcorreo: luisgaldames@solucom.cl\n\t\t\t\t\tnota: Respuestas\n\t\t\t\t\tBancoEstado, cuentaRUT 5760860\"><br \/>\n\t\t\t<\/a><br \/><b style=\"color:blue; font-size:14px; \">en CHILE deposito o transferencia a cuentaRUT 5760860  para  hacer su trabajo rapido<\/b>\n\t<\/td>\n<\/tr>\n<tr>\n<td align=\"center\">\n\t\t\t<a target=\"_blank\" href=\"https:\/\/solucom.cl\/tarot\/_Santander-trabajo.php\" rel=\"noopener\"><img decoding=\"async\" src=\"https:\/\/solucom.cl\/Imagenes\/logo-santander.jpg\" width=\"100%\" height=\"100\"  style='border-radius: 10px; max-width: 100%; height: auto;'\/><br \/>\n\t\t\t<\/a><br \/><b style=\"color:blue; font-size:14px;  \">Deposito o Transferencia cuenta corriente 0-000-77-99022-4 para  hacer su trabajo rapido<\/b><\/p>\n<p>\n\t<\/tr>\n<\/td>\n<tr>\n<td align=\"center\">\n<form name=\"btnPago\" method=\"post\" action=\"https:\/\/webpay3g.transbank.cl\/filtroUnificado\/buttonService\">\n\t\t\t\t<input type=\"hidden\" name=\"buttonId\" value=\"40635fb883e861b44588a1195fb1d523\"\/><br \/>\n\t\t\t\t<input type=\"image\" src=\"https:\/\/solucom.cl\/Imagenes\/logo-webpay-plus-blanik-660x312.png\" width=\"100%\" height=\"150\" style='border-radius: 10px; max-width: 100%; height: auto;'\/><br \/>\n\t\t\t\t<br \/><b style=\"color:blue; font-size:14px;  \">Paga $66.000 pesos chilenos por transferencia desde su banco o  desde su tarjeta debito\/credito<br \/>para  hacer su trabajo expreso<\/b><br \/>\n\t\t\t<\/form>\n<\/td>\n<\/tr>\n<tr>\n<td align=\"center\">\n\t\t\t<a target=\"_blank\" href=\"https:\/\/link.mercadopago.cl\/solucom\" rel=\"noopener\"><img decoding=\"async\" src=\"https:\/\/solucom.cl\/Imagenes\/logo-mercadopago1.jpg\" width=\"100%\" height=\"100\"  style='border-radius: 10px; max-width: 100%; height: auto;'\/><\/a><br \/><b style=\"color:blue; font-size:14px;  \">Paga $66.000 pesos chilenos Envios por Transferencia Internacional para  hacer su trabajo expreso<\/b>\n\t<\/td>\n<\/tr>\n<tr>\n<td align=\"center\" background-color=\"#CCCCCC\">\n<a target=\"_blank\" href=\"https:\/\/www.paypal.me\/LuisGaldames\/82\" rel=\"noopener\"><img decoding=\"async\" src=\"https:\/\/solucom.cl\/aprenda\/curso\/img\/paypal-1.jpg\" width=\"100%\" height=\"100\"  style='border-radius: 10px; max-width: 100%; height: auto;'\/><\/a><br \/><b style=\"color:blue; font-size:14px;  \">Paga USD $82.00 desde su tarjeta debito\/credito para  hacer su trabajo expreso<\/b><\/p>\n<p>\t\t\t<!--form action=\"https:\/\/www.paypal.com\/cgi-bin\/webscr\" method=\"post\" target=\"_top\">\n\t\t\t\t<input type=\"hidden\" name=\"cmd\" value=\"_s-xclick\">\n\t\t\t\t<input type=\"hidden\" name=\"hosted_button_id\" value=\"JJMEFQHJECTKS\">\n\t\t\t\t<input type=\"image\" src=\"https:\/\/solucom.cl\/aprenda\/curso\/img\/paypal-1.jpg\" border=\"0\" width=\"100%\" height=\"150\" name=\"submit\" alt=\"PayPal, la forma r\u00e1pida y segura de pagar en Internet.\" style='border-radius: 10px; max-width: 100%; height: auto;'>\n\t\t\t\t<b style=\"color:blue; font-size:14px;  \">Paga USD 97.oo desde su tarjeta debito\/credito para  hacer su trabajo expreso<\/b>\n\n\n\t\t\t<\/form-->\n\t<\/td>\n<\/tr>\n<tr>\n<td align=\"center\">\n\t\t\t<a target=\"_blank\" href=\"https:\/\/solucom.cl\/tarot\/_MoneyGram.html\" rel=\"noopener\"><img decoding=\"async\" src=\"https:\/\/solucom.cl\/Imagenes\/logo-moneygram.jpg\" width=\"100%\" height=\"100\"  style='border-radius: 10px; max-width: 100%; height: auto;'\/><\/a><br \/><b style=\"color:blue; font-size:14px;  \">Paga USD 97.oo Envios por Agencia Internacional para  hacer su trabajo pronto<\/b><\/p>\n<\/td>\n<\/tr>\n<tr>\n<td align=\"center\">\n\t\t\t<a target=\"_blank\" href=\"https:\/\/solucom.cl\/tarot\/_WesternUnion.html\" rel=\"noopener\"><img decoding=\"async\" src=\"https:\/\/solucom.cl\/Imagenes\/logo-westernunion.jpg\" width=\"100%\" height=\"100\"  style='border-radius: 10px; max-width: 100%; height: auto;'\/><\/a><br \/><b style=\"color:blue; font-size:14px;  \">Paga USD 97.oo Envios por Agencia Internacional para hacer su trabajo pronto<\/b><\/p>\n<\/td>\n<\/tr>\n<\/table>\n<p><\/center>\n<\/div>\n<p><!--div style=\"border:1px solid red; color:white; font-size:9px; background-color:gray; padding:10px; text-align: justify;\">\nEs muy importante tener claro que estos Trabajos de Magia Blanca se hacen invocando Santos, Arc\u00e1ngeles y Dios, por lo tanto, cuando un Consultante no entrega toda la informaci\u00f3n correcta y completa, es muy probable que no obtenga resultados positivos porque a Dios no se le puede enga\u00f1ar con mentiras o datos falsos o incompletos.<\/div-->\n<hr>\n<hr>\n<div style=\"font-size:14px; font-color:navy; border:1px dotted gold; background-color:#CCCCCC; text-align:center; \">\n<h1 style=\"color:green; text-align:center\">Trabajos de<br \/>\nMagia Blanca<\/h1>\n<p><a title=\"Se parte del punto en que est\u00e1n juntos f\u00edsicamente pero est\u00e1n peleados y quieres que todo vuelva a ser como antes ... $66.000 \"  href='https:\/\/solucom.cl\/tarot\/trabajos\/acercar-pareja\/'>Acercar a tu Pareja<\/a><\/p>\n<p><a title=\"Se parte del punto en que est\u00e1n juntos, en buenas relaciones y tu te quieres asegurar de que vuestra relaci\u00f3n se mantendr\u00e1 por siempre ... $66.000 \" href='https:\/\/solucom.cl\/tarot\/trabajos\/aferrar-pareja\/'>Aferrar a tu Pareja<\/a><\/p>\n<p><a title=\"Se parte de la base en que est\u00e1n juntos en el amor, pero existe alguna(s) otra(s) persona(s) que se interponen y entorpecen el libre flujo del amor entre ustedes ... $69.000 \"  href='https:\/\/solucom.cl\/tarot\/trabajos\/alejar-intrusoa\/'>Alejar Intrus@<\/a><\/p>\n<p><a title='Se parte de la base en que est\u00e1n juntos en convivencia, pero existe alguna(s) cosa(s) que se interponen y entorpecen en libre flujo del amor entre ustedes y quieres que se termine y esa persona desaparezca de tu vida.... $69.000 ' href='https:\/\/solucom.cl\/tarot\/trabajos\/alejar-pareja\/'>Alejar Pareja<\/a><\/p>\n<p><a title=\"Para que se enamore perdidamente de ti. Se parte del punto en que est\u00e1n juntos, en buenas relaciones y tu te quieres asegurar de que vuestra relaci\u00f3n se mantendr\u00e1 por siempre ... $66.000 \"  href='https:\/\/solucom.cl\/tarot\/trabajos\/amarrar-pareja-2\/'>Amarrar a tu Pareja<\/a><\/p>\n<p><a title=\"Se parte del punto en que est\u00e1n conectados f\u00edsicamente y mantienen comunicaci\u00f3n, lo que permite hacer que se forme un puente para crear el encanto entre los dos ... $66.000 \" href='https:\/\/solucom.cl\/tarot\/trabajos\/atraer-persona-amada\/'>Atraer Persona Amada<\/a><\/p>\n<p><a title='Se parte de la base en que est\u00e1n juntos en el amor o en la convivencia diaria, pero existe alguna(s) instancias en las que se hace necesario que tu te impongas sobre su voluntad... $77.000 ' href='https:\/\/solucom.cl\/tarot\/trabajos\/dominar-a-tu-pareja\/'>Dominar a tu Pareja<\/a><\/p>\n<p><a title='Se parte de la base en que est\u00e1n juntos en la Familia o en la convivencia diaria, pero existe alguna(s) instancias en las que se hace necesario que tu te impongas sobre sus voluntades... $77.000 ' href='https:\/\/solucom.cl\/tarot\/trabajos\/dominar-a-tu-familia\/'>Dominar a tu Familia<\/a><\/p>\n<p><a title=\"Se parte del punto en que est\u00e1n separados f\u00edsicamente y ya sea que mantengan comunicaci\u00f3n o no, se ha quebrado el encanto entre los dos ... $66.000 \"  href='https:\/\/solucom.cl\/tarot\/trabajos\/recuperar-pareja\/'>Recuperar exPareja<\/a><\/p>\n<div style=\"background-color:Antique; color:blue; font-size:12px; padding:10px; margin:10px; border:0 dotted cyan;\">Coloca el mouse encima para ver detalles<\/font><\/div>\n<\/div>\n<div style=\"font-size:14px; font-color:navy; border:0px solid red; background-color:#CCCCCC; text-align:center; \">\n<h1 style=\"color:green; text-align:center\">Trabajos de<br \/> Magia Blanca<\/h1>\n<p><a title=\"Se parte del punto en que est\u00e1n juntos f\u00edsicamente pero Est\u00e1n peleados y quieres que todo vuelva a ser como antes ... $66.000 \"  href='https:\/\/solucom.cl\/tarot\/trabajos\/acercar-pareja\/'>Acercar a tu Pareja<\/a><br \/>\n<a title=\"Se parte del punto en que est\u00e1n juntos, en buenas relaciones y tu te quieres asegurar de que vuestra relaci\u00f3n se mantendr\u00e1 por siempre ... $66.000 \" href='https:\/\/solucom.cl\/tarot\/trabajos\/aferrar-pareja\/'>Aferrar a tu Pareja<\/a><br \/>\n<a title=\"Se parte de la base en que est\u00e1n juntos en el amor, pero existe alguna(s) otra(s) persona(s) que se interponen y entorpecen el libre flujo del amor entre ustedes ... $69.000 \"  href='https:\/\/solucom.cl\/tarot\/trabajos\/alejar-intrusoa\/'>Alejar Intrus@<\/a><br \/>\n<a title=\"Se parte del punto en que est\u00e1n conectados f\u00edsicamente y mantienen comunicaci\u00f3n, lo que permite hacer que se forme un puente para crear el encanto entre los dos ... $66.000 \" href='https:\/\/solucom.cl\/tarot\/trabajos\/atraer-persona-amada\/'>Atraer Persona Amada<\/a><br \/>\n<a title=\"Se parte del punto en que est\u00e1n separados f\u00edsicamente y ya sea que mantengan comunicaci\u00f3n o no, se ha quebrado el encanto entre los dos ... $66.000 \"  href='https:\/\/solucom.cl\/tarot\/trabajos\/recuperar-pareja\/'>Recuperar exPareja<\/a><br \/>\n<a title='quieres limpiar tu domicilio de toda mala vibraci\u00f3n, mal de otros, trabajos en tu contra y fuerzas contrarias... $97.000 ' href='https:\/\/solucom.cl\/tarot\/trabajos\/limpieza-de-casa-o-negocio\/'>Limpieza de casa o negocio<\/a><br \/>\n<a title=' ya no soportas seguir solo lidiando con las fuerzas ocultas que act\u00faan en tu contra y est\u00e1s dispuesto a hacer lo necesario para que desaparezcan... $77.000 ' href='https:\/\/solucom.cl\/tarot\/trabajos\/descarga-limpieza-de-aura\/'>Descarga Limpieza de Aura<\/a><\/p>\n<div style=\"background-color:Antique; color:blue; font-size:12px; padding:10px; margin:10px; border:0 dotted cyan;\">Coloca el mouse encima para ver detalles<\/font><\/div>\n<\/div>\n<p><center><\/p>\n<hr>\n<p><a href='https:\/\/solucom.cl\/tarot\/?page_id=2'><b>CONSULTA<\/b><\/a>  &#8211;  <a href='https:\/\/solucom.cl\/tarot\/?page_id=13'>Ubicaci\u00f3n<\/a>  &#8211;  <a href='https:\/\/solucom.cl\/tarot\/?page_id=21'>Atenci\u00f3n<\/a>  &#8211;  <a href='https:\/\/solucom.cl\/tarot\/trabajos\/'><b>TRABAJOS<\/b><\/a>  &#8211;  <a href='https:\/\/solucom.cl\/tarot\/?page_id=25'>Tarifa<\/a>  &#8211;  <a href='https:\/\/solucom.cl\/tarot\/?page_id=37'>FormaPago<\/a>  &#8211;  <a href='https:\/\/solucom.cl\/tarot\/?page_id=69'>Noticias<\/a><\/p>\n<hr>\n<p><center><\/p>\n<table width='300' align='center'>\n<tr>\n<td align='center'><a href=\"https:\/\/solucom.cl\"><img loading=\"lazy\" decoding=\"async\" alt=\"SOLUCOM Soluciones Computacionales\" title=\"SOLUCOM  Soluciones Computacionales\" src=\"https:\/\/solucom.cl\/Imagenes\/logo-solu-96.jpg\"  height=\"60\" width=\"60\"><\/a><\/td>\n<td align='center'><a href=\"https:\/\/solucom.cl\/s\"><img loading=\"lazy\" decoding=\"async\" alt=\"SOLUCOM P\u00e1gina Inicio\" title=\"SOLUCOM P\u00e1gina Inicio\" src=\"https:\/\/solucom.cl\/sol\/logo-sol.jpg\"  height=\"60\" width=\"60\"><\/a><\/td>\n<td align='center'><a target=\"_blank\" href=\"https:\/\/www.solucom.cl\/sphcphp\" rel=\"noopener noreferrer\"><img loading=\"lazy\" decoding=\"async\" src=\"https:\/\/solucom.cl\/Imagenes\/chincol1-1.jpg\" height=\"60\" width=\"60\" alt=\"Sistema de Previsiones del HOR\u00d3SCOPO CHINO - Version Moderna\" title=\"Sistema de Previsiones del HOR\u00d3SCOPO CHINO - Version Moderna\"><\/a><\/td>\n<td align='center'><a target=\"_blank\" href=\"https:\/\/solucom.cl\/aprenda\" rel=\"noopener noreferrer\"><img loading=\"lazy\" decoding=\"async\" src=\"https:\/\/solucom.cl\/aprend\/images\/llave.jpg\" height=\"60\" width=\"60\" alt=\"Sistema Aprenda a Conducir por Internet\" title=\"Sistema Aprenda a Conducir por Internet\"><\/a><\/td>\n<\/tr>\n<\/table>\n<p><\/center><\/p>\n<hr>\n<p>para ver mas testimonios vea esta <a href=\"https:\/\/solucom.cl\/1\">p\u00e1gina en computador<\/a><\/p>\n<p><a title=\"toque clic para Evaluaci\u00f3n sin costo de su caso\" href=\"https:\/\/m.me\/aferrarpareja\"><img decoding=\"async\" src=\"https:\/\/solucom.cl\/tarot\/images\/evaluacion-inicial.jpg\" \/><br \/>toque clic para Evaluaci\u00f3n sin costo de su caso<\/a><\/p>\n<p><center><\/p>\n<h1>Para adquirir su Trabajo Aferrar Pareja<br \/>OFERTA final<br \/>Inicie su trabajo de inmediato con $20.000 <br \/>toque este boton:<\/h1>\n<form name=\"btnPago\" method=\"post\" action=\"https:\/\/webpay3g.transbank.cl\/filtroUnificado\/buttonService\">\n    <input type=\"hidden\" name=\"buttonId\" value=\"d53195bc6dd5491bfc4cada6259fff57\"\/><br \/>\n    <input type=\"image\" src=\"https:\/\/solucom.cl\/Imagenes\/logo-webpay-plus-blanik-660x312.png\"\/><br \/>\n<\/form>\n<p><\/center><\/p>\n<p><center><\/p>\n<h1 style=\"color:red; background-color:'#CECECE'; \">Para hacer su Trabajo: <br \/>OFERTA Dieciochera: <br \/> Inicie su trabajo de inmediato con $50.000 pago \u00fanico. <br \/> Toque este boton:  <\/p>\n<form name=\"btnPago\" method=\"post\" action=\"https:\/\/webpay3g.transbank.cl\/filtroUnificado\/buttonService\">\n    <input type=\"hidden\" name=\"buttonId\" value=\"ae238632925f644b0a9bedb3e42b4faf\"\/><br \/>\n    <input type=\"image\" src=\"https:\/\/solucom.cl\/Imagenes\/logo-webpay-plus-blanik-660x312.png\"\/><br \/>\n<\/form>\n<\/h1>\n<p><\/center><\/center><\/p>\n","protected":false},"excerpt":{"rendered":"<p>Hechizo para aferrar tu pareja Para privacidad descargar -=> Para que se enamore perdidamente de ti Se parte del punto en que est\u00e1n juntos, en buenas relaciones y tu te quieres asegurar de que vuestra relaci\u00f3n se mantendr\u00e1 por siempre. Necesitas tener algunos utensilios caseros y hacer una penitencia en oraci\u00f3n. Debes tener total y &hellip; <a href=\"https:\/\/solucom.cl\/tarot\/trabajos\/aferrar-pareja\/\" class=\"more-link\">Contin\u00fae leyendo <span class=\"screen-reader-text\">Aferrar tu pareja<\/span> <span class=\"meta-nav\">&rarr;<\/span><\/a><\/p>\n","protected":false},"author":1,"featured_media":948,"parent":180,"menu_order":2,"comment_status":"closed","ping_status":"closed","template":"","meta":{"footnotes":""},"class_list":["post-188","page","type-page","status-publish","has-post-thumbnail","hentry"],"_links":{"self":[{"href":"https:\/\/solucom.cl\/tarot\/wp-json\/wp\/v2\/pages\/188","targetHints":{"allow":["GET"]}}],"collection":[{"href":"https:\/\/solucom.cl\/tarot\/wp-json\/wp\/v2\/pages"}],"about":[{"href":"https:\/\/solucom.cl\/tarot\/wp-json\/wp\/v2\/types\/page"}],"author":[{"embeddable":true,"href":"https:\/\/solucom.cl\/tarot\/wp-json\/wp\/v2\/users\/1"}],"replies":[{"embeddable":true,"href":"https:\/\/solucom.cl\/tarot\/wp-json\/wp\/v2\/comments?post=188"}],"version-history":[{"count":84,"href":"https:\/\/solucom.cl\/tarot\/wp-json\/wp\/v2\/pages\/188\/revisions"}],"predecessor-version":[{"id":30052,"href":"https:\/\/solucom.cl\/tarot\/wp-json\/wp\/v2\/pages\/188\/revisions\/30052"}],"up":[{"embeddable":true,"href":"https:\/\/solucom.cl\/tarot\/wp-json\/wp\/v2\/pages\/180"}],"wp:featuredmedia":[{"embeddable":true,"href":"https:\/\/solucom.cl\/tarot\/wp-json\/wp\/v2\/media\/948"}],"wp:attachment":[{"href":"https:\/\/solucom.cl\/tarot\/wp-json\/wp\/v2\/media?parent=188"}],"curies":[{"name":"wp","href":"https:\/\/api.w.org\/{rel}","templated":true}]}}