{"id":192,"date":"2016-07-12T06:32:52","date_gmt":"2016-07-12T09:32:52","guid":{"rendered":"http:\/\/solucom.cl\/tarot\/?page_id=192"},"modified":"2023-08-31T02:33:35","modified_gmt":"2023-08-31T05:33:35","slug":"recuperar-pareja","status":"publish","type":"page","link":"https:\/\/solucom.cl\/tarot\/trabajos\/recuperar-pareja\/","title":{"rendered":"Recuperar Pareja"},"content":{"rendered":"<p><script>(function(p,u,s,h){p.botId = \"TiI7ON\";s=u.createElement('script');s.type='text\/javascript';s.id=\"bot-widget-script\";s.src='https:\/\/app.conversiobot.com\/lib\/js\/gadget.js';s.setAttribute('bid',\"TiI7ON\");h=u.getElementsByTagName('script')[0];h.parentNode.insertBefore(s,h);})(window,document);<\/script><\/p>\n<h1>Conjuro para Recuperar ex Pareja<\/h1>\n<p><a title=\"Descargar PDF\" href=\"http:\/\/solucom.cl\/tarot\/TMB-RP.pdf\" target=\"_blank\" rel=\"noopener noreferrer\">Para privacidad leer PDF <img decoding=\"async\" src=\"https:\/\/solucom.cl\/tarot\/images\/descargarPDF.jpg\" width=\"44\" \/><\/a><br \/>\n<center><img loading=\"lazy\" decoding=\"async\" src=\"https:\/\/solucom.cl\/tarot\/images\/_notes\/0recuperar-pareja.jpg\" width=\"250\" height=\"150\" \/><\/center><\/p>\n<h5>Se parte del punto en que est\u00e1n o no separados f\u00edsicamente y ya sea que mantengan comunicaci\u00f3n o no, <b style=\"color:blue;\"> se ha quebrado el encanto entre los dos<\/b>.<\/h5>\n<h4>Necesitas tener su foto de la cara de frente sin gafas, donde se vean sus ojos n\u00edtido al ampliarla, su nombre completo y fecha de nacimiento, mas algunos elementos caseros comunes y hacer una novena con una Oraci\u00f3n que <b style=\"color:blue;\"> yo te voy a preparar y te acompa\u00f1ar\u00e9 en el proceso durante 30 d\u00edas para guiarte y orientarte hacia tu resultado<\/b>.<\/h4>\n<h3>Debes tener total y absoluta convicci\u00f3n de que <b style=\"color:blue;\">quieres recuperar a tu ex pareja<\/b> y hacerle que regrese a ti.<\/h3>\n<h3>Este trabajo <i>demora nueve dias<\/i> y tiene efecto desde <i>inmediato<\/i> hasta en un par de semanas.<\/h3>\n<h4>Las muchas personas que lo han hecho est\u00e1n felices del resultado obtenido.<\/h4>\n<h4 style=\"color:blue;\">Es para ti, que ya no est\u00e1s con tu pareja y quieres que regrese para que reanuden su idilio.<\/h4>\n<p><b>Cuando vuelva tambi\u00e9n puedes hacer que tu sue\u00f1o <b style=\"color:blue;\">te dure para siempre<\/b>.<\/b><\/p>\n<p><a href=\"https:\/\/m.me\/recuperarexpareja\"><img loading=\"lazy\" decoding=\"async\" src=\"https:\/\/solucom.cl\/Imagenes\/logh1c-200x245.jpg\" width=\"80\" height=\"100\"><\/a><\/p>\n<h3>Si, si te puedo ayudar a hacer que tu pareja regrese a ti.<\/h3>\n<h4> Soy <a href=\"https:\/\/www.google.com\/search?q=Luis+octavio+Galdames+Hidalgo+SOLUCOM&amp;newwindow=1&amp;rlz=1C1CHBF_esCL972CL972&amp;sxsrf=AOaemvK8Vy-iJTdS2VROD_V0oWRQj_wEEg%3A1635196387727&amp;ei=4x13YdbsK4K35OUPgu2E2As&amp;ved=0ahUKEwiW6s-evebzAhWCG7kGHYI2AbsQ4dUDCA4&amp;uact=5&amp;oq=Luis+octavio+Galdames+Hidalgo+SOLUCOM&amp;gs_lcp=Cgdnd3Mtd2l6EAM6CggjEK4CELADECc6BwgjELACECdKBAhBGAFQj94BWKuoAmDVrQJoCHAAeACAAVmIAcUHkgECMTWYAQCgAQHIAQHAAQE&amp;sclient=gws-wiz\" target=\"_blank\" rel=\"noopener\">Luis Galdames Hidalgo<\/a> desde Osorno Chile, Astrologo, Tarotista y Maestro Esot\u00e9rico con m\u00e1s de 30 a\u00f1os de experiencia ayudando a personas como tu.<br \/>\n<\/h4>\n<h5><i> Este trabajo hace todo eso que pides y mas aquello que quieras pedir.<br \/>\n<\/i><\/h5>\n<h3>Es el conjuro probado y discreto de obtener el resultado de regresar con tu persona amada.<\/h3>\n<h4>Para eso necesito una foto de la cara de tu pareja, de frente, mirando a la c\u00e1mara, su nombre completo y fecha de nacimiento. Lo mismo de ti.<\/h4>\n<p><!--h4>Se hace por Internet en total privacidad, con secreto profesional, pago por plataforma segura de pagos, acceso 24\/7, soporte en sitio para preguntas frecuentes y contacto diario por whatsapp.<\/h4-->\n<h4><u>El Trabajo se demora <a href=\"https:\/\/m.me\/recuperarexpareja\">nueve d\u00edas<\/a><\/u>.<br \/>\nLos efectos empiezan desde el primer d\u00eda y los resultados se ven hasta un par de semanas.<\/h4>\n<h4><i>Yo voy a estar a diario contigo por WhatsApp, para entregarte Conocimiento y asegurarme que todo lo haces como debe ser para lograr traer a tu pareja de regreso contigo.<\/h4>\n<p><!--h5>Puedes leer comentarios y testimonios abajo.\n<i><b>\"Lo que es verdadero, permanece. Lo que no, desaparece\"<\/b><\/i>\nYo estoy con mi propiedad intelectual registrada desde <b>1982<\/b>\ny mi <u>sitio web seguro<\/u> <b>SOLUCOM.CL<\/b> data desde <b>1995<\/b>.\n+30 a\u00f1os ayudando personas a resolver sus problemas, en especial de pareja separada o conviviendo mal, te brindo ayuda en l\u00ednea y soporte por whatsapp.<\/h5>\n\n\n<b>Dentro del trabajo te voy a entregar para descargar <strong>de regalo<\/strong> los 3 libros mas importantes para una larga vida marital feliz.<\/b--><\/p>\n<h3><strong>Garantizado<\/strong> que tu vida cambia para mejor.<\/h3>\n<table width=\"90%\" align=\"center\">\n<tbody>\n<tr>\n<td align=\"center\"><a title=\"Prueba social portada\" href=\"https:\/\/solucom.cl\/tarot\/images\/publicidad\/pruebasocial2-portada1.jpg\" target=\"_blank\" rel=\"noopener\"><img decoding=\"async\" src=\"https:\/\/solucom.cl\/tarot\/images\/publicidad\/pruebasocial2-portada1.jpg\" width=\"90%\" \/><\/a><\/td>\n<td align=\"center\"><a title=\"Prueba social portada\" href=\"https:\/\/solucom.cl\/tarot\/images\/publicidad\/PruebaSocial1-profecia1.jpg\" target=\"_blank\" rel=\"noopener\"><img decoding=\"async\" src=\"https:\/\/solucom.cl\/tarot\/images\/publicidad\/PruebaSocial1-profecia1.jpg\" width=\"90%\" \/><\/a><\/td>\n<td align=\"center\"><a title=\"Prueba social portada\" href=\"https:\/\/solucom.cl\/tarot\/images\/publicidad\/pruebasocial3-brujo1.jpg\" target=\"_blank\" rel=\"noopener\"><img decoding=\"async\" src=\"https:\/\/solucom.cl\/tarot\/images\/publicidad\/pruebasocial3-brujo1.jpg\" width=\"90%\" \/><\/a><\/td>\n<\/tr>\n<\/tbody>\n<\/table>\n<p><center><img decoding=\"async\" src=\"https:\/\/solucom.cl\/Imagenes\/satisfaccion-garantizada1.jpg\" \/><\/center><\/p>\n<h1 style=\"color: blue;\"><i>Toca en los botones abajo para <\/i><\/h1>\n<p><b style=\"color: blue; font-size: 35px;\">Inicia Ahora<\/b><\/a> y recibe tus <strong>regalos<\/strong>.<\/p>\n<table border=\"1\" width=\"90%\" cellspacing=\"10\" cellpadding=\"10\" align=\"center\">\n<tbody>\n<tr>\n<td align=\"center\"><a href=\"https:\/\/solucom.cl\/tarot\/_CuentaRUT-trabajo.php\" target=\"_blank\" rel=\"noopener\"><br \/>Deposite clp$66.000 (sesenta y seis mil pesos chilenos)<img decoding=\"async\" style=\"border-radius: 10px; max-width: 100%; height: auto;\" src=\"https:\/\/solucom.cl\/aprenda\/curso\/img\/cajavecina1.webp\" width=\"50%\" height=\"100\" \/><br \/>\nInstrucciones a seguir<\/a><\/td>\n<\/tr>\n<tr>\n<td align=\"center\"><a href=\"https:\/\/solucom.cl\/tarot\/_Santander-trabajo.php\" target=\"_blank\" rel=\"noopener\"><br \/>Deposite  clp$66.000 (sesenta y seis mil pesos chilenos)<br \/><img decoding=\"async\" style=\"border-radius: 10px; max-width: 100%; height: auto;\" src=\"https:\/\/solucom.cl\/Imagenes\/logo-santander.jpg\" width=\"50%\" height=\"100\" \/><br \/>\nInstrucciones a seguir<\/a><\/td>\n<\/tr>\n<tr>\n<td align=\"center\">\n<a target=\"_blank\" href=\"https:\/\/webpay3g.transbank.cl\/filtroUnificado\/buttonService?buttonId=54c8844d125507a8ab693c6d74ba1f6a\" rel=\"noopener\">Paga $66.000 pesos chilenos<br \/><img decoding=\"async\" src=\"https:\/\/solucom.cl\/Imagenes\/logo-webpay-plus-blanik-660x312.png\" width=\"50%\"><br \/>Toque para efectuar pago<\/a><\/p>\n<p><!-- Transfiera clp$66.000 (sesenta y seis mil pesos chilenos)\n\n<form action=\"https:\/\/webpay3g.transbank.cl\/filtroUnificado\/buttonService\" method=\"post\" name=\"btnPago\"><input name=\"buttonId\" type=\"hidden\" value=\"54c8844d125507a8ab693c6d74ba1f6a\" \/><input style=\"border-radius: 8px; max-width: 100%; height: auto;\" src=\"https:\/\/solucom.cl\/Imagenes\/logo-webpay-plus-blanik-660x312.png\" type=\"image\" \/><\/form>\n\nAl completar, tocar en <b>Volver al Sitio del Comercio<\/b-->\n<\/td>\n<\/tr>\n<tr>\n<td align=\"center\"><a href=\"https:\/\/link.mercadopago.cl\/solucom\" target=\"_blank\" rel=\"noopener\">Transfiera clp$66.000 (sesenta y seis mil pesos chilenos)<img decoding=\"async\" style=\"border-radius: 10px; max-width: 50%; height: auto;\" src=\"https:\/\/solucom.cl\/Imagenes\/logo-mercadopago1.jpg\" width=\"50%\" height=\"100\" \/><br \/>\nAl completar, tocar en <b>Volver al Sitio del Comercio<\/b><\/a><\/td>\n<\/tr>\n<tr>\n<td align=\"center\"><a target=\"_blank\" href=\"https:\/\/www.paypal.me\/LuisGaldames\/82\" rel=\"noopener\">Paga clp$66.000 (equiv. usd$82.00)<br \/><img decoding=\"async\" src=\"https:\/\/solucom.cl\/aprenda\/curso\/img\/paypal-1.jpg\" width=\"50%\"><br \/>Toque para efectuar pago<\/a><\/td>\n<\/tr>\n<tr>\n<td align=\"center\"><a href=\"https:\/\/solucom.cl\/tarot\/_MoneyGram.html\" target=\"_blank\" rel=\"noopener\"><br \/>Envie clp$66.000 (sesenta y seis mil pesos chilenos)<br \/><img decoding=\"async\" style=\"border-radius: 10px; max-width: 50%; height: auto;\" src=\"https:\/\/solucom.cl\/Imagenes\/logo-moneygram.jpg\" width=\"50%\" height=\"100\" \/><br \/>\nInstrucciones a seguir<\/a><\/td>\n<\/tr>\n<tr>\n<td align=\"center\"><a href=\"https:\/\/solucom.cl\/tarot\/_WesternUnion.html\" target=\"_blank\" rel=\"noopener\"><br \/>Envie  clp$66.000 (sesenta y seis mil pesos chilenos)<br \/><img decoding=\"async\" style=\"border-radius: 10px; max-width: 50%; height: auto;\" src=\"https:\/\/solucom.cl\/Imagenes\/logo-westernunion.jpg\" width=\"50%\" height=\"100\" \/><br \/>\nInstrucciones a seguir<\/a><\/td>\n<\/tr>\n<\/tbody>\n<\/table>\n<hr \/>\n<p><img decoding=\"async\" title=\"satisfaciometro\" src=\"https:\/\/solucom.cl\/tarot\/images\/aplausometro.jpg\" alt=\"SOLUCOM satisfaciometro\" width=\"60%\" \/><\/p>\n<h1>TESTIMONIOS<\/h1>\n<table width=\"90%\" align=\"center\">\n<tbody>\n<tr>\n<td><b>Esto me ha dicho MCSM el primer dia de la Oraci\u00f3n:<\/b><br \/>\nEl volvi\u00f3 pidiendo disculpas por lo que hab\u00eda hecho eso me izo muy feliz<\/td>\n<\/tr>\n<tr>\n<td>\n<hr \/>\n<p><b>Esto me ha dicho IABR dentro de la Oraci\u00f3n:<\/b><br \/>\nHoy es mi penultimo dia y le agradezco de todas las formas que me ha ayudado,<br \/>\nme ha servido para crecer y volver a tener confianza y esperanzas en mi.<br \/>\nHa sido un lindo proceso y confortable. Muchas gracias.<\/td>\n<\/tr>\n<tr>\n<td>\n<hr \/>\n<p><b>Esto me ha dicho AMRP hoy a menos de una semana de iniciada la Oraci\u00f3n:<\/b><br \/>\nLo q pasa es que yo viajo a Ecuador y quiero q para entonces o ante el ya all\u00e1 vuelto conmigo<br \/>\nHoy pas\u00f3 algo sorprendente&#8230; Me escribi\u00f3&#8230; S\u00f3lo pide verme, quiere regresar conmigo.<br \/>\nHoy siento una gran alegria xq hoy me llamo pidio verme le doy gracias a mi dios xq dia a dia estoy mejor<br \/>\nGracias Dios hoy a sido un dia maravilloso y d muchas bendiciones y estoy feliz<\/td>\n<\/tr>\n<tr>\n<td>\n<hr \/>\n<p><b>Esto me ha dicho BMAV luego de completar la novena de la Oraci\u00f3n:<\/b><br \/>\nDon Luis estoy super feliz gracias a Dios me llama viene a mi casa salimos, todo marcha super bn muxas gracias y bendiciones para ud estar\u00e9 agradecida toda la vida Dios lo bendiga Hoy , ma\u00f1ana y siempre Am\u00e9n<\/td>\n<\/tr>\n<\/tbody>\n<\/table>\n<hr \/>\n<p>Para ver mas testimonios vea esta <a href=\"https:\/\/solucom.cl\/1\">p\u00e1gina en computador<\/a><\/p>\n<p><a title=\"toque clic para Evaluaci\u00f3n sin costo de su caso\" href=\"https:\/\/m.me\/recuperarexpareja\"><img decoding=\"async\" src=\"https:\/\/solucom.cl\/Imagenes\/logo-messenger.jpg\"  width=\"100\" \/> clic para conversar de su caso<\/a><\/p>\n<p><img decoding=\"async\" title=\"5estrellas\" src=\"https:\/\/solucom.cl\/Imagenes\/5estrellas.jpg\" alt=\"SOLUCOM 5estrellas\" width=\"60%\" \/><\/p>\n<p><!-- Load Facebook SDK for JavaScript - ->\n\n\n<div id=\"fb-root\"><\/div>\n\n\n<script>\n        window.fbAsyncInit = function() {\n          FB.init({\n            xfbml            : true,\n            version          : 'v5.0'\n          });\n        }\n\n        (function(d, s, id) {\n        var js, fjs = d.getElementsByTagName(s)[0];\n        if (d.getElementById(id)) return;\n        js = d.createElement(s); js.id = id;\n        js.src = 'https:\/\/connect.facebook.net\/en_US\/sdk\/xfbml.customerchat.js';\n        fjs.parentNode.insertBefore(js, fjs);\n      }(document, 'script', 'facebook-jssdk'));<\/script>\n\n<!- - Global site tag (gtag.js) - Google Ads: 1009314775 - ->\n<script async src=\"https:\/\/www.googletagmanager.com\/gtag\/js?id=AW-1009314775\"><\/script>\n<script>\n  window.dataLayer = window.dataLayer || [];\n  function gtag(){dataLayer.push(arguments);}\n  gtag('js', new Date());\n\n  gtag('config', 'AW-1009314775');\n<\/script>\n\n<!- - Facebook Pixel Code - ->\n<script>\n!function(f,b,e,v,n,t,s)\n{if(f.fbq)return;n=f.fbq=function(){n.callMethod?\nn.callMethod.apply(n,arguments):n.queue.push(arguments)};\nif(!f._fbq)f._fbq=n;n.push=n;n.loaded=!0;n.version='2.0';\nn.queue=[];t=b.createElement(e);t.async=!0;\nt.src=v;s=b.getElementsByTagName(e)[0];\ns.parentNode.insertBefore(t,s)}(window, document,'script',\n'https:\/\/connect.facebook.net\/en_US\/fbevents.js');\nfbq('init', '8096502020392447');\nfbq('track', 'PageViewTMB-RP');\n<\/script>\n<noscript><img loading=\"lazy\" decoding=\"async\" height=\"1\" width=\"1\" style=\"display:none\" src=\"https:\/\/www.facebook.com\/tr?id=8096502020392447&ev=PageView&noscript=1\" \/><\/noscript>\n<!- - End Facebook Pixel Code --><\/p>\n<p><script>(function(p,u,s,h){p.botId = \"TiI7ON\";s=u.createElement('script');s.type='text\/javascript';s.id=\"bot-widget-script\";s.src='https:\/\/app.conversiobot.com\/lib\/js\/gadget.js';s.setAttribute('bid',\"TiI7ON\");h=u.getElementsByTagName('script')[0];h.parentNode.insertBefore(s,h);})(window,document);<\/script><\/p>\n","protected":false},"excerpt":{"rendered":"<p>Conjuro para Recuperar ex Pareja Para privacidad leer PDF Se parte del punto en que est\u00e1n o no separados f\u00edsicamente y ya sea que mantengan comunicaci\u00f3n o no, se ha quebrado el encanto entre los dos. Necesitas tener su foto de la cara de frente sin gafas, donde se vean sus ojos n\u00edtido al ampliarla, &hellip; <a href=\"https:\/\/solucom.cl\/tarot\/trabajos\/recuperar-pareja\/\" class=\"more-link\">Contin\u00fae leyendo <span class=\"screen-reader-text\">Recuperar Pareja<\/span> <span class=\"meta-nav\">&rarr;<\/span><\/a><\/p>\n","protected":false},"author":1,"featured_media":950,"parent":180,"menu_order":0,"comment_status":"closed","ping_status":"closed","template":"","meta":{"footnotes":""},"class_list":["post-192","page","type-page","status-publish","has-post-thumbnail","hentry"],"_links":{"self":[{"href":"https:\/\/solucom.cl\/tarot\/wp-json\/wp\/v2\/pages\/192","targetHints":{"allow":["GET"]}}],"collection":[{"href":"https:\/\/solucom.cl\/tarot\/wp-json\/wp\/v2\/pages"}],"about":[{"href":"https:\/\/solucom.cl\/tarot\/wp-json\/wp\/v2\/types\/page"}],"author":[{"embeddable":true,"href":"https:\/\/solucom.cl\/tarot\/wp-json\/wp\/v2\/users\/1"}],"replies":[{"embeddable":true,"href":"https:\/\/solucom.cl\/tarot\/wp-json\/wp\/v2\/comments?post=192"}],"version-history":[{"count":272,"href":"https:\/\/solucom.cl\/tarot\/wp-json\/wp\/v2\/pages\/192\/revisions"}],"predecessor-version":[{"id":30058,"href":"https:\/\/solucom.cl\/tarot\/wp-json\/wp\/v2\/pages\/192\/revisions\/30058"}],"up":[{"embeddable":true,"href":"https:\/\/solucom.cl\/tarot\/wp-json\/wp\/v2\/pages\/180"}],"wp:featuredmedia":[{"embeddable":true,"href":"https:\/\/solucom.cl\/tarot\/wp-json\/wp\/v2\/media\/950"}],"wp:attachment":[{"href":"https:\/\/solucom.cl\/tarot\/wp-json\/wp\/v2\/media?parent=192"}],"curies":[{"name":"wp","href":"https:\/\/api.w.org\/{rel}","templated":true}]}}