{"id":201,"date":"2016-07-12T07:07:28","date_gmt":"2016-07-12T10:07:28","guid":{"rendered":"http:\/\/solucom.cl\/tarot\/?page_id=201"},"modified":"2026-01-26T17:44:11","modified_gmt":"2026-01-26T20:44:11","slug":"descarga-limpieza-de-aura","status":"publish","type":"page","link":"https:\/\/solucom.cl\/tarot\/trabajos\/descarga-limpieza-de-aura\/","title":{"rendered":"Limpieza de Aura"},"content":{"rendered":"<h1>Descarga Limpieza de Aura<\/h1>\n<p>Debes tener total y absoluta convicci\u00f3n de que quieres Limpiar tu Aura de toda mala vibraci\u00f3n, mal de otros, trabajos en tu contra y fuerzas contrarias como magia negra para perjudicarte.<br \/>\nEsta es una consulta en l\u00ednea para efectuar un ritual de limpieza y sanaci\u00f3n.<br \/>\nEn el lugar que haya solamente la persona efectuando y participando del ritual.<br \/>\nDebe hacerlo con aud\u00edfonos y estar en posici\u00f3n horizontal muy c\u00f3modo.<br \/>\nSe debe efectuar en un horario en que haya paz y tranquilidad en el ambiente.<br \/>\nNecesitas tener algunos elementos caseros y cumplir una novena de oraci\u00f3n.<br \/>\nEsta sesi\u00f3n demora menos de dos horas y tiene efecto en forma inmediata.<br \/>\nLas muchas personas que lo han hecho est\u00e1n satisfechas del resultado obtenido.<br \/>\nSi tu ya no soportas seguir solo lidiando con las fuerzas ocultas que act\u00faan en tu contra ya est\u00e1s dispuesto a hacer lo necesario para que desaparezcan.<\/p>\n<p><a title=\"toque clic para Evaluaci\u00f3n sin costo de su caso\" href=\"tel:\"><img decoding=\"async\" src=\"https:\/\/solucom.cl\/tarot\/images\/evaluacion-inicial.jpg\" \/><br \/>\ntoque clic para Evaluaci\u00f3n sin costo de su caso<\/a><\/p>\n<p><center><span style=\"font-face: Arial; font-size: 14px; text-align: center; padding: 3px; spacing: 3px;\">Valor Trabajo&#8230;$181.098<br \/>\n(ciento ochenta y un mil noventa y ocho pesos chilenos)<br \/>\nCLP &#8212;&#8211; USD$  pago en USD con cuotas via Paypal<br \/>\ny tambi\u00e9n puede pagarlo en cuotas con <b>WebPay Plus<\/b> de Transbank, usando tarjetas de d\u00e9bito \/ cr\u00e9dito Visa, Magna, MasterCard, Dinnes Club, American Express, Cencosud, Lider, REDCOMPRA, etc.<\/span><\/center><\/p>\n<form action=\"https:\/\/webpay3g.transbank.cl\/filtroUnificado\/buttonService\" method=\"post\" name=\"btnPago\"><input name=\"buttonId\" type=\"hidden\" value=\"008b5264c3dd3198423d07958e2f4fd1\" \/><br \/>\n<input src=\"https:\/\/solucom.cl\/Imagenes\/logo-webpay-plus-blanik-660x312.png\" type=\"image\" \/><\/form>\n<p>&nbsp;<\/p>\n<h3>Si, <img loading=\"lazy\" decoding=\"async\" src=\"https:\/\/solucom.cl\/Imagenes\/logh1c-200x245.jpg\" width=\"80\" height=\"100\" \/><\/h3>\n<p>si le puedo ayudar a hacer el trabajo de Limpiar tu Aura.<\/p>\n<p><b> Soy Luis Galdames, de Osorno, Chile, adulto mayor de tercera edad<br \/>\ny llevo m\u00e1s de cuarenta a\u00f1os ayudando a personas como usted.<br \/>\n<\/b><br \/>\n<i> Este trabajo hace todo eso que pide y mas aquello que quiera pedir.<br \/>\n<\/i><br \/>\nPara eso necesito que usted se saque una foto de su cara, de frente, mirando a la c\u00e1mara, con la c\u00e1mara a la altura de su frente,<\/p>\n<p>su nombre completo y su fecha de nacimiento.<\/p>\n<p><u>El Trabajo se demora nueve d\u00edas<\/u>.<br \/>\nNormalmente estos resultados se ven entre 1 a 3 semanas.<\/p>\n<p><center><b><span style=\"font-face: Arial Narrow; font-size: 14px; text-align: center; padding: 3px; spacing: 3px;\">Se paga en caja vecina BANCOESTADO cuentarut 5760860 a mi nombre Luis Galdames Hidalgo, RUT  5.760.860-9<br \/>\ny tambi\u00e9n puede pagarlo en cuotas con <b>WebPay Plus<\/b> de Transbank, usando tarjetas de d\u00e9bito \/ cr\u00e9dito Visa, Magna, MasterCard, Dinnes Club, American Express, Cencosud, Lider, REDCOMPRA, etc.<\/span><\/b><\/center><\/p>\n<form action=\"https:\/\/webpay3g.transbank.cl\/filtroUnificado\/buttonService\" method=\"post\" name=\"btnPago\"><input name=\"buttonId\" type=\"hidden\" value=\"008b5264c3dd3198423d07958e2f4fd1\" \/><br \/>\n<input src=\"https:\/\/solucom.cl\/Imagenes\/logo-webpay-plus-blanik-660x312.png\" type=\"image\" \/><\/form>\n<p>&nbsp;<\/p>\n<p><i> Tiene la garant\u00eda de que yo voy a estar a diario contigo por wasap,<br \/>\npara asegurarme que todo se hace como debe ser para lograr Limpiar tu Aura.<br \/>\n<\/i><\/p>\n<p><b><i> Si decide hacer el trabajo,<br \/>\npara contactarme, clic <a href=\"https:\/\/wa.me\/56998422703?text=Estoy%20en%20web%20Magia%20Blanca%20Limpieza%20de%20Aura%20me%20interesa%20el%20Trabajo%20de%20Magia%20Blanca.\" target=\"_blank\" rel=\"noopener noreferrer\"> <b> AQUI <\/b> <\/a> y me env\u00eda:<br \/>\n&#8211; la foto que se sac\u00f3 reci\u00e9n, de su cara de frente, mirando la c\u00e1mara,<br \/>\n&#8211; su nombre completo y fecha de nacimiento dd-mm-aaaa (dia-mes-a\u00f1o).<br \/>\n<\/i><\/b><\/p>\n<h3>Haga clic en el bot\u00f3n de la forma de pago preferida<\/h3>\n<div style=\"font-size: 18px; font-color: navy; border: 5px dotted red; background-color: #d8bfd8; text-align: center; padding: 10px;\"><span style=\"font-family: Georgia; font-size: 24px; text-align: center; padding: 10px; spacing: 10px;\">Todo procedimiento comienza por efectuar el pago del producto a recibir. Haga clic para proceder a efectuar su Pago<br \/>\n<a title=\"Todo procedimiento comienza por efectuar el pago del producto a recibir. Haga clic para proceder a efectuar su Pago\" href=\"https:\/\/solucom.cl\/tarot\/tarifas\/formapago\/\"><img loading=\"lazy\" decoding=\"async\" src=\"https:\/\/solucom.cl\/tarot\/images\/contratar.jpg\" width=\"100\" height=\"90\" \/><br \/>\nOrdernar Hacer este Trabajo<br \/>\n<\/a><\/span><br \/>\n<span style=\"font-size: 24px; font-color: navy; background-color: #d8bfd8; text-align: center; padding: 10px;\"><b>Pagar Pedido con<\/b><\/span><\/p>\n<form action=\"https:\/\/webpay3g.transbank.cl\/filtroUnificado\/buttonService\" method=\"post\" name=\"btnPago\"><input name=\"buttonId\" type=\"hidden\" value=\"008b5264c3dd3198423d07958e2f4fd1\" \/><br \/>\n<input src=\"https:\/\/solucom.cl\/Imagenes\/logo-webpay-plus-blanik-660x312.png\" type=\"image\" \/><\/form>\n<p><a title=\"Pagar por Deposito o Transferencia a CuentaRUT del BancoEstado de Chile # 5760860 a Luis Galdames Hidalgo RUT 5.760.860-9 Correo: luisgaldames@solucom.cl\" href=\"https:\/\/www.bancoestado.cl\" target=\"_blank\" rel=\"noopener noreferrer\"><b>BANCOESTADO-CuentaRUT: <\/b><img loading=\"lazy\" decoding=\"async\" title=\"Pagar por Deposito o Transferencia a CuentaRUT del BancoEstado # 5760860 a Luis Galdames Hidalgo RUT 5.760.860-9 Correo: luisgaldames@solucom.cl\" src=\"https:\/\/solucom.cl\/Imagenes\/logo-bancoestado.jpg\" alt=\"Pagar por Deposito o Transferencia a CuentaRUT del BancoEstado de Chile\" width=\"140\" height=\"30\" \/><\/a><\/p>\n<p><a title=\"Pagar con Paypal o con Tarjeta de Debito o Credito. Caso no tiene cuenta Paypal, use este mismo enlace para Crear una Cuenta.\" href=\"https:\/\/www.paypal.com\/cgi-bin\/webscr?cmd=_s-xclick&amp;hosted_button_id=LUU8MRR5BM92G\" target=\"_blank\" rel=\"noopener noreferrer\"><b>PAYPAL\/TARJETA: <\/b><img loading=\"lazy\" decoding=\"async\" title=\"Pagar con Paypal o con Tarjeta de Debito o Credito. Caso no tiene cuenta Paypal, use este mismo enlace para Crear una Cuenta.\" src=\"https:\/\/solucom.cl\/Imagenes\/logo-paypal-comprarahora.jpg\" alt=\"Pagar con Paypal o con Tarjeta de Debito o Credito\" width=\"140\" height=\"30\" \/><\/a><\/p>\n<p><a title=\"Enviar dinero por Money Gram\" href=\"https:\/\/solucom.cl\/tarot\/_MoneyGram.html\" target=\"_blank\" rel=\"noopener noreferrer\"><img loading=\"lazy\" decoding=\"async\" src=\"https:\/\/solucom.cl\/Imagenes\/logo-moneygram.jpg\" alt=\"Enviar dinero por Money Gram\" width=\"140\" height=\"30\" \/><\/a> &#8212; <a title=\"Enviar dinero por Western Union\" href=\"https:\/\/solucom.cl\/tarot\/_WesternUnion.html\" target=\"_blank\" rel=\"noopener noreferrer\"><img loading=\"lazy\" decoding=\"async\" src=\"https:\/\/solucom.cl\/Imagenes\/logo-westernunion.jpg\" alt=\"Enviar dinero por Western Union\" width=\"140\" height=\"30\" \/><\/a><\/p>\n<\/div>\n<hr \/>\n<p>&nbsp;<\/p>\n<hr \/>\n<p><a href=\"https:\/\/solucom.cl\/tarot\/?page_id=2\"><b>CONSULTA<\/b><\/a> &#8211; <a href=\"https:\/\/solucom.cl\/tarot\/?page_id=13\">Ubicaci\u00f3n<\/a> &#8211; <a href=\"https:\/\/solucom.cl\/tarot\/?page_id=21\">Atenci\u00f3n<\/a> &#8211; <a href=\"https:\/\/solucom.cl\/tarot\/trabajos\/\"><b>TRABAJOS<\/b><\/a> &#8211; <a href=\"https:\/\/solucom.cl\/tarot\/?page_id=25\">Tarifa<\/a> &#8211; <a href=\"https:\/\/solucom.cl\/tarot\/?page_id=37\">FormaPago<\/a> &#8211; <a href=\"https:\/\/solucom.cl\/tarot\/?page_id=69\">Noticias<\/a><\/p>\n<hr \/>\n<p>&nbsp;<\/p>\n<table width=\"300\" align=\"center\">\n<tbody>\n<tr>\n<td align=\"center\"><a href=\"https:\/\/solucom.cl\"><img loading=\"lazy\" decoding=\"async\" title=\"SOLUCOM Soluciones Computacionales\" src=\"https:\/\/solucom.cl\/Imagenes\/logo-solu-96.jpg\" alt=\"SOLUCOM Soluciones Computacionales\" width=\"60\" height=\"60\" \/><\/a><\/td>\n<td align=\"center\"><a href=\"https:\/\/solucom.cl\/s\"><img loading=\"lazy\" decoding=\"async\" title=\"SOLUCOM P\u00e1gina Inicio\" src=\"https:\/\/solucom.cl\/sol\/logo-sol.jpg\" alt=\"SOLUCOM P\u00e1gina Inicio\" width=\"60\" height=\"60\" \/><\/a><\/td>\n<td align=\"center\"><a href=\"https:\/\/www.solucom.cl\/sphcphp\" target=\"_blank\" rel=\"noopener noreferrer\"><img loading=\"lazy\" decoding=\"async\" title=\"Sistema de Previsiones del HOR\u00d3SCOPO CHINO - Version Moderna\" src=\"https:\/\/solucom.cl\/Imagenes\/chincol1-1.jpg\" alt=\"Sistema de Previsiones del HOR\u00d3SCOPO CHINO - Version Moderna\" width=\"60\" height=\"60\" \/><\/a><\/td>\n<td align=\"center\"><a href=\"https:\/\/solucom.cl\/aprenda\" target=\"_blank\" rel=\"noopener noreferrer\"><img loading=\"lazy\" decoding=\"async\" title=\"Sistema Aprenda a Conducir por Internet\" src=\"https:\/\/solucom.cl\/aprend\/images\/llave.jpg\" alt=\"Sistema Aprenda a Conducir por Internet\" width=\"60\" height=\"60\" \/><\/a><\/td>\n<\/tr>\n<\/tbody>\n<\/table>\n<p>&nbsp;<\/p>\n","protected":false},"excerpt":{"rendered":"<p>Descarga Limpieza de Aura Debes tener total y absoluta convicci\u00f3n de que quieres Limpiar tu Aura de toda mala vibraci\u00f3n, mal de otros, trabajos en tu contra y fuerzas contrarias como magia negra para perjudicarte. Esta es una consulta en l\u00ednea para efectuar un ritual de limpieza y sanaci\u00f3n. En el lugar que haya solamente &hellip; <a href=\"https:\/\/solucom.cl\/tarot\/trabajos\/descarga-limpieza-de-aura\/\" class=\"more-link\">Contin\u00fae leyendo <span class=\"screen-reader-text\">Limpieza de Aura<\/span> <span class=\"meta-nav\">&rarr;<\/span><\/a><\/p>\n","protected":false},"author":1,"featured_media":441,"parent":180,"menu_order":11,"comment_status":"closed","ping_status":"closed","template":"","meta":{"footnotes":""},"class_list":["post-201","page","type-page","status-publish","has-post-thumbnail","hentry"],"_links":{"self":[{"href":"https:\/\/solucom.cl\/tarot\/wp-json\/wp\/v2\/pages\/201","targetHints":{"allow":["GET"]}}],"collection":[{"href":"https:\/\/solucom.cl\/tarot\/wp-json\/wp\/v2\/pages"}],"about":[{"href":"https:\/\/solucom.cl\/tarot\/wp-json\/wp\/v2\/types\/page"}],"author":[{"embeddable":true,"href":"https:\/\/solucom.cl\/tarot\/wp-json\/wp\/v2\/users\/1"}],"replies":[{"embeddable":true,"href":"https:\/\/solucom.cl\/tarot\/wp-json\/wp\/v2\/comments?post=201"}],"version-history":[{"count":51,"href":"https:\/\/solucom.cl\/tarot\/wp-json\/wp\/v2\/pages\/201\/revisions"}],"predecessor-version":[{"id":30106,"href":"https:\/\/solucom.cl\/tarot\/wp-json\/wp\/v2\/pages\/201\/revisions\/30106"}],"up":[{"embeddable":true,"href":"https:\/\/solucom.cl\/tarot\/wp-json\/wp\/v2\/pages\/180"}],"wp:featuredmedia":[{"embeddable":true,"href":"https:\/\/solucom.cl\/tarot\/wp-json\/wp\/v2\/media\/441"}],"wp:attachment":[{"href":"https:\/\/solucom.cl\/tarot\/wp-json\/wp\/v2\/media?parent=201"}],"curies":[{"name":"wp","href":"https:\/\/api.w.org\/{rel}","templated":true}]}}