{"id":221,"date":"2016-07-14T05:35:27","date_gmt":"2016-07-14T08:35:27","guid":{"rendered":"http:\/\/solucom.cl\/tarot\/?page_id=221"},"modified":"2023-07-29T13:09:40","modified_gmt":"2023-07-29T16:09:40","slug":"estrella-de-david","status":"publish","type":"page","link":"https:\/\/solucom.cl\/tarot\/consulta\/estrella-de-david\/","title":{"rendered":"Estrella David"},"content":{"rendered":"<h1>LA ESTRELLA DE DAVID<\/h1>\n<h3>* <a href='https:\/\/solucom.cl\/tarot\/images\/estrella-de-david-1.jpg'><img src='https:\/\/solucom.cl\/tarot\/images\/estrella-de-david.jpg'><br \/>Tirada LA ESTRELLA DE DAVID<\/a><\/h3>\n<p>Esta lectura se puede hacer con s\u00f3lo los arcanos mayores.<br \/>\nMuestra pasado, presente, futuro, fuerzas favorables, oposiciones y sistesis.<br \/>\n1. El pasado como creador y origen del momento presente.<br \/>\n2. El instante actual, el presente como consecuencia del pasado.<br \/>\n3. El futuro inmediato como resultado del pasado (dos meses aprox)<br \/>\n4. Las fuerzas que trabajan en favor del consultante, hechos o personas, y lo que debe utilizar para impulsar y mejorar la situaci\u00f3n.<br \/>\n5. La situaci\u00f3n ambiental en su parte positiva. Lo favorable del entorno, factores externos que benefician al consultante.<br \/>\n6. Lo que se opone del entorno, factores externos que perjudican al Concultante.<br \/>\n7. S\u00edntesis o resultado final de todo el proceso. Resultado final, sintesis de la Vida del Consultante.<\/p>\n<hr>\n<p><!---b>Martes y Viernes...$ 15.000  ---  Lunes, Miercoles y Jueves  $ 12.000<\/b---><\/p>\n<h3>Valor Consulta CLP$ 15.000<br \/>equiv  USD$ 37.00<\/h3>\n<p><\/p>\n<div style=\"font-size:18px; font-color:navy; border:5px dotted red; background-color:#D8BFD8; text-align:center;  padding:10px;\">\n<table width=\"100%\" align=\"center\" border=\"1\" cellpadding=\"10\" cellspacing=\"10\" >\n<tr>\n<td align=\"center\">\n<h3>Transferencia o deposito en <b>caja vecina<\/b>,<br \/>\n\t\t\t por <b>$15.000<\/b> (quince mil pesos chilenos) <br \/>\n\t\t\t a: <b>Luis Galdames Hidalgo<\/b><br \/>\n\t\t\t RUT: <b>5.760.860-9<\/b><br \/>\n\t\t\t correo: <b>luisgaldames@solucom.cl<\/b><br \/>\n\t\t\t nota: <b>EstrellaDavid<\/b><br \/>\n\t\t\t <span style=\"font-face:Arial Narrow; \">BancoEstado,  <b>cuentaRUT 5760860<\/b>  o<\/span><br \/>Banco Santander <b>ctacte 0-000-77-99022-4<\/b><\/h3>\n<p>\t\t\t <a target=\"_blank\" href=\"https:\/\/m.me\/tarotosornochile\" rel=\"noopener\"><b style=\"color:blue; font-size:20px; \">Me env\u00eda la <u>foto del comprobante<br \/> tocando AQUI<\/u><br \/>para lectura pronto.<\/b><\/a><\/p>\n<\/tr>\n<\/td>\n<\/table>\n<h1 style=\"color:blue; \"><i>Toque el bot\u00f3n que le sirve:<\/i><\/h1>\n<table width=\"100%\" align=\"center\" border=\"1\" cellpadding=\"10\" cellspacing=\"10\" >\n<tr>\n<td align=\"center\">\n\t<a target=\"_blank\" href=\"https:\/\/solucom.cl\/tarot\/_CuentaRUT-tirada.php\" rel=\"noopener\"><img decoding=\"async\" src=\"https:\/\/solucom.cl\/aprenda\/curso\/img\/cajavecina1.webp\" width=\"100%\" height=\"100\"\n\t\t\t\ttitle=\"Para que nos haga llegar el dinero por el Banco del Estado de Chile,\n\t\t\t\t\tpuede ir a la agencia o caja vecina mas cercana a depositar\n\t\t\t\t\to nos puede transferir por Internet.\n\t\t\t\t\tTransferencia o deposito en caja vecina,\n\t\t\t\t\tpor $15.000 (doce mil pesos chilenos)\n\t\t\t\t\ta: Luis Galdames Hidalgo\n\t\t\t\t\tRUT: 5.760.860-9\n\t\t\t\t\tcorreo: luisgaldames@solucom.cl\n\t\t\t\t\tnota: Estrella David\n\t\t\t\t\tBancoEstado, cuentaRUT 5760860\"><br \/>\n\t\t\t<\/a><br \/><b style=\"color:blue; font-size:20px; \">en CHILE deposito o transferencia<br \/>a cuentaRUT 5760860 <br \/>para lectura pronto<\/b>\n\t<\/td>\n<\/tr>\n<tr>\n<td align=\"center\">\n\t\t\t<a target=\"_blank\" href=\"https:\/\/solucom.cl\/tarot\/_Santander-tirada.php\" rel=\"noopener\"><img decoding=\"async\" src=\"https:\/\/solucom.cl\/Imagenes\/logo-santander.jpg\" width=\"100%\" height=\"100\" \/><br \/>\n\t\t\t<\/a><br \/><b style=\"color:blue; font-size:20px;  \">Deposito o Transferencia<br \/>cuenta corriente 0-000-77-99022-4<br \/>para lectura rapido<\/b><\/p>\n<p>\n\t<\/tr>\n<\/td>\n<p>\t<!--tr>\n\n<td align=\"center\">\n\t\t\t<a target=\"_blank\" href=\"https:\/\/kh.cm\/ZpFME\" rel=\"noopener\"><img decoding=\"async\" src=\"https:\/\/solucom.cl\/Imagenes\/logo-khipu.jpg\" width=\"100%\" height=\"100\" \/><\/a><br \/><b style=\"color:blue; font-size:20px;  \">Paga $15.000 pesos chilenos<br \/>por transferencia desde su banco<br \/>para lectura expreso<\/b>\n\t<\/td>\n\n<\/tr-->\n<tr>\n<td align=\"center\">\n<form name=\"btnPago\" method=\"post\" action=\"https:\/\/webpay3g.transbank.cl\/filtroUnificado\/buttonService\">\n\t\t\t\t<input type=\"hidden\" name=\"buttonId\" value=\"1f852ac58e8db2ce8cd9c78cfc280924\"\/><br \/>\n\t\t\t\t<input type=\"image\" src=\"https:\/\/solucom.cl\/Imagenes\/logo-webpay-plus-blanik-660x312.png\" width=\"100%\" height=\"150\"\/><br \/>\n\t\t\t\t<br \/><b style=\"color:blue; font-size:20px;  \">Paga $15.000 pesos chilenos<br \/>por transferencia desde su banco<br \/>o  desde su tarjeta debito\/credito<br \/>para lectura expreso<\/b><br \/>\n\t\t\t<\/form>\n<\/td>\n<\/tr>\n<tr>\n<td align=\"center\">\n\t\t\t<a target=\"_blank\" href=\"https:\/\/mpago.li\/1Q7DLrG\" rel=\"noopener\"><img decoding=\"async\" src=\"https:\/\/solucom.cl\/Imagenes\/logo-mercadopago1.jpg\" width=\"100%\" height=\"100\" \/><\/a><br \/><b style=\"color:blue; font-size:20px;  \">Paga $15.000 pesos chilenos<br \/>Envios por Transferencia Internacional<br \/>para lectura pronto<\/b>\n\t<\/td>\n<\/tr>\n<tr>\n<td align=\"center\" background-color=\"#CCCCCC\">\n<form action=\"https:\/\/www.paypal.com\/cgi-bin\/webscr\" method=\"post\" target=\"_top\">\n\t\t\t\t<input type=\"hidden\" name=\"cmd\" value=\"_s-xclick\"><br \/>\n\t\t\t\t<input type=\"hidden\" name=\"hosted_button_id\" value=\"6K5XMSYBF8HDA\"><br \/>\n\t\t\t\t<input type=\"image\" src=\"https:\/\/solucom.cl\/aprenda\/curso\/img\/paypal-1.jpg\" border=\"0\" width=\"100%\" height=\"150\" name=\"submit\" alt=\"PayPal, la forma r\u00e1pida y segura de pagar en Internet.\"><br \/>\n\t\t\t\t<b style=\"color:blue; font-size:20px;  \">Paga USD 37.oo<br \/>desde su tarjeta debito\/credito<br \/>para lectura expreso<\/b><\/p><\/form>\n<\/td>\n<\/tr>\n<tr>\n<td align=\"center\">\n\t\t\t<a target=\"_blank\" href=\"https:\/\/solucom.cl\/tarot\/_MoneyGram.html\" rel=\"noopener\"><img decoding=\"async\" src=\"https:\/\/solucom.cl\/Imagenes\/logo-moneygram.jpg\" width=\"100%\" height=\"100\" \/><\/a><br \/><b style=\"color:blue; font-size:20px;  \">Paga USD 37.oo<br \/>Envios por Agencia Internacional<br \/>para lectura pronto<\/b><\/p>\n<\/td>\n<\/tr>\n<tr>\n<td align=\"center\">\n\t\t\t<a target=\"_blank\" href=\"https:\/\/solucom.cl\/tarot\/_WesternUnion.html\" rel=\"noopener\"><img decoding=\"async\" src=\"https:\/\/solucom.cl\/Imagenes\/logo-westernunion.jpg\" width=\"100%\" height=\"100\" \/><\/a><br \/><b style=\"color:blue; font-size:20px;  \">Paga USD 37.oo<br \/>Envios por Agencia Internacional<br \/>para lectura pronto<\/b><\/p>\n<\/td>\n<\/tr>\n<p>\t<!--tr>\n\n<td align=\"center\">\n\t\t\t<a target=\"_blank\" href=\"https:\/\/www.mercadopago.com\" rel=\"noopener\"><img decoding=\"async\" src=\"https:\/\/solucom.cl\/Imagenes\/logo-mercadopago1.jpg\" width=\"100%\" height=\"100\" \/><\/a><br \/><b style=\"color:blue; font-size:20px;  \">Paga USD 37.oo<br \/>Envios por Transferencia Internacional<br \/>para lectura pronto<\/b>\n\t<\/td>\n\n<\/tr-->\n<\/table>\n<p><\/center>\n<\/div>\n<hr>\n<p><\/p>\n<div style=\"font-size:16px; font-color:navy; border:0px solid red; background-color:#CCFFCC; text-align:center; \">\n<h1 style=\"color:navy; background-color:lightblue;\">Metodos de Tiradas<\/h1>\n<p><a target=\"_blank\" href='https:\/\/solucom.cl\/tarot\/consulta\/respuestas\/' title='Consiste en darte la respuesta a tres preguntas bien exactas, cuya respuesta sea SI o NO ... clp$9.000' alt='Respuesta a tres preguntas clp$9.000' rel=\"noopener\"><b>Respuestas<\/b><\/a><br \/>\n<a target=\"_blank\" href='https:\/\/solucom.cl\/tarot\/consulta\/del-cambio\/' title='nos puede ayudar en esos momentos en que deseamos un cambio en nuestra vida ... clp$12.000' alt='nos puede ayudar en esos momentos en que deseamos un cambio en nuestra vida ... clp$12.000' rel=\"noopener\"><b>Del Cambio<\/b><\/a><br \/><a target=\"_blank\" href='https:\/\/solucom.cl\/tarot\/consulta\/estrella-de-david\/' title='Muestra pasado, presente, futuro, fuerzas favorables, oposiciones y sistesis... clp$15.000' alt='Estrella de David ... clp$15.000' rel=\"noopener\"><b>Estrella de David<\/b><\/a><br \/>\n<a target=\"_blank\" href='https:\/\/solucom.cl\/tarot\/consulta\/estrella-de-salomon\/' title='Muestra pasado, presente, el ambiente, las personas cercanas, elementos favorables y desfavorables... clp$15.000' alt='Estrella de Salomon clp$15.000' rel=\"noopener\"><b>Estrella de Salomon<\/b><\/a><br \/><a target=\"_blank\" href='https:\/\/solucom.cl\/tarot\/consulta\/el-carro\/' title='Es excelente para saber el resultado de un cambio que se desea hacer... clp$15.000' alt='Es excelente para saber el resultado de un cambio que se desea hacer... clp$15.000' rel=\"noopener\"><b>El Carro<\/b><\/a><br \/><a target=\"_blank\" href='https:\/\/solucom.cl\/tarot\/consulta\/la-herradura\/' title='se utiliza b\u00e1sicamente para medir el resultado de una situaci\u00f3n en un per\u00edodo... clp$15.000' alt='se utiliza b\u00e1sicamente para medir el resultado de una situaci\u00f3n en un per\u00edodo... clp$15.000' rel=\"noopener\"><b>La Herradura<\/b><\/a><br \/><a target=\"_blank\" href='https:\/\/solucom.cl\/tarot\/consulta\/la-semanal\/' title='es adecuada cuando el Consultante desea conocer su futuro dia a dia en una semana... clp$15.000' alt='es adecuada cuando el Consultante desea conocer su futuro dia a dia en una semana... clp$15.000' rel=\"noopener\"><b>La Semanal<\/b><\/a><br \/><a target=\"_blank\" href='https:\/\/solucom.cl\/tarot\/consulta\/metodo-planetario\/' title='Se aconseja para conocer el futuro del Consultante en el plazo de 1 a\u00f1o y en los diferentes aspectos de su vida... clp$18.000' alt='Se aconseja para conocer el futuro del Consultante en el plazo de 1 a\u00f1o y en los diferentes aspectos de su vida... clp$18.000' rel=\"noopener\"><b>Metodo Planetario<\/b><\/a><br \/><a target=\"_blank\" href='https:\/\/solucom.cl\/tarot\/consulta\/la-piramide\/' title='destino del consultante en esta vida y refleja aquello que conseguir\u00e1 seguro... clp$20.000' alt='destino del consultante en esta vida y refleja aquello que conseguir\u00e1 seguro... clp$20.000' rel=\"noopener\"><b>La Piramide<\/b><\/a><br \/><a target=\"_blank\" href='https:\/\/solucom.cl\/tarot\/consulta\/cruz-magica\/' title='Permite identificar algunas cuestiones sobre todo pensando en el posible desarrollo o la posible tendencia de una situaci\u00f3n...  clp$20.000' alt='Cruz Magica  clp$20.000' rel=\"noopener\"><b>Cruz Magica<\/b><\/a><br \/>\n<a target=\"_blank\" href='https:\/\/solucom.cl\/tarot\/consulta\/la-completo\/' title='Te informa de todos los aspectos que te afectan y como se orientaran en Completo  clp$25.000' alt='Te informa de todos los aspectos que te afectan y como se orientaran en Completo  clp$25.000' rel=\"noopener\"><b>Completo<\/b><\/a><\/p>\n<div style=\"background-color:Antique; color:blue; font-size:10px; padding:10px; margin:10px; border:0 dotted cyan;\">Coloca el mouse encima para ver detalles<\/font><\/div>\n<\/div>\n<p><center><\/p>\n<hr>\n<p><a target=\"_blank\" href='https:\/\/solucom.cl\/tarot\/?page_id=2' rel=\"noopener\"><b>CONSULTA<\/b><\/a>  &#8211;  <a target=\"_blank\" href='https:\/\/solucom.cl\/tarot\/?page_id=13' rel=\"noopener\">Ubicaci\u00f3n<\/a>  &#8211;  <a target=\"_blank\" href='https:\/\/solucom.cl\/tarot\/?page_id=21' rel=\"noopener\">Atenci\u00f3n<\/a>  &#8211;  <a target=\"_blank\" href='https:\/\/solucom.cl\/tarot\/trabajos\/' rel=\"noopener\"><b>TRABAJOS<\/b><\/a>  &#8211;  <a target=\"_blank\" href='https:\/\/solucom.cl\/tarot\/?page_id=25' rel=\"noopener\">Tarifa<\/a>  &#8211;  <a target=\"_blank\" href='https:\/\/solucom.cl\/tarot\/?page_id=37' rel=\"noopener\">FormaPago<\/a>  &#8211;  <a target=\"_blank\" href='https:\/\/solucom.cl\/tarot\/?page_id=69' rel=\"noopener\">Noticias<\/a><\/p>\n<hr>\n<p><center><\/p>\n<table width='50%' align='center'>\n<tr>\n<td align='center'><a target=\"_blank\" href=\"https:\/\/solucom.cl\" rel=\"noopener\"><img loading=\"lazy\" decoding=\"async\" alt=\"SOLUCOM Soluciones Computacionales\" title=\"SOLUCOM  Soluciones Computacionales\" src=\"https:\/\/solucom.cl\/Imagenes\/logo-solu-96.jpg\"  height=\"60\" width=\"60\"><\/a><\/td>\n<td align='center'><a target=\"_blank\" href=\"https:\/\/solucom.cl\/s\" rel=\"noopener\"><img loading=\"lazy\" decoding=\"async\" alt=\"SOLUCOM P\u00e1gina Inicio\" title=\"SOLUCOM P\u00e1gina Inicio\" src=\"https:\/\/solucom.cl\/sol\/logo-sol.jpg\"  height=\"60\" width=\"60\"><\/a><\/td>\n<td align='center'><a target=\"_blank\" href=\"https:\/\/www.solucom.cl\/sphcphp\" rel=\"noopener noreferrer\"><img loading=\"lazy\" decoding=\"async\" src=\"https:\/\/solucom.cl\/Imagenes\/chincol1-1.jpg\" height=\"60\" width=\"60\" alt=\"Sistema de Previsiones del HOR\u00d3SCOPO CHINO - Version Moderna\" title=\"Sistema de Previsiones del HOR\u00d3SCOPO CHINO - Version Moderna\"><\/a><\/td>\n<td align='center'><a target=\"_blank\" href=\"https:\/\/solucom.cl\/a\" rel=\"noopener noreferrer\"><img loading=\"lazy\" decoding=\"async\" src=\"https:\/\/solucom.cl\/aprend\/images\/llave.jpg\" height=\"60\" width=\"60\" alt=\"Sistema Aprenda a Conducir por Internet\" title=\"Sistema Aprenda a Conducir por Internet\"><\/a><\/td>\n<\/tr>\n<\/table>\n<p><\/center><\/p>\n<hr>\n<p><\/p>\n","protected":false},"excerpt":{"rendered":"<p>LA ESTRELLA DE DAVID * Tirada LA ESTRELLA DE DAVID Esta lectura se puede hacer con s\u00f3lo los arcanos mayores. Muestra pasado, presente, futuro, fuerzas favorables, oposiciones y sistesis. 1. El pasado como creador y origen del momento presente. 2. El instante actual, el presente como consecuencia del pasado. 3. El futuro inmediato como resultado &hellip; <a href=\"https:\/\/solucom.cl\/tarot\/consulta\/estrella-de-david\/\" class=\"more-link\">Contin\u00fae leyendo <span class=\"screen-reader-text\">Estrella David<\/span> <span class=\"meta-nav\">&rarr;<\/span><\/a><\/p>\n","protected":false},"author":1,"featured_media":0,"parent":2,"menu_order":3,"comment_status":"closed","ping_status":"closed","template":"","meta":{"footnotes":""},"class_list":["post-221","page","type-page","status-publish","hentry"],"_links":{"self":[{"href":"https:\/\/solucom.cl\/tarot\/wp-json\/wp\/v2\/pages\/221","targetHints":{"allow":["GET"]}}],"collection":[{"href":"https:\/\/solucom.cl\/tarot\/wp-json\/wp\/v2\/pages"}],"about":[{"href":"https:\/\/solucom.cl\/tarot\/wp-json\/wp\/v2\/types\/page"}],"author":[{"embeddable":true,"href":"https:\/\/solucom.cl\/tarot\/wp-json\/wp\/v2\/users\/1"}],"replies":[{"embeddable":true,"href":"https:\/\/solucom.cl\/tarot\/wp-json\/wp\/v2\/comments?post=221"}],"version-history":[{"count":34,"href":"https:\/\/solucom.cl\/tarot\/wp-json\/wp\/v2\/pages\/221\/revisions"}],"predecessor-version":[{"id":30037,"href":"https:\/\/solucom.cl\/tarot\/wp-json\/wp\/v2\/pages\/221\/revisions\/30037"}],"up":[{"embeddable":true,"href":"https:\/\/solucom.cl\/tarot\/wp-json\/wp\/v2\/pages\/2"}],"wp:attachment":[{"href":"https:\/\/solucom.cl\/tarot\/wp-json\/wp\/v2\/media?parent=221"}],"curies":[{"name":"wp","href":"https:\/\/api.w.org\/{rel}","templated":true}]}}