{"id":29806,"date":"2022-09-01T03:40:04","date_gmt":"2022-09-01T06:40:04","guid":{"rendered":"https:\/\/solucom.cl\/tarot\/?page_id=29806"},"modified":"2023-02-23T14:59:35","modified_gmt":"2023-02-23T17:59:35","slug":"recuperar-pareja-mes","status":"publish","type":"page","link":"https:\/\/solucom.cl\/tarot\/trabajos\/recuperar-pareja\/recuperar-pareja-mes\/","title":{"rendered":"Recuperar Pareja Mes"},"content":{"rendered":"<p><script>(function(p,u,s,h){p.botId = \"TiI7ON\";s=u.createElement('script');s.type='text\/javascript';s.id=\"bot-widget-script\";s.src='https:\/\/app.conversiobot.com\/lib\/js\/gadget.js';s.setAttribute('bid',\"TiI7ON\");h=u.getElementsByTagName('script')[0];h.parentNode.insertBefore(s,h);})(window,document);<\/script><\/p>\n<h1>Trabajo Recuperar ex Pareja Mes<\/h1>\n<p><center><span style=\"font-face:Arial; font-size:24px; text-align:center; padding:3px; spacing:3px; \">Valor Trabajo<br \/>\nCLP$ 66.000  (sesenta y seis mil pesos chilenos)<br \/>\n<\/span><\/p>\n<p><!--iframe width=\"60%\" src=\"https:\/\/solucom.cl\/tarot\/video\/invita-a-rp.mp4\" frameborder=\"0\" allowfullscreen ><\/iframe><br--><\/p>\n<p><a href=\"https:\/\/m.me\/recuperarexpareja\"><img loading=\"lazy\" decoding=\"async\" src=\"https:\/\/solucom.cl\/Imagenes\/logh1c-200x245.jpg\" width=\"80\" height=\"100\"><\/a><\/p>\n<h2>Si, si te puedo ayudar a hacer que tu pareja regrese a ti.<\/h2>\n<h3> Soy <a href=\"https:\/\/www.google.com\/search?q=Luis+octavio+Galdames+Hidalgo+SOLUCOM&amp;newwindow=1&amp;rlz=1C1CHBF_esCL972CL972&amp;sxsrf=AOaemvK8Vy-iJTdS2VROD_V0oWRQj_wEEg%3A1635196387727&amp;ei=4x13YdbsK4K35OUPgu2E2As&amp;ved=0ahUKEwiW6s-evebzAhWCG7kGHYI2AbsQ4dUDCA4&amp;uact=5&amp;oq=Luis+octavio+Galdames+Hidalgo+SOLUCOM&amp;gs_lcp=Cgdnd3Mtd2l6EAM6CggjEK4CELADECc6BwgjELACECdKBAhBGAFQj94BWKuoAmDVrQJoCHAAeACAAVmIAcUHkgECMTWYAQCgAQHIAQHAAQE&amp;sclient=gws-wiz\" target=\"_blank\" rel=\"noopener\">Luis Octavio Galdames Hidalgo<\/a> desde Osorno Chile, Astrologo, Tarotista y Maestro Esot\u00e9rico con m\u00e1s de 40 a\u00f1os de experiencia ayudando a personas como tu.<br \/>\n<\/h3>\n<h4>\u00bfTu estas distanciado o separado de tu pareja amada y quieres regresar a su lado haciendo algo para lograrlo?<\/h4>\n<h5><i> Este trabajo hace todo eso que pides y mas aquello que quieras pedir.<br \/>\n<\/i><\/h5>\n<h1>Es el m\u00e9todo probado y discreto de obtener el resultado de regresar con tu persona amada.<\/h1>\n<h3>Para eso necesito una foto de la cara de tu pareja, de frente, mirando a la c\u00e1mara,<\/p>\n<p>su nombre completo y fecha de nacimiento.<\/p>\n<p>Lo mismo de ti.<\/h3>\n<h4>Se hace por Internet en total privacidad, con secreto profesional, opciones de pago, acceso 24\/7, soporte en sitio para preguntas frecuentes y contacto diario por whatsapp durante 30 d\u00edas.<\/h4>\n<h5><u>El Trabajo se demora <a href=\"https:\/\/m.me\/recuperarexpareja\">nueve d\u00edas<\/a><\/u>.<br \/>\nNormalmente estos resultados se ven desde inmediato hasta un par de semanas.<\/h5>\n<h3><i>Tiene la <strong>garant\u00eda<\/strong> de que yo voy a estar a diario contigo por WhatsApp,<br \/>\npara entregarte Conocimiento y asegurarme que todo lo haces como debe ser para lograr traer a tu pareja de regreso contigo.<\/h3>\n<h5>Puedes leer comentarios y testimonios abajo.<br \/>\n<i><b>&#8220;Lo que es verdadero, permanece. Lo que no, desaparece&#8221;<\/b><\/i><br \/>\nYo estoy con mi propiedad intelectual registrada desde <b>1982<\/b><br \/>\ny mi <u>sitio web seguro<\/u> <b>SOLUCOM.CL<\/b> data desde <b>1995<\/b>.<br \/>\n+40 a\u00f1os ayudando personas a resolver sus problemas, en especial de pareja separada o conviviendo mal, te brindo ayuda en l\u00ednea y soporte por whatsapp.<\/h5>\n<p><b>Dentro del trabajo te voy a entregar para descargar <strong>gratis<\/strong> los 3 libros mas importantes para una larga vida marital feliz.<\/b><\/p>\n<h1><strong>Garantizado<\/strong> que tu vida cambia para mejor.<\/h1>\n<p><\/i><\/p>\n<table width=\"90%\" align=\"center\">\n<tbody>\n<tr>\n<td align=\"center\"><a title=\"Prueba social portada\" href=\"https:\/\/solucom.cl\/tarot\/images\/publicidad\/pruebasocial2-portada1.jpg\" target=\"_blank\" rel=\"noopener\"><img decoding=\"async\" src=\"https:\/\/solucom.cl\/tarot\/images\/publicidad\/pruebasocial2-portada1.jpg\" width=\"90%\" \/><\/a><\/td>\n<td align=\"center\"><a title=\"Prueba social portada\" href=\"https:\/\/solucom.cl\/tarot\/images\/publicidad\/PruebaSocial1-profecia1.jpg\" target=\"_blank\" rel=\"noopener\"><img decoding=\"async\" src=\"https:\/\/solucom.cl\/tarot\/images\/publicidad\/PruebaSocial1-profecia1.jpg\" width=\"90%\" \/><\/a><\/td>\n<td align=\"center\"><a title=\"Prueba social portada\" href=\"https:\/\/solucom.cl\/tarot\/images\/publicidad\/pruebasocial3-brujo1.jpg\" target=\"_blank\" rel=\"noopener\"><img decoding=\"async\" src=\"https:\/\/solucom.cl\/tarot\/images\/publicidad\/pruebasocial3-brujo1.jpg\" width=\"90%\" \/><\/a><\/td>\n<\/tr>\n<\/tbody>\n<\/table>\n<p><center><img decoding=\"async\" src=\"https:\/\/solucom.cl\/Imagenes\/satisfaccion-garantizada1.jpg\" \/><\/p>\n<p><\/center><a title=\"Prueba social portada\" href=\"https:\/\/solucom.cl\/tarot\/images\/ciclo-ventasRP-foto.jpg\" target=\"_blank\" rel=\"noopener\"><img decoding=\"async\" src=\"https:\/\/solucom.cl\/tarot\/images\/ciclo-ventasRP-foto.jpg\" width=\"100%\" \/><\/a><\/p>\n<h1 style=\"color: blue;\"><i>Toca en los botones abajo para <\/i><\/h1>\n<p><!--a href=\"https:\/\/solucom.cl\/tarot\/producto\/trabajo-magia-blanca-recuperar-pareja\/\" target=\"_blank\" rel=\"noopener\"--><b style=\"color: blue; font-size: 35px;\">Iniciar Ahora<\/b><\/a> y recibir tus <strong>regalos<\/strong>.<\/p>\n<table border=\"1\" width=\"90%\" cellspacing=\"10\" cellpadding=\"10\" align=\"center\">\n<tbody>\n<tr>\n<td align=\"center\"><a href=\"https:\/\/solucom.cl\/tarot\/_CuentaRUT-trabajo.php\" target=\"_blank\" rel=\"noopener\"><br \/>\n<img decoding=\"async\" style=\"border-radius: 10px; max-width: 100%; height: auto;\" title=\"Para que nos haga llegar el dinero por el Banco del Estado de Chile, puede ir a la agencia o caja vecina mas cercana a depositar o nos puede transferir por Internet. Transferencia o deposito en caja vecina, por $66.000 a: Luis Galdames Hidalgo RUT: 5.760.860-9 correo: luisgaldames@solucom.cl nota: Respuestas BancoEstado, cuentaRUT 5760860\" src=\"https:\/\/solucom.cl\/aprenda\/curso\/img\/cajavecina1.webp\" width=\"100%\" height=\"100\" \/><br \/>\n<\/a><br \/>\nInstrucciones a seguir<\/td>\n<\/tr>\n<tr>\n<td align=\"center\"><a href=\"https:\/\/solucom.cl\/tarot\/_Santander-trabajo.php\" target=\"_blank\" rel=\"noopener\"><img decoding=\"async\" style=\"border-radius: 10px; max-width: 100%; height: auto;\" src=\"https:\/\/solucom.cl\/Imagenes\/logo-santander.jpg\" width=\"100%\" height=\"100\" \/><\/a><br \/>\nInstrucciones a seguir<\/td>\n<\/tr>\n<tr>\n<td align=\"center\">\n<form action=\"https:\/\/webpay3g.transbank.cl\/filtroUnificado\/buttonService\" method=\"post\" name=\"btnPago\"><input name=\"buttonId\" type=\"hidden\" value=\"54c8844d125507a8ab693c6d74ba1f6a\" \/><input style=\"border-radius: 8px; max-width: 100%; height: auto;\" src=\"https:\/\/solucom.cl\/Imagenes\/logo-webpay-plus-blanik-660x312.png\" type=\"image\" \/><\/form>\n<p>Al completar, tocar en <b>Volver al Sitio del Comercio<\/b><\/td>\n<\/tr>\n<tr>\n<td align=\"center\"><a href=\"https:\/\/link.mercadopago.cl\/solucom\" target=\"_blank\" rel=\"noopener\"><img decoding=\"async\" style=\"border-radius: 10px; max-width: 100%; height: auto;\" src=\"https:\/\/solucom.cl\/Imagenes\/logo-mercadopago1.jpg\" width=\"100%\" height=\"100\" \/><\/a><br \/>\nAl completar, tocar en <b>Volver al Sitio del Comercio<\/b><\/td>\n<\/tr>\n<tr>\n<td align=\"center\">\n<form action=\"https:\/\/www.paypal.com\/cgi-bin\/webscr\" method=\"post\" target=\"_top\"><input name=\"cmd\" type=\"hidden\" value=\"_s-xclick\" \/><input name=\"hosted_button_id\" type=\"hidden\" value=\"FA7NC38RSZZNE\" \/><input style=\"border-radius: 10px; max-width: 100%; height: auto;\" height=\"150\" name=\"submit\" src=\"https:\/\/solucom.cl\/aprenda\/curso\/img\/paypal-1.jpg\" type=\"image\" width=\"100%\" \/><\/form>\n<\/td>\n<\/tr>\n<tr>\n<td align=\"center\"><a href=\"https:\/\/solucom.cl\/tarot\/_MoneyGram.html\" target=\"_blank\" rel=\"noopener\"><img decoding=\"async\" style=\"border-radius: 10px; max-width: 100%; height: auto;\" src=\"https:\/\/solucom.cl\/Imagenes\/logo-moneygram.jpg\" width=\"100%\" height=\"100\" \/><\/a><br \/>\nInstrucciones a seguir<\/td>\n<\/tr>\n<tr>\n<td align=\"center\"><a href=\"https:\/\/solucom.cl\/tarot\/_WesternUnion.html\" target=\"_blank\" rel=\"noopener\"><img decoding=\"async\" style=\"border-radius: 10px; max-width: 100%; height: auto;\" src=\"https:\/\/solucom.cl\/Imagenes\/logo-westernunion.jpg\" width=\"100%\" height=\"100\" \/><\/a><br \/>\nInstrucciones a seguir<\/td>\n<\/tr>\n<\/tbody>\n<\/table>\n<hr \/>\n","protected":false},"excerpt":{"rendered":"<p>Trabajo Recuperar ex Pareja Mes Valor Trabajo CLP$ 66.000 (sesenta y seis mil pesos chilenos) Si, si te puedo ayudar a hacer que tu pareja regrese a ti. Soy Luis Octavio Galdames Hidalgo desde Osorno Chile, Astrologo, Tarotista y Maestro Esot\u00e9rico con m\u00e1s de 40 a\u00f1os de experiencia ayudando a personas como tu. \u00bfTu estas &hellip; <a href=\"https:\/\/solucom.cl\/tarot\/trabajos\/recuperar-pareja\/recuperar-pareja-mes\/\" class=\"more-link\">Contin\u00fae leyendo <span class=\"screen-reader-text\">Recuperar Pareja Mes<\/span> <span class=\"meta-nav\">&rarr;<\/span><\/a><\/p>\n","protected":false},"author":1,"featured_media":29693,"parent":192,"menu_order":0,"comment_status":"closed","ping_status":"closed","template":"","meta":{"footnotes":""},"class_list":["post-29806","page","type-page","status-publish","has-post-thumbnail","hentry"],"_links":{"self":[{"href":"https:\/\/solucom.cl\/tarot\/wp-json\/wp\/v2\/pages\/29806","targetHints":{"allow":["GET"]}}],"collection":[{"href":"https:\/\/solucom.cl\/tarot\/wp-json\/wp\/v2\/pages"}],"about":[{"href":"https:\/\/solucom.cl\/tarot\/wp-json\/wp\/v2\/types\/page"}],"author":[{"embeddable":true,"href":"https:\/\/solucom.cl\/tarot\/wp-json\/wp\/v2\/users\/1"}],"replies":[{"embeddable":true,"href":"https:\/\/solucom.cl\/tarot\/wp-json\/wp\/v2\/comments?post=29806"}],"version-history":[{"count":5,"href":"https:\/\/solucom.cl\/tarot\/wp-json\/wp\/v2\/pages\/29806\/revisions"}],"predecessor-version":[{"id":29980,"href":"https:\/\/solucom.cl\/tarot\/wp-json\/wp\/v2\/pages\/29806\/revisions\/29980"}],"up":[{"embeddable":true,"href":"https:\/\/solucom.cl\/tarot\/wp-json\/wp\/v2\/pages\/192"}],"wp:featuredmedia":[{"embeddable":true,"href":"https:\/\/solucom.cl\/tarot\/wp-json\/wp\/v2\/media\/29693"}],"wp:attachment":[{"href":"https:\/\/solucom.cl\/tarot\/wp-json\/wp\/v2\/media?parent=29806"}],"curies":[{"name":"wp","href":"https:\/\/api.w.org\/{rel}","templated":true}]}}