{"id":29876,"date":"2022-11-16T20:41:25","date_gmt":"2022-11-16T23:41:25","guid":{"rendered":"https:\/\/solucom.cl\/tarot\/?page_id=29876"},"modified":"2022-12-03T03:27:39","modified_gmt":"2022-12-03T06:27:39","slug":"estudio-completo-de-pareja","status":"publish","type":"page","link":"https:\/\/solucom.cl\/tarot\/trabajos\/estudio-pareja\/estudio-completo-de-pareja\/","title":{"rendered":"Estudio Completo de Pareja"},"content":{"rendered":"<p><img src='https:\/\/solucom.cl\/tarot\/wp-content\/uploads\/recuperar-pareja.jpg' width='0' height='0'><\/p>\n<h1>Estudio Completo de Pareja para Conocer a tu Pareja y a tu persona<\/h1>\n<div style=\"border:5px; background-color:#cdcdcd; \">\n<hr>\n<h2 stype=\"color:blue; border:1px solid red; \"><i>Ahora en <b>oferta de Black Friday<\/b> paga solo CLP$22.000 pesos chilenos por transferencia bancaria o env\u00edo por caja vecina o internacional MoneyGram o WesternUnion<\/i><\/h2>\n<hr>\n<\/div>\n<p>Para conocer mejor a tu persona y a tu pareja, tener una convivencia armoniosa, saber sus gustos y entender sus actitudes, saber como tratarle para ser felices y lograr que todo vuelva a ser como antes y por lejos mucho mejor a\u00fan haciendo que la armon\u00eda y el amor reinen en vuestro hogar.<\/p>\n<p>Si t\u00fa con tu pareja est\u00e1n conviviendo mal o est\u00e1n separados f\u00edsicamente y ya sea que mantengan comunicaci\u00f3n o no, se ha quebrado el encanto entre los dos y las cosas ya no se dan como hasta hace alg\u00fan tiempo atr\u00e1s, este Estudio<br \/>\n Completo de Pareja es exacto para t\u00ed porque entender\u00e1s los porqu\u00e9s de tantas peleas y cesar\u00e1n.<\/p>\n<p>Debes tener total y absoluta convicci\u00f3n de que amas a tu pareja y quieres Estudiar a ambos en tu pareja, para luego hacer todo bien y conseguir hacerle quedarse a tu lado para siempre, sin ojos para nadie m\u00e1s que para ti.<\/p>\n<p>Esta sesi\u00f3n demora menos de una hora y tiene <b>efecto<\/b> <b>inmediato<\/b>.<\/p>\n<p>Las muchas personas que lo han adquirido est\u00e1n felices del resultado obtenido.<\/p>\n<p>Si tu ya no est\u00e1s con tu pareja como sol\u00eda ser y quieres que regrese a ser todo como antes, para que reanuden su idilio mejor de lo que era, tienes que adquirirlo y leerlo o estudiarlo ahora mismo.<\/p>\n<p><center><span style=\"font-face:Arial; font-size:20px; text-align:center; padding:3px; spacing:3px; \">Valor Estudio Completo de Pareja&#8230;CLP$ 24.990<br \/>(veinticuatro mil novecientos noventa pesos chilenos)<br \/><\/span><\/p>\n<p><a target=\"_blank\" href=\"https:\/\/solucom.cl\/tarot\/images\/gif\/compraEstudioPareja.gif\" rel=\"noopener\">Ver secuencia COMPRAR<\/a><!--img src='' width='100%' height='100%'--><\/p>\n<p><a target=\"_blank\" href=\"https:\/\/solucom.cl\/tarot\/images\/gif\/descargar_estudio_de_pareja.gif\" rel=\"noopener\">Ver secuencia DESCARGAR<\/a><\/p>\n<p><center><b><span style=\"font-face:Arial Narrow; font-size:16px; text-align:center; padding:3px; spacing:3px; \">Se paga en caja vecina BANCOESTADO cuentarut 5760860  <br \/>a mi nombre Luis Galdames Hidalgo <\/span><\/b><br \/>\no en cualquiera de los botones de pago a seguir:<\/p>\n<div style=\"font-size:18px; font-color:navy; border:5px dotted red; background-color:#D8BFD8; text-align:center;  padding:10px;\">Para efectuar el pago del Estudio Completo de Pareja haz clic en el bot\u00f3n adecuado a seguir:<\/p>\n<p><span style=\"font-family:Georgia; font-size:24px; text-align:center; padding:10px; spacing:10px; \"><img loading=\"lazy\" decoding=\"async\" src=\"https:\/\/solucom.cl\/tarot\/images\/contratar.jpg\" width=\"100\" height=\"90\"><br \/><\/span><br \/>\n<span style=\"font-size:24px; font-color:navy; background-color:#D8BFD8; text-align:center;  padding:10px;\"><b>Comprar Estudio Completo de Pareja con:<\/b><\/span><br \/>\n<center><\/p>\n<table border=\"1\" width=\"90%\" cellspacing=\"10\" cellpadding=\"10\" align=\"center\">\n<tbody>\n<tr>\n<td align=\"center\"><a title=\"Para que nos haga llegar el dinero por el Banco del Estado de Chile, puede ir a la agencia o caja vecina mas cercana a depositar o nos puede transferir por Internet. Transferencia o deposito en caja vecina BancoEstado, cuentaRUT 5760860,  a: Luis Galdames Hidalgo RUT: 5.760.860-9 correo: luisgaldames@solucom.cl nota: Estudio.\" href=\"https:\/\/solucom.cl\/tarot\/_CuentaRUT-estudio.php\" target=\"_blank\" rel=\"noopener\"><br \/>\n<img decoding=\"async\" style=\"border-radius: 10px; max-width: 100%; height: auto;\" src=\"https:\/\/solucom.cl\/aprenda\/curso\/img\/cajavecina1.webp\" width=\"100%\" height=\"100\" \/><br \/>\n<\/a><br \/>\nInstrucciones bancarias a seguir<\/td>\n<\/tr>\n<tr>\n<td align=\"center\"><a title=\"Para que nos haga llegar el dinero por el Banco Santander, puede ir a la agencia o servipag mas cercano a depositar o nos puede transferir por Internet. Transferencia o deposito en cuenta corriente 0-000-77-99022-4,  a: Luis Galdames Hidalgo RUT: 5.760.860-9 correo: luisgaldames@solucom.cl nota: Estudio.\" href=\"https:\/\/solucom.cl\/tarot\/_Santander-estudio.php\" target=\"_blank\" rel=\"noopener\"><img decoding=\"async\" style=\"border-radius: 10px; max-width: 100%; height: auto;\" src=\"https:\/\/solucom.cl\/Imagenes\/logo-santander.jpg\" width=\"100%\" height=\"100\" \/><\/a><br \/>\nInstrucciones bancarias a seguir<\/td>\n<\/tr>\n<tr>\n<td align=\"center\">\n<form name=\"btnPago\" method=\"post\" action=\"https:\/\/webpay3g.transbank.cl\/filtroUnificado\/buttonService\">\n    <input type=\"hidden\" name=\"buttonId\" value=\"afdcbc4118ae08766eeffca5bcbc3ad00d7b4f81f6cf22e3ad5ad7322198ab6c\"\/><br \/>\n    <input type=\"image\" src=\"https:\/\/solucom.cl\/Imagenes\/logo-webpay-plus-blanik-660x312.png\" width=\"100%\" \/><br \/>\n<\/form>\n<p>\n<b>Al completar el pago toque en Volver al sitio del Comercio<br \/> para recibir su Estudio de inmediato en linea<\/b><\/td>\n<\/tr>\n<tr>\n<td align=\"center\"><a href=\"https:\/\/www.paypal.com\/cgi-bin\/webscr?cmd=_s-xclick&#038;hosted_button_id=VTP97NXRGHF5E\" target=\"_blank\" rel=\"noopener\"><img decoding=\"async\" style=\"border-radius: 10px; max-width: 100%; height: auto;\" src=\"https:\/\/solucom.cl\/Imagenes\/logo-paypal-secure.jpg\" width=\"100%\" height=\"100\" \/><\/a><br \/>\n<b>Al completar el pago recibe su Estudio de inmediato en linea<\/td>\n<\/tr>\n<tr>\n<td align=\"center\"><a href=\"https:\/\/link.mercadopago.cl\/solucom\" target=\"_blank\" rel=\"noopener\"><img decoding=\"async\" style=\"border-radius: 10px; max-width: 100%; height: auto;\" src=\"https:\/\/solucom.cl\/Imagenes\/QRmp-solucom500x776.jpg\" width=\"100%\" height=\"100\" \/><\/a><br \/>\n<b>Al completar el pago recibe su Estudio de inmediato en linea<\/td>\n<\/tr>\n<tr>\n<td align=\"center\"><a href=\"https:\/\/solucom.cl\/tarot\/_MoneyGram-estudio.php\" target=\"_blank\" rel=\"noopener\"><img decoding=\"async\" style=\"border-radius: 10px; max-width: 100%; height: auto;\" src=\"https:\/\/solucom.cl\/Imagenes\/logo-moneygram.jpg\" width=\"100%\" height=\"100\" \/><\/a><br \/>\nInstrucciones a seguir<\/td>\n<\/tr>\n<tr>\n<td align=\"center\"><a href=\"https:\/\/solucom.cl\/tarot\/_WesternUnion-estudio.php\" target=\"_blank\" rel=\"noopener\"><img decoding=\"async\" style=\"border-radius: 10px; max-width: 100%; height: auto;\" src=\"https:\/\/solucom.cl\/Imagenes\/logo-westernunion.jpg\" width=\"100%\" height=\"100\" \/><\/a><br \/>\nInstrucciones a seguir<\/td>\n<\/tr>\n<\/tbody>\n<\/table>\n<p><\/center><\/p>\n<hr \/>\n<\/div>\n<h3><img src='https:\/\/solucom.cl\/Imagenes\/logh1c-200x245.jpg' width='80' height='100' ><br \/>\n\t\tSi usted usa como medio de pago<br \/> el dep\u00f3sito en caja vecina,<br \/> transferencia bancaria <br \/>o envio internacional <br \/>sera necesario que me avises de tu compra<br \/> y para contactarme,<br \/> clic  <a target='_blank' href='https:\/\/m.me\/estudiocompletodepareja' rel=\"noopener noreferrer\"> <b> AQUI <\/b> <\/a> \ty me env\u00eda:<\/p>\n<h3>\n<span style=\"font-face:Arial Narrow; font-size:16px; text-align:center; padding:3px; spacing:3px; \"><br \/>\n*la foto del comprobante de pago<br \/>\n*su nombre completo y fecha de nacimiento d\u00eda-mes-a\u00f1o<br \/>\n*pareja nombre completo y fecha nacimiento dia-mes-a\u00f1o<\/span><\/p>\n<h5>*=obligatorio<\/h5>\n<p><a target=\"_blank\" href=\"https:\/\/solucom.cl\/tarot\/trabajos\/estudio-pareja\/\" rel=\"noopener\"> <\/p>\n<h1>Quiero la de mi pareja<\/h1>\n<p><\/a><\/p>\n","protected":false},"excerpt":{"rendered":"<p>Estudio Completo de Pareja para Conocer a tu Pareja y a tu persona Ahora en oferta de Black Friday paga solo CLP$22.000 pesos chilenos por transferencia bancaria o env\u00edo por caja vecina o internacional MoneyGram o WesternUnion Para conocer mejor a tu persona y a tu pareja, tener una convivencia armoniosa, saber sus gustos y &hellip; <a href=\"https:\/\/solucom.cl\/tarot\/trabajos\/estudio-pareja\/estudio-completo-de-pareja\/\" class=\"more-link\">Contin\u00fae leyendo <span class=\"screen-reader-text\">Estudio Completo de Pareja<\/span> <span class=\"meta-nav\">&rarr;<\/span><\/a><\/p>\n","protected":false},"author":1,"featured_media":1426,"parent":1425,"menu_order":0,"comment_status":"closed","ping_status":"closed","template":"","meta":{"footnotes":""},"class_list":["post-29876","page","type-page","status-publish","has-post-thumbnail","hentry"],"_links":{"self":[{"href":"https:\/\/solucom.cl\/tarot\/wp-json\/wp\/v2\/pages\/29876","targetHints":{"allow":["GET"]}}],"collection":[{"href":"https:\/\/solucom.cl\/tarot\/wp-json\/wp\/v2\/pages"}],"about":[{"href":"https:\/\/solucom.cl\/tarot\/wp-json\/wp\/v2\/types\/page"}],"author":[{"embeddable":true,"href":"https:\/\/solucom.cl\/tarot\/wp-json\/wp\/v2\/users\/1"}],"replies":[{"embeddable":true,"href":"https:\/\/solucom.cl\/tarot\/wp-json\/wp\/v2\/comments?post=29876"}],"version-history":[{"count":26,"href":"https:\/\/solucom.cl\/tarot\/wp-json\/wp\/v2\/pages\/29876\/revisions"}],"predecessor-version":[{"id":29948,"href":"https:\/\/solucom.cl\/tarot\/wp-json\/wp\/v2\/pages\/29876\/revisions\/29948"}],"up":[{"embeddable":true,"href":"https:\/\/solucom.cl\/tarot\/wp-json\/wp\/v2\/pages\/1425"}],"wp:featuredmedia":[{"embeddable":true,"href":"https:\/\/solucom.cl\/tarot\/wp-json\/wp\/v2\/media\/1426"}],"wp:attachment":[{"href":"https:\/\/solucom.cl\/tarot\/wp-json\/wp\/v2\/media?parent=29876"}],"curies":[{"name":"wp","href":"https:\/\/api.w.org\/{rel}","templated":true}]}}