{"id":29887,"date":"2022-11-22T16:45:05","date_gmt":"2022-11-22T19:45:05","guid":{"rendered":"https:\/\/solucom.cl\/tarot\/?page_id=29887"},"modified":"2022-12-05T16:52:19","modified_gmt":"2022-12-05T19:52:19","slug":"trabajemos","status":"publish","type":"page","link":"https:\/\/solucom.cl\/tarot\/contacto\/trabajemos\/","title":{"rendered":"Trabajemos"},"content":{"rendered":"<p><center><img decoding=\"async\" src=\"https:\/\/solucom.cl\/Imagenes\/logh20221003.png\" width=\"50%\"><\/p>\n<h1>Trabajemos juntos<\/h1>\n<h2>La uni\u00f3n hace la fuerza<\/h2>\n<h3>Juntos logramos proezas<\/h3>\n<p>Tenemos un mundo de habla hispana como usuarios de nuestros productos.<\/p>\n<p><img decoding=\"async\" src=\"https:\/\/solucom.cl\/Imagenes\/mundoespanol.png\" width=\"100%\"><br \/>\n<img decoding=\"async\" src=\"https:\/\/solucom.cl\/Imagenes\/mundoespanol1.png\" width=\"100%\"><br \/>\n<img decoding=\"async\" src=\"https:\/\/solucom.cl\/Imagenes\/mundoespanol2.png\" width=\"100%\"><br \/>\n<img decoding=\"async\" src=\"https:\/\/solucom.cl\/Imagenes\/mundoespanol3.png\" width=\"100%\"><\/p>\n<h4 style=\"\">Hagamos algunos c\u00e1lculos preliminares<\/h4>\n<h5 style=\"\">El 10% (uno de cada diez) de la poblaci\u00f3n hispano hablante es de 51.646.431 prospectos<\/h5>\n<h5 style=\"\">El 1% (uno de cada cien) de la poblaci\u00f3n hispano hablante es de 5.164.643 prospectos<\/h5>\n<h5 style=\"\">El 0,1% (uno de cada mil) de la poblaci\u00f3n hispano hablante es de 516.464 prospectos<\/h5>\n<h5 style=\"\">El 0,01% (uno de cada diez mil) de la poblaci\u00f3n hispano hablante es de 51.646 prospectos<\/h5>\n<h4 style=\"color:blue; \">Y cada uno de esos prospectos<br \/> <br \/>\ncompra 1 producto<\/p>\n<li>Estudio de Pareja + $14.990<\/li>\n<li>Estudio Completo de Pareja + $24.990<\/li>\n<li>Horoscopo Chino 1 Tema + $1.000<\/li>\n<li>Horoscopo Chino todos + $9.990<\/li>\n<li>Aprenda a Conducir Individual + $69.280<\/li>\n<li>Aprenda a Conducir Duplas + $88.990<\/li>\n<li>Recuperar Pareja + $66.000<\/li>\n<li>Estrategia Dios Sexo  + $16.870<\/li>\n<li>Vendedor + $990<\/li>\n<li>Total todos = $293.100<\/li>\n<p>\nconvertidos a venta promedio $293.100<br \/>\n \/ 9 = $32.567 x 10% = <b style=\"color:navy;\">$3.257 x<\/b><\/p>\n<p> 51.646 = <b style=\"color:navy;\">$168.211.022<\/b> <\/p>\n<p> 516.464 = <b style=\"color:navy;\">$1.682.123.248<\/b> <\/p>\n<p> 5.164.643 = <b style=\"color:navy;\">$16.821.242.251<\/b> <\/p>\n<p>en comisi\u00f3n a ganar en el a\u00f1o 2023.<\/p>\n<p>\nCu\u00e1ntos de esos <b style=\"color:navy;\">millones<\/b> te vas a poner <b style=\"color:navy;\">en tu bolsillo<\/b>? <\/h4>\n<p><img decoding=\"async\" src=\"https:\/\/solucom.cl\/Imagenes\/dinero-chileno.png\" width=\"100%\"><\/p>\n<p><img decoding=\"async\" src=\"https:\/\/solucom.cl\/Imagenes\/dinero-mundial.png\" width=\"100%\"><\/p>\n<p>Sin pelear alcanza para todos&#8230; <br \/><b><i>hay mucho dinero en el tapete,<br \/>tan s\u00f3lo hay que estirar la mano y tomarlo<\/i><\/b>.<\/p>\n<p><h2>Y qu\u00e9 tienes que hacer para tomarlo?<\/h2>\n<p>\nTan solo encontrar alguien <b style=\"color:blue; \">con problema<\/b> sentimental o de licencia de conducir vehiculo motorizado o que tan solo quiere saber m\u00e1s de su persona y\/o de su pareja amada.<\/p>\n<p>Una vez que est\u00e1s junto a esa persona (en directo o en chat)<br \/>le puedes <a target=\"_blank\" href=\"https:\/\/solucom.cl\/sphcphp\/sphc\/webroot\/loginvended.php\" rel=\"noopener\">registrar como cliente<\/a> tom\u00e1ndole los datos requeridos mientras le vas llenando la <i>ficha de registro<\/i> desde nuestra aplicaci\u00f3n <a href=\"https:\/\/solucom.cl\/sphcphp\/sphc\/webroot\/loginvended.php\"><b><i>Capta Vendedores<\/i><\/b><\/a>.<br \/>\nMientras le vas llenando los datos como nuevo cliente, a t\u00ed como Vendedor te llegar\u00e1 la <i>copia<\/i> de la carta de agradecimiento por compra que contiene el enlace al producto con sus par\u00e1metros.<br \/>\nEn caso te toca un cliente que no se maneja mucho entre enlaces y cartas, le ayudas <b>tocando t\u00fa en la carta el enlace de datos a llenar y tu se los vas llenando mientras por el chat le pides la informaci\u00f3n requerida<\/b>, de modo que la atenci\u00f3n del cliente va desde darle la informaci\u00f3n de c\u00f3mo adquirir el producto hasta registrarlo y <b>asegurarse de que el cliente recibe el producto que ha comprado<\/b>.<\/p>\n<p>Al finalizar la conversaci\u00f3n en el chat se direcciona al cliente hacia el enlace de Survey donde se le pide evaluar la atenci\u00f3n recibida y la facilidad de pedir y recibir su producto.<\/p>\n<p>Estos productos como regalo son inmejorables, porque aparte de tener duraci\u00f3n perenne, tienen la facilidad de darte la vida f\u00e1cil con respecto de los temas que vendemos.<\/p>\n<p>Te  <a target=\"_blank\" title=\"quiero registrarme\" href=\"https:\/\/solucom.cl\/tarot\/VentasVendedor.php?a=2&#038;b=prospecto&#038;c=990&#038;d=CLP&#038;v=2\" rel=\"noopener\"><b style=\"color:blue; font-size:20px; \">interesa<\/b><\/a> registrarte como Vendedor(a) para ayudarme a hacer de \u00e9ste un mundo mejor, de m\u00e1s respeto, buen trato, cortes\u00eda, amabilidad y todos los valores que inculcamos y que ense\u00f1amos dentro de nuestros productos que benefician a todos quienes entran en su contacto?<\/p>\n<p>Si me interesa y quiero  <a target=\"_blank\" title=\"quiero registrarme\" href=\"https:\/\/solucom.cl\/tarot\/VentasVendedor.php?a=2&#038;b=prospecto&#038;c=990&#038;d=CLP&#038;v=2\" rel=\"noopener\"><b style=\"color:blue; font-size:20px; \">registrarme<\/b><\/a><\/p>\n","protected":false},"excerpt":{"rendered":"<p>Trabajemos juntos La uni\u00f3n hace la fuerza Juntos logramos proezas Tenemos un mundo de habla hispana como usuarios de nuestros productos. Hagamos algunos c\u00e1lculos preliminares El 10% (uno de cada diez) de la poblaci\u00f3n hispano hablante es de 51.646.431 prospectos El 1% (uno de cada cien) de la poblaci\u00f3n hispano hablante es de 5.164.643 prospectos &hellip; <a href=\"https:\/\/solucom.cl\/tarot\/contacto\/trabajemos\/\" class=\"more-link\">Contin\u00fae leyendo <span class=\"screen-reader-text\">Trabajemos<\/span> <span class=\"meta-nav\">&rarr;<\/span><\/a><\/p>\n","protected":false},"author":1,"featured_media":0,"parent":387,"menu_order":0,"comment_status":"closed","ping_status":"closed","template":"page-templates\/full-width.php","meta":{"footnotes":""},"class_list":["post-29887","page","type-page","status-publish","hentry"],"_links":{"self":[{"href":"https:\/\/solucom.cl\/tarot\/wp-json\/wp\/v2\/pages\/29887","targetHints":{"allow":["GET"]}}],"collection":[{"href":"https:\/\/solucom.cl\/tarot\/wp-json\/wp\/v2\/pages"}],"about":[{"href":"https:\/\/solucom.cl\/tarot\/wp-json\/wp\/v2\/types\/page"}],"author":[{"embeddable":true,"href":"https:\/\/solucom.cl\/tarot\/wp-json\/wp\/v2\/users\/1"}],"replies":[{"embeddable":true,"href":"https:\/\/solucom.cl\/tarot\/wp-json\/wp\/v2\/comments?post=29887"}],"version-history":[{"count":24,"href":"https:\/\/solucom.cl\/tarot\/wp-json\/wp\/v2\/pages\/29887\/revisions"}],"predecessor-version":[{"id":29949,"href":"https:\/\/solucom.cl\/tarot\/wp-json\/wp\/v2\/pages\/29887\/revisions\/29949"}],"up":[{"embeddable":true,"href":"https:\/\/solucom.cl\/tarot\/wp-json\/wp\/v2\/pages\/387"}],"wp:attachment":[{"href":"https:\/\/solucom.cl\/tarot\/wp-json\/wp\/v2\/media?parent=29887"}],"curies":[{"name":"wp","href":"https:\/\/api.w.org\/{rel}","templated":true}]}}