{"id":386,"date":"2016-10-26T14:49:50","date_gmt":"2016-10-26T17:49:50","guid":{"rendered":"http:\/\/solucom.cl\/tarot\/sobre-nosotros\/"},"modified":"2023-02-23T15:24:12","modified_gmt":"2023-02-23T18:24:12","slug":"sobre-nosotros","status":"publish","type":"page","link":"https:\/\/solucom.cl\/tarot\/contacto\/sobre-nosotros\/","title":{"rendered":"Sobre nosotros"},"content":{"rendered":"<p>Querido\/a amigo\/a,<\/p>\n<p>Si est\u00e1s buscando respuestas a tus preguntas m\u00e1s profundas o buscando claridad en tus decisiones, el TAROT es una herramienta poderosa para descubrir lo que el futuro te depara.<\/p>\n<p>En Osorno, Chile, tenemos tarotistas altamente capacitados que est\u00e1n listos para ayudarte a desbloquear los secretos del universo. Con a\u00f1os de experiencia y conocimiento en la lectura de cartas del Tarot, podemos guiarte en tu camino hacia el \u00e9xito, la felicidad y la prosperidad.<\/p>\n<p>Adem\u00e1s, si est\u00e1s buscando trabajos de Magia Blanca, podemos ofrecerte nuestro conocimiento y habilidades para ayudarte a alcanzar tus objetivos y metas. La Magia Blanca es una herramienta poderosa para transformar tus deseos en realidad, y nuestros expertos te guiar\u00e1n para lograrlo de manera segura y efectiva.<\/p>\n<p>No esperes m\u00e1s para contactarnos. Estamos aqu\u00ed para ayudarte a encontrar la felicidad, la claridad y el \u00e9xito en tu vida. \u00a1Perm\u00edtenos ser tus gu\u00edas en esta aventura hacia la realizaci\u00f3n personal y el bienestar emocional!<\/p>\n<p>\u00a1Te esperamos con los brazos abiertos en Osorno, Chile!<\/p>\n","protected":false},"excerpt":{"rendered":"<p>Querido\/a amigo\/a, Si est\u00e1s buscando respuestas a tus preguntas m\u00e1s profundas o buscando claridad en tus decisiones, el TAROT es una herramienta poderosa para descubrir lo que el futuro te depara. En Osorno, Chile, tenemos tarotistas altamente capacitados que est\u00e1n listos para ayudarte a desbloquear los secretos del universo. Con a\u00f1os de experiencia y conocimiento &hellip; <a href=\"https:\/\/solucom.cl\/tarot\/contacto\/sobre-nosotros\/\" class=\"more-link\">Contin\u00fae leyendo <span class=\"screen-reader-text\">Sobre nosotros<\/span> <span class=\"meta-nav\">&rarr;<\/span><\/a><\/p>\n","protected":false},"author":1,"featured_media":0,"parent":387,"menu_order":4,"comment_status":"closed","ping_status":"closed","template":"","meta":{"footnotes":""},"class_list":["post-386","page","type-page","status-publish","hentry"],"_links":{"self":[{"href":"https:\/\/solucom.cl\/tarot\/wp-json\/wp\/v2\/pages\/386","targetHints":{"allow":["GET"]}}],"collection":[{"href":"https:\/\/solucom.cl\/tarot\/wp-json\/wp\/v2\/pages"}],"about":[{"href":"https:\/\/solucom.cl\/tarot\/wp-json\/wp\/v2\/types\/page"}],"author":[{"embeddable":true,"href":"https:\/\/solucom.cl\/tarot\/wp-json\/wp\/v2\/users\/1"}],"replies":[{"embeddable":true,"href":"https:\/\/solucom.cl\/tarot\/wp-json\/wp\/v2\/comments?post=386"}],"version-history":[{"count":5,"href":"https:\/\/solucom.cl\/tarot\/wp-json\/wp\/v2\/pages\/386\/revisions"}],"predecessor-version":[{"id":29993,"href":"https:\/\/solucom.cl\/tarot\/wp-json\/wp\/v2\/pages\/386\/revisions\/29993"}],"up":[{"embeddable":true,"href":"https:\/\/solucom.cl\/tarot\/wp-json\/wp\/v2\/pages\/387"}],"wp:attachment":[{"href":"https:\/\/solucom.cl\/tarot\/wp-json\/wp\/v2\/media?parent=386"}],"curies":[{"name":"wp","href":"https:\/\/api.w.org\/{rel}","templated":true}]}}