{"id":1822,"date":"2019-08-28T19:22:48","date_gmt":"2019-08-28T22:22:48","guid":{"rendered":"https:\/\/solucom.cl\/tarot\/?post_type=product&#038;p=1822"},"modified":"2024-09-30T03:08:45","modified_gmt":"2024-09-30T06:08:45","slug":"trabajo-magia-blanca-recuperar-pareja","status":"publish","type":"product","link":"https:\/\/solucom.cl\/tarot\/producto\/trabajo-magia-blanca-recuperar-pareja\/","title":{"rendered":"Recuperar Pareja"},"content":{"rendered":"<p><script>(function(p,u,s,h){p.botId = \"MvEtdI\";s=u.createElement('script');s.type='text\/javascript';s.id=\"bot-widget-script\";s.src='https:\/\/app.conversiobot.com\/lib\/js\/gadget.js';s.setAttribute('bid',\"MvEtdI\");h=u.getElementsByTagName('script')[0];h.parentNode.insertBefore(s,h);})(window,document);<\/script><\/p>\n<p><center><br \/>\n<img decoding=\"async\" src=\"https:\/\/recuperarpareja.org\/wp-content\/uploads\/2021\/09\/logo-rp-scaled.jpg\" width=\"50%\"><\/p>\n<h1>Conjuro para Recuperar ex Pareja <\/h1>\n<p>\n<img decoding=\"async\" src=\"https:\/\/solucom.cl\/tarot\/images\/_notes\/0recuperar-pareja.jpg\" width=\"30%\"><br \/>\n<\/center><br \/>\nTocar en ADD TO CART arriba para comenzar.<\/p>\n<p><!--\nSe parte del punto en que est\u00e1n o no separados f\u00edsicamente y ya sea que mantengan comunicaci\u00f3n o no, se ha quebrado el encanto entre los dos.\nNecesitas tener su fotograf\u00eda de la cara de frente sin gafas, donde se vean sus ojos n\u00edtido al ampliarla, su nombre completo y fecha de nacimiento, mas algunos elementos caseros comunes y hacer una novena de Oraci\u00f3n.\nDebes tener total y absoluta convicci\u00f3n de que quieres recuperar a tu ex pareja y hacerle que regrese a ti para luego hacerle quedarse para siempre.\nEste trabajo demora nueve dias y tiene efecto desde inmediato hasta en unas pocas semanas.\nLas miles de personas que lo han hecho est\u00e1n felices del resultado obtenido.\nSi tu ya no est\u00e1s con tu pareja y quieres que regrese para que reanuden su idilio.\nCuando vuelva tambi\u00e9n puedes hacer que tu sue\u00f1o te dure para siempre.\n\n\n<table width=\"90%\" align=\"center\">\n\n\n<tr>\n\n\n<td align=\"center\"><a target=\"_blank\" title=\"Prueba social portada\" href=\"https:\/\/solucom.cl\/tarot\/images\/publicidad\/PruebaSocial2-portada.jpg\" rel=\"noopener\"><img decoding=\"async\" src=\"https:\/\/solucom.cl\/tarot\/images\/publicidad\/PruebaSocial2-portada.jpg\"  width=\"100%\"\/><\/a><\/td>\n\n\n\n\n<td align=\"center\"><a target=\"_blank\" title=\"Prueba social profecia\" href=\"https:\/\/solucom.cl\/tarot\/images\/publicidad\/PruebaSocial1-profecia.jpg\" rel=\"noopener\"><img decoding=\"async\" src=\"https:\/\/solucom.cl\/tarot\/images\/publicidad\/PruebaSocial1-profecia.jpg\"  width=\"100%\"\/><\/a><\/td>\n\n\n\n\n<td align=\"center\"><a target=\"_blank\" title=\"Prueba social brujo\" href=\"https:\/\/solucom.cl\/tarot\/images\/publicidad\/PruebaSocial3-brujo.jpg\" rel=\"noopener\"><img decoding=\"async\" src=\"https:\/\/solucom.cl\/tarot\/images\/publicidad\/PruebaSocial3-brujo.jpg\"  width=\"100%\"\/><\/a><\/td>\n\n\n<\/tr>\n\n<\/table>\n\n\n\n<!--iframe loading=\"lazy\" width=\"60%\" src=\"https:\/\/solucom.cl\/tarot\/video\/invita-a-rp.mp4\" frameborder=\"0\" allowfullscreen autoplay><\/iframe><br- ->\n\n\n\n<h3>\t <!--a href=\"https:\/\/m.me\/recuperarexpareja\"><img loading=\"lazy\" decoding=\"async\" src=\"https:\/\/solucom.cl\/Imagenes\/logh1c-200x245.jpg\" width=\"80\" height=\"100\"><\/a- ->\n\n\n\n<h2>Si, si te puedo ayudar a hacer que tu pareja regrese a ti.<\/h2>\n\n\n<b>\tSoy Luis Galdames Hidalgo desde Osorno Chile, Astrologo, Tarotista y Maestro Esot\u00e9rico con m\u00e1s de 50 a\u00f1os de experiencia ayudando a personas como tu.\n<\/b>\n\u00bfTu estas distanciado o separado de tu pareja amada y quieres regresar a su lado haciendo algo para forzar el regreso usando la magia blanca y tu fe en Dios para lograrlo?\n\n<i>\tEste trabajo hace todo eso que pides y mas aquello que quieras pedir.\n<\/i>\nEs el metodo probado y discreto de obtener el resultado de regresar con tu persona amada.\n\nPara eso necesito una foto de la cara de tu pareja, de frente, mirando a la c\u00e1mara,\n\nsu nombre completo y fecha de nacimiento.\n\nLo mismo de ti.\n\nSe hace por Internet en total privacidad, con secreto profesional, opciones de pago, acceso 24\/7, soporte en sitio para preguntas frecuentes y contacto diario por whatsapp.\n\n<u>El Trabajo se demora <a href=\"https:\/\/m.me\/recuperarexpareja\">nueve d\u00edas<\/a><\/u>.\nNormalmente estos resultados se ven desde inmediato hasta unas pocas semanas.\n\n<i>Tiene la <strong>garant\u00eda<\/strong> de que yo voy a estar a diario contigo por WhatsApp,\npara entregarte Conocimiento y asegurarme que todo lo haces como debe ser para lograr traer a tu pareja de regreso contigo.<br \/>Puedes leer comentarios y testimonios.<br \/><i><b>\"Lo que es verdadero, permanece. Lo que no, desaparece\"<\/i><\/b><br \/>Yo estoy con mi propiedad intelectual registrada desde <b>1982<\/b><br \/>\ny mi <u>sitio web seguro<\/u> <b>SOLUCOM.CL<\/b>  data desde <b>1995<\/b>.<br \/>\n+50 a\u00f1os ayudando personas a resolver sus problemas, en especial de pareja separada o conviviendo mal,<br \/>\nayuda en l\u00ednea y soporte por whatsapp.<br \/>\nCupos limitados por d\u00eda.<br \/>\nDentro del trabajo te voy a entregar para descargar <strong>gratis<\/strong> los 3 libros mas importantes para una larga vida marital feliz.<br \/>\n<strong>Garantizado<\/strong> que tu vida cambia para mejor.\n<\/i>\n<center><img decoding=\"async\" src=\"https:\/\/solucom.cl\/Imagenes\/satisfaccion-garantizada.jpg\" \/>\n\n\n<a target=\"_blank\" href=\"https:\/\/solucom.cl\/tarot\/images\/ciclo-ventasRP-foto.jpg\" rel=\"noopener\"><img decoding=\"async\" src=\"https:\/\/solucom.cl\/tarot\/images\/ciclo-ventasRP-foto.jpg\" width=\"100%\" \/><\/a><\/center>\n\n\n\n<h1 style=\"color:blue; \"><i>Toca el bot\u00f3n <u>ADD TO CART arriba<\/u>\n\no los botones abajo para <\/i><\/h1>\n\n\n<a target=\"_blank\" href=\"https:\/\/www.paypal.com\/cgi-bin\/webscr?cmd=_s-xclick&hosted_button_id=FA7NC38RSZZNE\" rel=\"noopener\"><b style=\"color:blue; font-size:35px;\">Iniciar Ahora<\/b><\/a>:\n\n\n\n<table width=\"90%\" align=\"center\" border=\"1\" cellpadding=\"10\" cellspacing=\"10\" >\n\n<tr>\n\n<td align=\"center\">\n\t\t\t<a target=\"_blank\" href=\"https:\/\/solucom.cl\/tarot\/_CuentaRUT-trabajo.php\" rel=\"noopener\"> \n <img decoding=\"async\" src=\"https:\/\/solucom.cl\/aprenda\/curso\/img\/cajavecina1.webp\" width=\"100%\" height=\"100\"  style=\"border-radius: 10px; max-width: 100%; height: auto;\"\n\t\t\t\ttitle=\"Para que nos haga llegar el dinero por el Banco del Estado de Chile,\n\t\t\t\t\tpuede ir a la agencia o caja vecina mas cercana a depositar\n\t\t\t\t\to nos puede transferir por Internet.\n\t\t\t\t\tTransferencia o deposito en caja vecina,\n\t\t\t\t\tpor $66.000\n\t\t\t\t\ta: Luis Galdames Hidalgo\n\t\t\t\t\tRUT: 5.760.760-9\n\t\t\t\t\tcorreo: luisgaldames@solucom.cl\n\t\t\t\t\tnota: Respuestas\n\t\t\t\t\tBancoEstado, cuentaRUT 5760860\">\n\t\t\t<\/a>\n\t<\/td>\n\n<\/tr>\n\n\n\t\n\n<tr>\n\n<td align=\"center\"><a target=\"_blank\" href=\"https:\/\/solucom.cl\/tarot\/_Santander-trabajo.php\" rel=\"noopener\"><img decoding=\"async\" src=\"https:\/\/solucom.cl\/Imagenes\/logo-santander.jpg\" width=\"100%\" height=\"100\"  style=\"border-radius: 10px; max-width: 100%; height: auto;\"\/><\/a><\/tr>\n\n<\/td>\n\n\n\t\n\n<tr>\n\n<td align=\"center\"><a target=\"_blank\" href=\"https:\/\/kh.cm\/RUkzP\" rel=\"noopener\"><img decoding=\"async\" src=\"https:\/\/solucom.cl\/Imagenes\/logo-khipu.jpg\" width=\"100%\" height=\"100\"  style=\"border-radius: 10px; max-width: 100%; height: auto;\"\/><\/a><\/td>\n\n<\/tr>\n\n\n\t\n\n<tr>\n\n<td align=\"center\">\n\n<form name=\"btnPago\" method=\"post\" action=\"https:\/\/webpay3g.transbank.cl\/filtroUnificado\/buttonService\"><input type=\"hidden\" name=\"buttonId\" value=\"54c8844d125507a8ab693c6d74ba1f6a\"\/><input type=\"image\" src=\"https:\/\/solucom.cl\/Imagenes\/logo-webpay-plus-blanik-660x312.png\"  style=\"border-radius: 8px; max-width: 100%; height: auto; \"><\/form>\n\n<\/td>\n\n<\/tr>\n\n\n\t\n\n<tr>\n\n<td align=\"center\"><a target=\"_blank\" href=\"https:\/\/mpago.li\/1o22V4i\" rel=\"noopener\"><img decoding=\"async\" src=\"https:\/\/solucom.cl\/Imagenes\/logo-mercadopago1.jpg\" width=\"100%\" height=\"100\"  style=\"border-radius: 10px; max-width: 100%; height: auto;\"\/><\/a><\/td>\n\n<\/tr>\n\n\n\t\n\n<tr>\n\n<td align=\"center\" background-color=\"#CCCCCC\">\n\n<form action=\"https:\/\/www.paypal.com\/cgi-bin\/webscr\" method=\"post\" target=\"_top\"><input type=\"hidden\" name=\"cmd\" value=\"_s-xclick\"><input type=\"hidden\" name=\"hosted_button_id\" value=\"FA7NC38RSZZNE\"><input type=\"image\" src=\"https:\/\/solucom.cl\/aprenda\/curso\/img\/paypal-1.jpg\" border=\"0\" width=\"100%\" height=\"150\" name=\"submit\" style=\"border-radius: 10px; max-width: 100%; height: auto;\"><\/form>\n\n<\/td>\n\n<\/tr>\n\n\n\t\n\n<tr>\n\n<td align=\"center\"><a target=\"_blank\" href=\"https:\/\/solucom.cl\/tarot\/_MoneyGram.html\" rel=\"noopener\"><img decoding=\"async\" src=\"https:\/\/solucom.cl\/Imagenes\/logo-moneygram.jpg\" width=\"100%\" height=\"100\"  style=\"border-radius: 10px; max-width: 100%; height: auto;\"\/><\/a><\/td>\n\n<\/tr>\n\n\n\t\n\n<tr>\n\n<td align=\"center\"><a target=\"_blank\" href=\"https:\/\/solucom.cl\/tarot\/_WesternUnion.html\" rel=\"noopener\"><img decoding=\"async\" src=\"https:\/\/solucom.cl\/Imagenes\/logo-westernunion.jpg\" width=\"100%\" height=\"100\"  style=\"border-radius: 10px; max-width: 100%; height: auto;\"\/><\/a><\/td>\n\n<\/tr>\n\n<\/table>\n\n<\/center>\n<\/div-->\n<p><center><\/p>\n<hr>\n<p><img decoding=\"async\" alt=\"SOLUCOM satisfaciometro\" title=\"satisfaciometro\" src=\"https:\/\/solucom.cl\/Imagenes\/aplausometro.jpg\"  width=\"60%\" ><\/p>\n<p><!-- Facebook Pixel Code --><br \/>\n<script>\n!function(f,b,e,v,n,t,s)\n{if(f.fbq)return;n=f.fbq=function(){n.callMethod?\nn.callMethod.apply(n,arguments):n.queue.push(arguments)};\nif(!f._fbq)f._fbq=n;n.push=n;n.loaded=!0;n.version='2.0';\nn.queue=[];t=b.createElement(e);t.async=!0;\nt.src=v;s=b.getElementsByTagName(e)[0];\ns.parentNode.insertBefore(t,s)}(window, document,'script',\n'https:\/\/connect.facebook.net\/en_US\/fbevents.js');\nfbq('init', '566616117951504');\nfbq('track', 'PageView');\n<\/script><br \/>\n<noscript><img height=\"1\" width=\"1\" style=\"display:none\"\nsrc=\"https:\/\/www.facebook.com\/tr?id=566616117951504&#038;ev=PageView&#038;noscript=1\"\n\/><\/noscript><br \/>\n<!-- End Facebook Pixel Code --><\/p>\n","protected":false},"excerpt":{"rendered":"<p><center><img decoding=\"async\" src=\"https:\/\/recuperarpareja.org\/wp-content\/uploads\/2021\/09\/logo-rp-scaled.jpg\" width=\"50%\"><\/center><br \/>\nSe parte del punto en que est\u00e1n o no separados f\u00edsicamente <br \/>y ya sea que mantengan comunicaci\u00f3n o no, <b>se ha quebrado el encanto entre los dos<\/b>.<br \/>\nNecesitas tener su fotograf\u00eda, de la cara de frente sin gafas, donde se vean sus ojos n\u00edtido al ampliarla, <br \/>su nombre completo y fecha de nacimiento, <br \/>mas algunos elementos caseros comunes <br \/>y hacer una novena de Oraci\u00f3n.<\/p>\n<p>Debes tener total y absoluta <b>convicci\u00f3n de que quieres recuperar a tu ex pareja<\/b> y hacerle que regrese a ti <i>para luego hacerle quedarse para siempre<\/i>.<br \/>  <!--br>\nEste trabajo demora nueve d\u00edas <br \/>y tiene efecto desde inmediato<br \/> hasta en unas pocas semanas.\n\n\nLas miles de personas que lo han hecho est\u00e1n felices del resultado obtenido.<br \/>\n<i><b>Si tu ya no est\u00e1s con tu pareja y quieres que regrese para que reanuden su idilio<\/b><\/i>.\n\n\nCuando vuelva tambi\u00e9n puedes hacer que tu sue\u00f1o te dure para siempre.<br \/><br--><\/p>\n<h4 style=\"color:blue; \"><i>Tocar el bot\u00f3n <u>ADD TO CART<\/u> a seguir <\/i>para Iniciar Ahora<\/b><\/h4>\n<p> y recibir tus bonos <b>gratis<\/b>.<\/p>\n<p><!-- Facebook Pixel Code --><br \/>\n<script>\n!function(f,b,e,v,n,t,s)\n{if(f.fbq)return;n=f.fbq=function(){n.callMethod?\nn.callMethod.apply(n,arguments):n.queue.push(arguments)};\nif(!f._fbq)f._fbq=n;n.push=n;n.loaded=!0;n.version='2.0';\nn.queue=[];t=b.createElement(e);t.async=!0;\nt.src=v;s=b.getElementsByTagName(e)[0];\ns.parentNode.insertBefore(t,s)}(window, document,'script',\n'https:\/\/connect.facebook.net\/en_US\/fbevents.js');\nfbq('init', '650049556010305');\nfbq('track', 'PageView');\n<\/script><br \/>\n<noscript><img height=\"1\" width=\"1\" style=\"display:none\"\nsrc=\"https:\/\/www.facebook.com\/tr?id=650049556010305&#038;ev=PageView&#038;noscript=1\"\n\/><\/noscript><br \/>\n<!-- End Facebook Pixel Code --><\/p>\n","protected":false},"featured_media":29649,"comment_status":"closed","ping_status":"closed","template":"","meta":[],"product_cat":[53],"product_tag":[50,67],"class_list":{"0":"post-1822","1":"product","2":"type-product","3":"status-publish","4":"has-post-thumbnail","6":"product_cat-trabajo-magia-blanca-recuperar-pareja","7":"product_tag-trabajos-magia-blanca","8":"product_tag-trabajos-magia-blanca-recuperar-pareja","11":"first","12":"instock","13":"sale","14":"virtual","15":"sold-individually","16":"purchasable","17":"product-type-simple"},"_links":{"self":[{"href":"https:\/\/solucom.cl\/tarot\/wp-json\/wp\/v2\/product\/1822","targetHints":{"allow":["GET"]}}],"collection":[{"href":"https:\/\/solucom.cl\/tarot\/wp-json\/wp\/v2\/product"}],"about":[{"href":"https:\/\/solucom.cl\/tarot\/wp-json\/wp\/v2\/types\/product"}],"replies":[{"embeddable":true,"href":"https:\/\/solucom.cl\/tarot\/wp-json\/wp\/v2\/comments?post=1822"}],"wp:featuredmedia":[{"embeddable":true,"href":"https:\/\/solucom.cl\/tarot\/wp-json\/wp\/v2\/media\/29649"}],"wp:attachment":[{"href":"https:\/\/solucom.cl\/tarot\/wp-json\/wp\/v2\/media?parent=1822"}],"wp:term":[{"taxonomy":"product_cat","embeddable":true,"href":"https:\/\/solucom.cl\/tarot\/wp-json\/wp\/v2\/product_cat?post=1822"},{"taxonomy":"product_tag","embeddable":true,"href":"https:\/\/solucom.cl\/tarot\/wp-json\/wp\/v2\/product_tag?post=1822"}],"curies":[{"name":"wp","href":"https:\/\/api.w.org\/{rel}","templated":true}]}}