{"id":27070,"date":"2021-03-02T20:29:47","date_gmt":"2021-03-02T23:29:47","guid":{"rendered":"https:\/\/solucom.cl\/tarot\/?post_type=product&#038;p=27070"},"modified":"2024-09-30T03:08:45","modified_gmt":"2024-09-30T06:08:45","slug":"tirada-cruz-magica","status":"publish","type":"product","link":"https:\/\/solucom.cl\/tarot\/producto\/tirada-cruz-magica\/","title":{"rendered":"Tirada Cruz Magica"},"content":{"rendered":"<h1>LA CRUZ MAGICA<\/h1>\n<h2>* <a href='https:\/\/solucom.cl\/tarot\/images\/la-cruz-magica-1.jpg'><img src='https:\/\/solucom.cl\/tarot\/images\/la-cruz-magica.jpg'><br \/>Tirada LA CRUZ MAGICA<\/a><\/h2>\n<h3>La Cruz m\u00e1gica permite identificar algunas cuestiones sobre todo pensando en el posible desarrollo o la posible tendencia de una situaci\u00f3n.<\/h3>\n<p><u>1, 2<\/u>. El pasado condicionante a lo que se pregunta.<br \/>\n<u>3<\/u>. La situacion actual del consultante. El momento presente.<br \/>\n<u>4, 5<\/u>.  Lo que se opone. Las dificultades, problemas y obstaculos que hay o surgir\u00e1n.<br \/>\n<u>6,7 <\/u>.  Lo que se espera. Las esperanzas, expectativas y deseos de la persona relacionados con la consulta formulada.<br \/>\n<u>8, 9, 10<\/u>. El futuro inmediato. La situaci\u00f3n a la que se llegar\u00e1 si se realizan las acciones aconsejadas en el camino que debe emprender para lograr sus fines y alcanzar sus metas.<br \/>\n<u>11, 12, 13<\/u>. Situaciones o acontecimientos que se ir\u00e1n desencadenando en la vida futura del consultante, propocion\u00e1ndole la respuesta y el camino que debe emprender.<\/p>\n<hr>\n<p><!---b>Martes y Viernes...$ 20.000  ---  Lunes, Miercoles y Jueves  $ 17.000<\/b---><\/p>\n<h3>Valor Consulta&#8230;CLP$ 20.000   &#8212;&#8211;  USD$ 47.00<\/h3>\n<p><\/p>\n<div style=\"font-size:18px; font-color:navy; border:5px dotted red; background-color:#D8BFD8; text-align:center;  padding:10px;\">\n<span style=\"background-color:violet; font-family:Georgia; font-size:24px; text-align:center; padding:10px; spacing:10px; \"><a title=\"Todo procedimiento comienza por efectuar el pago del producto a recibir.  Haga clic para proceder a efectuar su Pago\" href=\"https:\/\/solucom.cl\/tarot\/tarifas\/formapago\/\">Ordernar Hacer esta Tirada<br \/><\/a><\/span><br \/>\n<span style=\"font-size:24px; font-color:navy; background-color:#D8BFD8; text-align:center;  padding:10px;\"><b>voy a Pagar mi Pedido con:<\/b><\/span><br \/>\n<a target=\"_blank\" href=\"https:\/\/www.bancoestado.cl\/imagenes\/comun2008\/nuevo_paglg_pers2.html\" title=\"Pagar por Deposito o Transferencia a CuentaRUT del BancoEstado de Chile # 5760860 a Luis Galdames Hidalgo RUT 5.760.860-9  Email: luisgaldames@solucom.cl\" rel=\"noopener noreferrer\"><b>BANCOESTADO-CuentaRUT: <\/b><img loading=\"lazy\" decoding=\"async\" src=\"https:\/\/solucom.cl\/Imagenes\/logo-bancoestado.jpg\" title=\"Pagar por Deposito o Transferencia a CuentaRUT del BancoEstado de Chile # 5760860 a Luis Galdames Hidalgo RUT 5.760.860-9  Email: luisgaldames@solucom.cl\" alt=\"Pagar por Deposito o Transferencia a CuentaRUT del BancoEstado de Chile\" width=\"140\" height=\"30\"><\/a><\/p>\n<p>y tambi\u00e9n puede pagarlo en cuotas con <b>WebPay Plus<\/b> de Transbank, usando tarjetas de d\u00e9bito \/ cr\u00e9dito Visa, Magna, MasterCard, Dinnes Club, American Express, Cencosud, Lider, REDCOMPRA, etc. <\/p>\n<form name=\"btnPago\" method=\"post\" action=\"https:\/\/webpay3g.transbank.cl\/filtroUnificado\/buttonService\">\n    <input type=\"hidden\" name=\"buttonId\" value=\"4590070198b4d54af62e01951a620d92\"\/><br \/>\n    <input type=\"image\" src=\"https:\/\/solucom.cl\/Imagenes\/logo-webpay-plus-blanik-660x312.png\"\/><br \/>\n<\/form>\n<hr>\n<p><a target=\"_blank\" href=\"https:\/\/www.paypal.com\/cgi-bin\/webscr?cmd=_s-xclick&#038;hosted_button_id=35ZYCZB4JDMVC\" title=\"Pagar con Paypal o con Tarjeta de Debito o Credito. Caso no tiene cuenta Paypal, use este mismo enlace para Crear una Cuenta.\" rel=\"noopener noreferrer\"><b>PAYPAL\/TARJETA: <\/b><img loading=\"lazy\" decoding=\"async\" src=\"https:\/\/solucom.cl\/Imagenes\/logo-paypal-comprarahora.jpg\" title=\"Pagar con Paypal o con Tarjeta de Debito o Credito. Caso no tiene cuenta Paypal, use este mismo enlace para Crear una Cuenta.\" alt=\"Pagar con Paypal o con Tarjeta de Debito o Credito\" width=\"140\" height=\"30\"><\/a><\/p>\n<p><a target=\"_blank\" href=\"https:\/\/solucom.cl\/tarot\/_MoneyGram.html\" title=\"Enviar dinero por Money Gram\" rel=\"noopener noreferrer\"><img loading=\"lazy\" decoding=\"async\" src=\"https:\/\/solucom.cl\/Imagenes\/logo-moneygram.jpg\" alt=\"Enviar dinero por Money Gram\" width=\"140\" height=\"30\"><\/a>  &#8212;  <a target=\"_blank\" href=\"https:\/\/solucom.cl\/tarot\/_WesternUnion.html\" title=\"Enviar dinero por Western Union\" rel=\"noopener noreferrer\"><img loading=\"lazy\" decoding=\"async\" src=\"https:\/\/solucom.cl\/Imagenes\/logo-westernunion.jpg\" alt=\"Enviar dinero por Western Union\" width=\"140\" height=\"30\"><\/a><\/div>\n<hr>\n<p>\n<!---div style=\"font-size:16px; font-color:navy; border:0px solid red; background-color:#CCFFCC; text-align:center; \">\n\n\n<h1 style=\"color:navy; background-color:lightblue;\">Metodos de Tiradas<\/h1>\n\n\n<a href='https:\/\/solucom.cl\/tarot\/consulta\/respuestas\/' title='Consiste en darte la respuesta a tres preguntas bien exactas, cuya respuesta sea SI o NO ... clp$9.000' alt='Respuesta a tres preguntas clp$9.000'><b>Respuestas<\/b><\/a><br \/>\n<a href='https:\/\/solucom.cl\/tarot\/consulta\/del-cambio\/' title='nos puede ayudar en esos momentos en que deseamos un cambio en nuestra vida ... clp$12.000' alt='nos puede ayudar en esos momentos en que deseamos un cambio en nuestra vida ... clp$12.000'><b>Del Cambio<\/b><\/a><br \/><a href='https:\/\/solucom.cl\/tarot\/consulta\/estrella-de-david\/' title='Muestra pasado, presente, futuro, fuerzas favorables, oposiciones y sistesis... clp$15.000' alt='Estrella de David ... clp$15.000'><b>Estrella de David<\/b><\/a><br \/>\n<a href='https:\/\/solucom.cl\/tarot\/consulta\/estrella-de-salomon\/' title='Muestra pasado, presente, el ambiente, las personas cercanas, elementos favorables y desfavorables... clp$15.000' alt='Estrella de Salomon clp$15.000'><b>Estrella de Salomon<\/b><\/a><br \/><a href='https:\/\/solucom.cl\/tarot\/consulta\/el-carro\/' title='Es excelente para saber el resultado de un cambio que se desea hacer... clp$15.000' alt='Es excelente para saber el resultado de un cambio que se desea hacer... clp$15.000'><b>El Carro<\/b><\/a><br \/><a href='https:\/\/solucom.cl\/tarot\/consulta\/la-herradura\/' title='se utiliza b\u00e1sicamente para medir el resultado de una situaci\u00f3n en un per\u00edodo... clp$15.000' alt='se utiliza b\u00e1sicamente para medir el resultado de una situaci\u00f3n en un per\u00edodo... clp$15.000'><b>La Herradura<\/b><\/a><br \/><a href='https:\/\/solucom.cl\/tarot\/consulta\/la-semanal\/' title='es adecuada cuando el Consultante desea conocer su futuro dia a dia en una semana... clp$15.000' alt='es adecuada cuando el Consultante desea conocer su futuro dia a dia en una semana... clp$15.000'><b>La Semanal<\/b><\/a><br \/><a href='https:\/\/solucom.cl\/tarot\/consulta\/metodo-planetario\/' title='Se aconseja para conocer el futuro del Consultante en el plazo de 1 a\u00f1o y en los diferentes aspectos de su vida... clp$18.000' alt='Se aconseja para conocer el futuro del Consultante en el plazo de 1 a\u00f1o y en los diferentes aspectos de su vida... clp$18.000'><b>Metodo Planetario<\/b><\/a><br \/><a href='https:\/\/solucom.cl\/tarot\/consulta\/la-piramide\/' title='destino del consultante en esta vida y refleja aquello que conseguir\u00e1 seguro... clp$20.000' alt='destino del consultante en esta vida y refleja aquello que conseguir\u00e1 seguro... clp$20.000'><b>La Piramide<\/b><\/a><br \/><a href='https:\/\/solucom.cl\/tarot\/consulta\/cruz-magica\/' title='Permite identificar algunas cuestiones sobre todo pensando en el posible desarrollo o la posible tendencia de una situaci\u00f3n...  clp$20.000' alt='Cruz Magica  clp$20.000'><b>Cruz Magica<\/b><\/a><br \/>\n<a href='https:\/\/solucom.cl\/tarot\/consulta\/la-completo\/' title='Te informa de todos los aspectos que te afectan y como se orientaran en Completo  clp$25.000' alt='Te informa de todos los aspectos que te afectan y como se orientaran en Completo  clp$25.000'><b>Completo<\/b><\/a><br \/>\n\n\n<div style=\"background-color:Antique; color:blue; font-size:10px; padding:10px; margin:10px; border:0 dotted cyan;\">Coloca el mouse encima para ver detalles<\/font><\/div>\n\n<\/div--->\n<p><center><\/p>\n<hr>\n<p><a href='https:\/\/solucom.cl\/tarot\/?page_id=2'><b>CONSULTA<\/b><\/a>  &#8211;  <a href='https:\/\/solucom.cl\/tarot\/?page_id=13'>Ubicaci\u00f3n<\/a>  &#8211;  <a href='https:\/\/solucom.cl\/tarot\/?page_id=21'>Atenci\u00f3n<\/a>  &#8211;  <a href='https:\/\/solucom.cl\/tarot\/trabajos\/'><b>TRABAJOS<\/b><\/a>  &#8211;  <a href='https:\/\/solucom.cl\/tarot\/?page_id=25'>Tarifa<\/a>  &#8211;  <a href='https:\/\/solucom.cl\/tarot\/?page_id=37'>FormaPago<\/a>  &#8211;  <a href='https:\/\/solucom.cl\/tarot\/?page_id=69'>Noticias<\/a><\/p>\n<hr>\n","protected":false},"excerpt":{"rendered":"<p>La Cruz m\u00e1gica permite identificar algunas cuestiones sobre todo pensando en el posible desarrollo o la posible tendencia de una situaci\u00f3n.<\/p>\n","protected":false},"featured_media":27073,"comment_status":"closed","ping_status":"closed","template":"","meta":[],"product_cat":[60],"product_tag":[],"class_list":{"0":"post-27070","1":"product","2":"type-product","3":"status-publish","4":"has-post-thumbnail","6":"product_cat-tarot-lectura","9":"first","10":"instock","11":"shipping-taxable","12":"purchasable","13":"product-type-simple"},"_links":{"self":[{"href":"https:\/\/solucom.cl\/tarot\/wp-json\/wp\/v2\/product\/27070","targetHints":{"allow":["GET"]}}],"collection":[{"href":"https:\/\/solucom.cl\/tarot\/wp-json\/wp\/v2\/product"}],"about":[{"href":"https:\/\/solucom.cl\/tarot\/wp-json\/wp\/v2\/types\/product"}],"replies":[{"embeddable":true,"href":"https:\/\/solucom.cl\/tarot\/wp-json\/wp\/v2\/comments?post=27070"}],"wp:featuredmedia":[{"embeddable":true,"href":"https:\/\/solucom.cl\/tarot\/wp-json\/wp\/v2\/media\/27073"}],"wp:attachment":[{"href":"https:\/\/solucom.cl\/tarot\/wp-json\/wp\/v2\/media?parent=27070"}],"wp:term":[{"taxonomy":"product_cat","embeddable":true,"href":"https:\/\/solucom.cl\/tarot\/wp-json\/wp\/v2\/product_cat?post=27070"},{"taxonomy":"product_tag","embeddable":true,"href":"https:\/\/solucom.cl\/tarot\/wp-json\/wp\/v2\/product_tag?post=27070"}],"curies":[{"name":"wp","href":"https:\/\/api.w.org\/{rel}","templated":true}]}}