{"id":29683,"date":"2021-11-29T18:35:59","date_gmt":"2021-11-29T21:35:59","guid":{"rendered":"https:\/\/solucom.cl\/tarot\/?post_type=product&#038;p=29683"},"modified":"2024-09-30T03:08:45","modified_gmt":"2024-09-30T06:08:45","slug":"estrategia-dios-del-sexo","status":"publish","type":"product","link":"https:\/\/solucom.cl\/tarot\/producto\/estrategia-dios-del-sexo\/","title":{"rendered":"Estrategia Dios del Sexo"},"content":{"rendered":"<h1>Estrategia Dios del Sexo<\/h1>\n<p>La <b>Estrategia Dios del Sexo<\/b> es una forma de ejecutar el acto amatorio en pareja siguiendo un procedimiento establecido que resulta en orgasmo m\u00faltiple para la mujer y una enorme satisfacci\u00f3n y sentido de realizaci\u00f3n para el hombre.<\/p>\n<h2>Estrategia Dios del Sexo<\/h2>\n<p>\u00bfSab\u00edas que una S\u00e9ptima Parte de TODO el Sufrimiento que se produce en el Problema, est\u00e1 producido por \u201cproblemas Sexuales\u201d?<\/p>\n<h3>Estrategia Dios del Sexo<\/h3>\n<p>Un 90% de los Hombres y un 80% de las Mujeres que viven en este mundo, tienen una Vida Sexual <i>INSATISFACTORIA<\/i>.<\/p>\n<h4>Como resolverlo?<\/h4>\n<p>Haciendo clic en <a href=\"https:\/\/www.paypal.com\/cgi-bin\/webscr?cmd=_s-xclick&#038;hosted_button_id=9MD4C9FEG39AW\"><\/p>\n<form action=\"https:\/\/www.paypal.com\/cgi-bin\/webscr\" method=\"post\" target=\"_top\">\n<input type=\"hidden\" name=\"cmd\" value=\"_s-xclick\"><br \/>\n<input type=\"hidden\" name=\"hosted_button_id\" value=\"9MD4C9FEG39AW\"><br \/>\n<input type=\"image\" src=\"https:\/\/solucom.cl\/Imagenes\/paypal-3.jpg\" border=\"0\" name=\"submit\" alt=\"PayPal, la forma r\u00e1pida y segura de pagar en Internet.\"><br \/>\n<img loading=\"lazy\" decoding=\"async\" alt=\"\" border=\"0\" src=\"https:\/\/solucom.cl\/Imagenes\/paypal-3.jpg\" width=\"1\" height=\"1\"><br \/>\n<\/form>\n<p><b>USD$27.00 Lo Pago por PAYPAL<\/b>  para Descargar inmediato<\/a>.<br \/>\n<\/p>\n<hr>\n<p>\nPaga por Webpay<\/p>\n<form name=\"btnPago\" method=\"post\" action=\"https:\/\/webpay3g.transbank.cl\/filtroUnificado\/buttonService\">\n    <input type=\"hidden\" name=\"buttonId\" value=\"3c30e471bc266cdc971342dfb1a58b03\"\/><br \/>\n    <input type=\"image\" src=\"https:\/\/solucom.cl\/Imagenes\/logo-webpay-plus-blanik-660x312.png\"\/><br \/>\n<\/form>\n<p> $16.870 CLP pesos chilenos<br \/> para Descargar inmediato<\/p>\n<hr>\n<p>\nPaga por MercadoPago<br \/><img decoding=\"async\" src=\"https:\/\/solucom.cl\/Imagenes\/logo-mercadopago1.jpg\"><br \/><script src=\"https:\/\/www.mercadopago.cl\/integrations\/v1\/web-payment-checkout.js\"\ndata-preference-id=\"72436137-944c95af-ada2-49ff-a010-92350ad7bce9\" data-source=\"button\">\n<\/script><br \/> $16.870 CLP pesos chilenos<br \/>Completado el pago, tocar en <strong>Volver al Sitio Web del Comerciante<\/strong><br \/> para Descargar inmediato.<\/p>\n<hr>\n<p>\n<a title=\"Transferencia o Dep\u00f3sito CajaVecina BancoEstado CuentaRUT 5760860 nombre Luis Galdames Hidalgo RUT 5.760.860-9 correo luisgaldames@solucom.cl por $16.870 pesos chilenos\" target=\"_blank\" href=\"https:\/\/www.bancoestado.cl\/imagenes\/comun2008\/nuevo_paglg_pers2.html\" rel=\"noopener\"><\/p>\n<h4>Deseo Adquirir la Estrategia Dios-del-Sexo por Banco Estado Chile<\/h4>\n<p><\/a><br \/>\n<a target=\"_blank\" href=\"https:\/\/solucom.cl\/_CuentaRUT-Libro27usd.php\" rel=\"noopener\"><img decoding=\"async\" src=\"https:\/\/solucom.cl\/Imagenes\/chile-pago.jpg\" width=\"50%\" >  $16.870 CLP pesos chilenos<\/a><\/p>\n<hr>\n<p><\/p>\n<p><b><i>Lo lees hasta el final y tu vida cambiar\u00e1 a ser colorida y feliz!<\/i><\/b><\/p>\n<p><!-- Facebook Pixel Code a poner en cada p\u00e1gina a ser rastreada... cambiar el n\u00famero del pixel --><br \/>\n<script>\n!function(f,b,e,v,n,t,s)\n{if(f.fbq)return;n=f.fbq=function(){n.callMethod?\nn.callMethod.apply(n,arguments):n.queue.push(arguments)};\nif(!f._fbq)f._fbq=n;n.push=n;n.loaded=!0;n.version='2.0';\nn.queue=[];t=b.createElement(e);t.async=!0;\nt.src=v;s=b.getElementsByTagName(e)[0];\ns.parentNode.insertBefore(t,s)}(window, document,'script',\n'https:\/\/connect.facebook.net\/en_US\/fbevents.js');\nfbq('init', '650049556010305');\nfbq('track', 'PageProdView');\n<\/script><br \/>\n<noscript><img height=\"1\" width=\"1\" style=\"display:none\"\nsrc=\"https:\/\/www.facebook.com\/tr?id=650049556010305&#038;ev=PageView&#038;noscript=1\"\n\/><\/noscript><br \/>\n<!-- End Facebook Pixel Code --><\/p>\n","protected":false},"excerpt":{"rendered":"<h1>Estrategia Dios del Sexo<\/h1>\n<p>La <b>Estrategia Dios del Sexo<\/b> es una forma de ejecutar el acto amatorio en pareja siguiendo un procedimiento establecido que resulta en orgasmo m\u00faltiple para la mujer y una enorme satisfacci\u00f3n y sentido de realizaci\u00f3n para el hombre.<\/p>\n<p>Para adquirirlo por Paypal tocar en <\/p>\n<form action=\"https:\/\/www.paypal.com\/cgi-bin\/webscr\" method=\"post\" target=\"_top\">\n<input type=\"hidden\" name=\"cmd\" value=\"_s-xclick\"><br \/>\n<input type=\"hidden\" name=\"hosted_button_id\" value=\"9MD4C9FEG39AW\"><br \/>\n<input type=\"image\" src=\"https:\/\/solucom.cl\/Imagenes\/paypal-3.jpg\" border=\"0\" name=\"submit\" alt=\"PayPal, la forma r\u00e1pida y segura de pagar en Internet.\"><br \/>\n<img loading=\"lazy\" decoding=\"async\" alt=\"\" border=\"0\" src=\"https:\/\/solucom.cl\/Imagenes\/paypal-3.jpg\" width=\"1\" height=\"1\"><br \/>\n<\/form>\n","protected":false},"featured_media":29684,"comment_status":"closed","ping_status":"closed","template":"","meta":[],"product_cat":[66],"product_tag":[],"class_list":{"0":"post-29683","1":"product","2":"type-product","3":"status-publish","4":"has-post-thumbnail","6":"product_cat-estrategia-dios-del-sexo","9":"first","10":"instock","11":"downloadable","12":"virtual","13":"purchasable","14":"product-type-simple"},"_links":{"self":[{"href":"https:\/\/solucom.cl\/tarot\/wp-json\/wp\/v2\/product\/29683","targetHints":{"allow":["GET"]}}],"collection":[{"href":"https:\/\/solucom.cl\/tarot\/wp-json\/wp\/v2\/product"}],"about":[{"href":"https:\/\/solucom.cl\/tarot\/wp-json\/wp\/v2\/types\/product"}],"replies":[{"embeddable":true,"href":"https:\/\/solucom.cl\/tarot\/wp-json\/wp\/v2\/comments?post=29683"}],"wp:featuredmedia":[{"embeddable":true,"href":"https:\/\/solucom.cl\/tarot\/wp-json\/wp\/v2\/media\/29684"}],"wp:attachment":[{"href":"https:\/\/solucom.cl\/tarot\/wp-json\/wp\/v2\/media?parent=29683"}],"wp:term":[{"taxonomy":"product_cat","embeddable":true,"href":"https:\/\/solucom.cl\/tarot\/wp-json\/wp\/v2\/product_cat?post=29683"},{"taxonomy":"product_tag","embeddable":true,"href":"https:\/\/solucom.cl\/tarot\/wp-json\/wp\/v2\/product_tag?post=29683"}],"curies":[{"name":"wp","href":"https:\/\/api.w.org\/{rel}","templated":true}]}}