{"id":3182,"date":"2019-09-13T15:32:56","date_gmt":"2019-09-13T18:32:56","guid":{"rendered":"https:\/\/solucom.cl\/tarot\/?post_type=product&#038;p=3182"},"modified":"2024-09-30T03:08:45","modified_gmt":"2024-09-30T06:08:45","slug":"trabajo-magia-blanca-acercar-pareja","status":"publish","type":"product","link":"https:\/\/solucom.cl\/tarot\/producto\/trabajo-magia-blanca-acercar-pareja\/","title":{"rendered":"Acercar Pareja"},"content":{"rendered":"<p><img src='https:\/\/solucom.cl\/tarot\/wp-content\/uploads\/acercar-pareja.jpg' width='500' height='300'><\/p>\n<h1>Conjuro para Acercar a tu Pareja<\/h1>\n<p>Se parte del punto en que est\u00e1n juntos f\u00edsicamente pero Est\u00e1n peleados y quieres que todo vuelva a ser como antes y ya sea que mantengan comunicaci\u00f3n o no, se ha quebrado el encanto entre los dos.  Entonces vamos a restablecer ese encantamiento por ti.<br \/>\nNecesitas tener su fotograf\u00eda de frente sin gafas donde sus ojos se vean nitido y una prenda (ideal interior) impregnada de su uso (lavada o no), mas algunos elementos caseros y cumplir una penitencia de oraci\u00f3n.<br \/>\nDebes tener total y absoluta convicci\u00f3n de que quieres acercar a tu ex pareja y hacerle que regrese a ti para luego hacerlo quedarse para siempre.<br \/>\nEsta sesi\u00f3n demora menos de dos horas y tiene efecto hasta en unas semanas.<br \/>\nLas muchas personas que lo han hecho est\u00e1n satisfechas del resultado obtenido.<br \/>\nSi tu est\u00e1s con tu pareja pero estan peleados y quieres que regrese para que reanuden su idilio.<br \/>\nCuando vuelva tambi\u00e9n puedes hacer que tu sue\u00f1o te dure para siempre.<\/p>\n<p><center><span style=\"font-face:Arial; font-size:14px; text-align:center; padding:3px; spacing:3px; \">Valor Trabajo&#8230;$ 66.000<br \/>(sesenta y seis mil pesos chilenos)<br \/> CLP  &#8212;&#8211;  USD$ 127.00 pago en cuotas via Paypal<br \/>y tambi\u00e9n puede pagarlo en cuotas con <b>WebPay Plus<\/b> de Transbank, usando tarjetas de d\u00e9bito \/ cr\u00e9dito Visa, Magna, MasterCard, Dinnes Club, American Express, Cencosud, Lider, REDCOMPRA, etc.<\/span><\/p>\n<form name=\"btnPago\" method=\"post\" action=\"https:\/\/webpay3g.transbank.cl\/filtroUnificado\/buttonService\">\n\t<input type=\"hidden\" name=\"buttonId\" value=\"0061ca833b13f39649fd5df2c316dd64\"\/><br \/>\n\t<input type=\"image\" src=\"https:\/\/www.transbank.cl\/public\/img\/botonwebpay.gif\"\/><br \/>\n<\/form>\n<h3>\tSi,  <img src='https:\/\/solucom.cl\/Imagenes\/logh1c-200x245.jpg' width='80' height='100' ><\/p>\n<p>\tsi le puedo ayudar a hacer que su pareja regrese para que reanuden su idilio.<\/h3>\n<p><b>\tSoy Luis Galdames, de Osorno, Chile, adulto mayor de tercera edad<br \/>\n\t\ty llevo m\u00e1s de cuarenta a\u00f1os ayudando a personas como usted.<br \/>\n<\/b><br \/>\n<i>\tEste trabajo hace todo eso que pide y mas aquello que quiera pedir.<br \/>\n<\/i><br \/>\n\tPara eso necesito una foto de la cara de su pareja, de frente, mirando a la c\u00e1mara,<\/p>\n<p>\tsu nombre completo y fecha nacimiento.<\/p>\n<p>\tLo mismo de usted.<\/p>\n<p>\t<u>El Trabajo se demora nueve d\u00edas<\/u>.<br \/>\nNormalmente estos resultados se ven entre una a tres semanas.<\/p>\n<p>\t<center><b><span style=\"font-face:Arial Narrow; font-size:14px; text-align:center; padding:3px; spacing:3px; \">Se paga en caja vecina BANCOESTADO cuentarut 5.760.860-9  <br \/>a mi nombre Luis Galdames Hidalgo <br \/>y tambi\u00e9n v\u00eda Transbank, con su CuentaRUT o tarjeta de D\u00e9bito o Cr\u00e9dito<br \/>\n<\/span><\/b><\/p>\n<form name=\"btnPago\" method=\"post\" action=\"https:\/\/webpay3g.transbank.cl\/filtroUnificado\/buttonService\">\n\t<input type=\"hidden\" name=\"buttonId\" value=\"0061ca833b13f39649fd5df2c316dd64\"\/><br \/>\n\t<input type=\"image\" src=\"https:\/\/www.transbank.cl\/public\/img\/botonwebpay.gif\"\/><br \/>\n<\/form>\n<p><i>\tTiene la garant\u00eda de que yo voy a estar a diario contigo por wasap,<br \/>\n\tpara asegurarme que todo se hace como debe ser para lograr que regrese para que reanuden su idilio.<br \/>\n<\/i><br \/>\n<b><i>\tSi decide hacer el trabajo,<br \/>\n\t\tpara contactarme, clic  <a target='_blank' href='https:\/\/www.facebook.com\/pg\/TrabajosMagiaBlanca\/posts\/' rel=\"noopener noreferrer\"> <b> AQUI <\/b> <\/a> \ty me env\u00eda:<br \/>\n\t\t&#8211; las fotos individuales de ambos,<br \/>\n\t\t&#8211; los nombres completos y fechas de nacimiento dia-mes-a\u00f1o<\/i><\/b>\t<\/p>\n<h3>Haga clic en el bot\u00f3n de la forma de pago preferida<\/h3>\n<div style=\"font-size:18px; font-color:navy; border:5px dotted red; background-color:#D8BFD8; text-align:center;  padding:10px;\">\n<span style=\"font-family:Georgia; font-size:24px; text-align:center; padding:10px; spacing:10px; \">Todo procedimiento comienza por efectuar el pago del producto a recibir.  Haga clic para proceder a efectuar su Pago<br \/>\n<a title=\"Todo procedimiento comienza por efectuar el pago del producto a recibir.  Haga clic para proceder a efectuar su Orden\" href=\"https:\/\/solucom.cl\/tarot\/tarifas\/formapago\/\"><img loading=\"lazy\" decoding=\"async\" src=\"https:\/\/solucom.cl\/tarot\/images\/contratar.jpg\" width=\"100\" height=\"90\"><br \/>Ordernar Hacer este Trabajo<br \/><\/a><\/span><br \/>\n<span style=\"font-size:24px; font-color:navy; background-color:#D8BFD8; text-align:center;  padding:10px;\"><b>Ordenar Pedido con<\/b><\/span><\/p>\n<form name=\"btnPago\" method=\"post\" action=\"https:\/\/webpay3g.transbank.cl\/filtroUnificado\/buttonService\"><img decoding=\"async\" src=\"https:\/\/solucom.cl\/Imagenes\/logo-webpay-plus-blanik-660x312.png\" width=\"50%\"><br \/>\n\t<input type=\"hidden\" name=\"buttonId\" value=\"0061ca833b13f39649fd5df2c316dd64\"\/><br \/>\n\t<input type=\"image\" src=\"https:\/\/www.transbank.cl\/public\/img\/botonwebpay.gif\"\/><br \/>\n<\/form>\n<p><a target=\"_blank\" href=\"https:\/\/www.bancoestado.cl\/imagenes\/comun2008\/nuevo_paglg_pers2.html\" title=\"Ordenar por Deposito o Transferencia a CuentaRUT del BancoEstado de Chile # 5760860 a Luis Galdames Hidalgo RUT 5.760.860-9  Email: luisgaldames@solucom.cl\" rel=\"noopener noreferrer\"><b>BANCOESTADO-CuentaRUT: <\/b><img loading=\"lazy\" decoding=\"async\" src=\"https:\/\/solucom.cl\/Imagenes\/logo-bancoestado.jpg\" title=\"Ordenar por Deposito o Transferencia a CuentaRUT del BancoEstado de Chile # 5760860 a Luis Galdames Hidalgo RUT 5.760.860-9  Email: luisgaldames@solucom.cl\" alt=\"Ordenar por Deposito o Transferencia a CuentaRUT del BancoEstado de Chile\" width=\"140\" height=\"30\"><\/a><\/p>\n<p><a target=\"_blank\" href=\"https:\/\/www.paypal.com\/cgi-bin\/webscr?cmd=_s-xclick&#038;hosted_button_id=HLEK68W9PZWDA\" title=\"Ordenar con Paypal o con Tarjeta de Debito o Credito. Caso no tiene cuenta Paypal, use este mismo enlace para Crear una Cuenta.\" rel=\"noopener noreferrer\"><b>PAYPAL\/TARJETA: <\/b><img loading=\"lazy\" decoding=\"async\" src=\"https:\/\/solucom.cl\/Imagenes\/logo-paypal-comprarahora.jpg\" title=\"Ordenar con Paypal o con Tarjeta de Debito o Credito. Caso no tiene cuenta Paypal, use este mismo enlace para Crear una Cuenta.\" alt=\"Ordenar con Paypal o con Tarjeta de Debito o Credito\" width=\"140\" height=\"30\"><\/a><\/p>\n<p><a target=\"_blank\" href=\"https:\/\/solucom.cl\/tarot\/_MoneyGram.html\" title=\"Enviar dinero por Money Gram\" rel=\"noopener noreferrer\"><img loading=\"lazy\" decoding=\"async\" src=\"https:\/\/solucom.cl\/Imagenes\/logo-moneygram.jpg\" alt=\"Enviar dinero por Money Gram\" width=\"140\" height=\"30\"><\/a>  &#8212;  <a target=\"_blank\" href=\"https:\/\/solucom.cl\/tarot\/_WesternUnion.html\" title=\"Enviar dinero por Western Union\" rel=\"noopener noreferrer\"><img loading=\"lazy\" decoding=\"async\" src=\"https:\/\/solucom.cl\/Imagenes\/logo-westernunion.jpg\" alt=\"Enviar dinero por Western Union\" width=\"140\" height=\"30\"><\/a><\/div>\n<p><!---div style=\"border:1px solid red; color:white; font-size:9px; background-color:gray; padding:10px; text-align: justify;\">\nEs muy importante tener claro que estos Trabajos de Magia Blanca se hacen invocando Santos, Arc\u00e1ngeles y Dios, por lo tanto, cuando un Consultante no entrega toda la informaci\u00f3n correcta y completa, es muy probable que no obtenga resultados positivos porque a Dios no se le puede enga\u00f1ar con mentiras o datos falsos o incompletos.<\/div--->\n<hr>\n<h2>Secuencia para entrar a su Oraci\u00f3n<\/h2>\n<div id=\"metaslider-id-1383\" style=\"width: 100%; margin: 0 auto;\" class=\"ml-slider-3-91-0 metaslider metaslider-flex metaslider-1383 ml-slider ms-theme-default\" role=\"region\" aria-roledescription=\"Slideshow\" aria-label=\"New Slider\">\n    <div id=\"metaslider_container_1383\">\n        <div id=\"metaslider_1383\" class=\"flexslider\">\n            <ul class='slides'>\n                <li style=\"display: block; width: 100%;\" class=\"slide-1384 ms-image \" aria-roledescription=\"slide\" aria-label=\"slide-1384\"><a href=\"http:\/\/solucom.cl\/tarot\/trabajos\/recuperar-pareja\/\" target=\"_blank\" class=\"metaslider_image_link\"><img loading=\"lazy\" decoding=\"async\" src=\"https:\/\/solucom.cl\/tarot\/wp-content\/uploads\/1-publicacion-20171106-700x300.jpg\" height=\"300\" width=\"700\" alt=\"Trabajo Recuperar Pareja\" class=\"slider-1383 slide-1384\" \/><\/a><div class=\"caption-wrap\"><div class=\"caption\"> en el Aviso publicado en facebook das clic en imagen <\/div><\/div><\/li>\n                <li style=\"display: none; width: 100%;\" class=\"slide-1386 ms-image \" aria-roledescription=\"slide\" aria-label=\"slide-1386\"><a href=\"http:\/\/solucom.cl\/tarot\/trabajos\/recuperar-pareja\/\" target=\"_blank\" class=\"metaslider_image_link\"><img loading=\"lazy\" decoding=\"async\" src=\"https:\/\/solucom.cl\/tarot\/wp-content\/uploads\/2-destino-20171106-700x300.jpg\" height=\"300\" width=\"700\" alt=\"Trabajo Recuperar Pareja\" class=\"slider-1383 slide-1386\" \/><\/a><div class=\"caption-wrap\"><div class=\"caption\">desde la pagina Recuperar Pareja accede al menu TRABAJOS<\/div><\/div><\/li>\n                <li style=\"display: none; width: 100%;\" class=\"slide-1387 ms-image \" aria-roledescription=\"slide\" aria-label=\"slide-1387\"><a href=\"http:\/\/solucom.cl\/tarot\/trabajos\/recuperar-pareja\/\" target=\"_blank\" class=\"metaslider_image_link\"><img loading=\"lazy\" decoding=\"async\" src=\"https:\/\/solucom.cl\/tarot\/wp-content\/uploads\/3-ingreso-20171106-700x300.jpg\" height=\"300\" width=\"700\" alt=\"Trabajo Recuperar Pareja\" class=\"slider-1383 slide-1387\" \/><\/a><div class=\"caption-wrap\"><div class=\"caption\">dentro de TRABAJOS usa  \"Trabajos\" Osorno para ingresar<\/div><\/div><\/li>\n                <li style=\"display: none; width: 100%;\" class=\"slide-1396 ms-image \" aria-roledescription=\"slide\" aria-label=\"slide-1396\"><a href=\"http:\/\/solucom.cl\/tarot\/trabajos\/recuperar-pareja\/\" target=\"_blank\" class=\"metaslider_image_link\"><img loading=\"lazy\" decoding=\"async\" src=\"https:\/\/solucom.cl\/tarot\/wp-content\/uploads\/4-validar-oracion-700x300.jpg\" height=\"300\" width=\"700\" alt=\"\" class=\"slider-1383 slide-1396\" \/><\/a><div class=\"caption-wrap\"><div class=\"caption\">ingrese en VALIDAR INGRESO a ORACION con email y clave<\/div><\/div><\/li>\n                <li style=\"display: none; width: 100%;\" class=\"slide-1389 ms-image \" aria-roledescription=\"slide\" aria-label=\"slide-1389\"><a href=\"http:\/\/solucom.cl\/tarot\/trabajos\/recuperar-pareja\/\" target=\"_blank\" class=\"metaslider_image_link\"><img loading=\"lazy\" decoding=\"async\" src=\"https:\/\/solucom.cl\/tarot\/wp-content\/uploads\/5-oracion-20171106-700x300.jpg\" height=\"300\" width=\"700\" alt=\"Trabajo Recuperar Pareja\" class=\"slider-1383 slide-1389\" \/><\/a><div class=\"caption-wrap\"><div class=\"caption\">Trabajo Recuperar Pareja - Oraci\u00f3n con sus instrucciones<\/div><\/div><\/li>\n            <\/ul>\n        <\/div>\n        \n    <\/div>\n<\/div>\n<hr>\n<p><!---div style=\"font-size:14px; font-color:navy; border:0px solid red; background-color:#CCCCCC; text-align:center; \">\n\n\n<h1 style=\"color:green; text-align:center\">Trabajos de<br \/> Magia Blanca<\/h1>\n\n\n<a title=\"Se parte del punto en que est\u00e1n juntos f\u00edsicamente pero Est\u00e1n peleados y quieres que todo vuelva a ser como antes ... $66.000 \"  href='https:\/\/solucom.cl\/tarot\/trabajos\/acercar-pareja\/'>Acercar a tu Pareja<\/a><br \/>\n<a title=\"Se parte del punto en que est\u00e1n juntos, en buenas relaciones y tu te quieres asegurar de que vuestra relaci\u00f3n se mantendr\u00e1 por siempre ... $60.000 \" href='https:\/\/solucom.cl\/tarot\/trabajos\/aferrar-pareja\/'>Aferrar a tu Pareja<\/a><br \/>\n<a title=\"Se parte de la base en que est\u00e1n juntos en el amor, pero existe alguna(s) otra(s) persona(s) que se interponen y entorpecen el libre flujo del amor entre ustedes ... $69.000 \"  href='https:\/\/solucom.cl\/tarot\/trabajos\/alejar-intrusoa\/'>Alejar Intrus@<\/a><br \/>\n<a title=\"Se parte del punto en que est\u00e1n conectados f\u00edsicamente y mantienen comunicaci\u00f3n, lo que permite hacer que se forme un puente para crear el encanto entre los dos ... $66.000 \" href='https:\/\/solucom.cl\/tarot\/trabajos\/atraer-persona-amada\/'>Atraer Persona Amada<\/a><br \/>\n<a title=\"Se parte del punto en que est\u00e1n separados f\u00edsicamente y ya sea que mantengan comunicaci\u00f3n o no, se ha quebrado el encanto entre los dos ... $66.000 \"  href='https:\/\/solucom.cl\/tarot\/trabajos\/recuperar-pareja\/'>Recuperar exPareja<\/a><br \/>\n<a title='quieres limpiar tu domicilio de toda mala vibraci\u00f3n, mal de otros, trabajos en tu contra y fuerzas contrarias... $97.000 ' href='https:\/\/solucom.cl\/tarot\/trabajos\/limpieza-de-casa-o-negocio\/'>Limpieza de casa o negocio<\/a><br \/>\n<a title=' ya no soportas seguir solo lidiando con las fuerzas ocultas que act\u00faan en tu contra y est\u00e1s dispuesto a hacer lo necesario para que desaparezcan... $77.000 ' href='https:\/\/solucom.cl\/tarot\/trabajos\/descarga-limpieza-de-aura\/'>Descarga Limpieza de Aura<\/a><br \/>\n\n\n<div style=\"background-color:Antique; color:blue; font-size:12px; padding:10px; margin:10px; border:0 dotted cyan;\">Coloca el mouse encima para ver detalles<\/font><\/div>\n\n<\/div--->\n<p><center><\/p>\n<hr>\n<p><a href='https:\/\/solucom.cl\/tarot\/?page_id=2'><b>CONSULTA<\/b><\/a>  &#8211;  <a href='https:\/\/solucom.cl\/tarot\/?page_id=13'>Ubicaci\u00f3n<\/a>  &#8211;  <a href='https:\/\/solucom.cl\/tarot\/?page_id=21'>Atenci\u00f3n<\/a>  &#8211;  <a href='https:\/\/solucom.cl\/tarot\/trabajos\/'><b>TRABAJOS<\/b><\/a>  &#8211;  <a href='https:\/\/solucom.cl\/tarot\/?page_id=25'>Tarifa<\/a>  &#8211;  <a href='https:\/\/solucom.cl\/tarot\/?page_id=37'>FormaPago<\/a>  &#8211;  <a href='https:\/\/solucom.cl\/tarot\/?page_id=69'>Noticias<\/a><\/p>\n<hr>\n<p><center><\/p>\n<table width='300' align='center'>\n<tr>\n<td align='center'><a href=\"https:\/\/solucom.cl\"><img loading=\"lazy\" decoding=\"async\" alt=\"SOLUCOM Soluciones Computacionales\" title=\"SOLUCOM  Soluciones Computacionales\" src=\"https:\/\/solucom.cl\/Imagenes\/logo-solu-96.jpg\"  height=\"60\" width=\"60\"><\/a><\/td>\n<td align='center'><a href=\"https:\/\/solucom.cl\/s\"><img loading=\"lazy\" decoding=\"async\" alt=\"SOLUCOM P\u00e1gina Inicio\" title=\"SOLUCOM P\u00e1gina Inicio\" src=\"https:\/\/solucom.cl\/sol\/logo-sol.jpg\"  height=\"60\" width=\"60\"><\/a><\/td>\n<td align='center'><a target=\"_blank\" href=\"https:\/\/www.solucom.cl\/sphcphp\" rel=\"noopener noreferrer\"><img loading=\"lazy\" decoding=\"async\" src=\"https:\/\/solucom.cl\/Imagenes\/chincol1-1.jpg\" height=\"60\" width=\"60\" alt=\"Sistema de Previsiones del HOR\u00d3SCOPO CHINO - Version Moderna\" title=\"Sistema de Previsiones del HOR\u00d3SCOPO CHINO - Version Moderna\"><\/a><\/td>\n<td align='center'><a target=\"_blank\" href=\"https:\/\/solucom.cl\/aprenda\" rel=\"noopener noreferrer\"><img loading=\"lazy\" decoding=\"async\" src=\"https:\/\/solucom.cl\/aprend\/images\/llave.jpg\" height=\"60\" width=\"60\" alt=\"Sistema Aprenda a Conducir por Internet\" title=\"Sistema Aprenda a Conducir por Internet\"><\/a><\/td>\n<\/tr>\n<\/table>\n<p><\/center><\/p>\n","protected":false},"excerpt":{"rendered":"<p>Se parte del punto en que est\u00e1n juntos f\u00edsicamente pero Est\u00e1n peleados y quieres que todo vuelva a ser como antes y ya sea que mantengan comunicaci\u00f3n o no, se ha quebrado el encanto entre los dos.  Entonces vamos a restablecer ese encantamiento por ti.<\/p>\n","protected":false},"featured_media":947,"comment_status":"closed","ping_status":"closed","template":"","meta":[],"product_cat":[49],"product_tag":[50],"class_list":{"0":"post-3182","1":"product","2":"type-product","3":"status-publish","4":"has-post-thumbnail","6":"product_cat-trabajo-magia-blanca-acercar-pareja","7":"product_tag-trabajos-magia-blanca","10":"first","11":"instock","12":"sale","13":"virtual","14":"purchasable","15":"product-type-simple"},"_links":{"self":[{"href":"https:\/\/solucom.cl\/tarot\/wp-json\/wp\/v2\/product\/3182","targetHints":{"allow":["GET"]}}],"collection":[{"href":"https:\/\/solucom.cl\/tarot\/wp-json\/wp\/v2\/product"}],"about":[{"href":"https:\/\/solucom.cl\/tarot\/wp-json\/wp\/v2\/types\/product"}],"replies":[{"embeddable":true,"href":"https:\/\/solucom.cl\/tarot\/wp-json\/wp\/v2\/comments?post=3182"}],"wp:featuredmedia":[{"embeddable":true,"href":"https:\/\/solucom.cl\/tarot\/wp-json\/wp\/v2\/media\/947"}],"wp:attachment":[{"href":"https:\/\/solucom.cl\/tarot\/wp-json\/wp\/v2\/media?parent=3182"}],"wp:term":[{"taxonomy":"product_cat","embeddable":true,"href":"https:\/\/solucom.cl\/tarot\/wp-json\/wp\/v2\/product_cat?post=3182"},{"taxonomy":"product_tag","embeddable":true,"href":"https:\/\/solucom.cl\/tarot\/wp-json\/wp\/v2\/product_tag?post=3182"}],"curies":[{"name":"wp","href":"https:\/\/api.w.org\/{rel}","templated":true}]}}