{"id":3409,"date":"2019-09-14T20:55:26","date_gmt":"2019-09-14T23:55:26","guid":{"rendered":"https:\/\/solucom.cl\/tarot\/?post_type=product&#038;p=3409"},"modified":"2024-09-30T03:21:10","modified_gmt":"2024-09-30T06:21:10","slug":"amarrar-pareja","status":"publish","type":"product","link":"https:\/\/solucom.cl\/tarot\/producto\/amarrar-pareja\/","title":{"rendered":"Amarrar Pareja"},"content":{"rendered":"<h1>Hechizo para Amarrar Pareja<\/h1>\n<p><img src='https:\/\/solucom.cl\/tarot\/wp-content\/uploads\/aferrar-pareja.jpg' width='0' height='0'><br \/>\n<b>Para que se enamore perdidamente de ti<\/b><br \/>\nSe parte del punto en que est\u00e1n juntos, en buenas relaciones y tu te quieres asegurar de que vuestra relaci\u00f3n se mantendr\u00e1 por siempre.<br \/>\nNecesitas tener algunos utensilios caseros y hacer una penitencia en oraci\u00f3n.<br \/>\nDebes tener total y absoluta convicci\u00f3n de que le quieres aferrar a ti por siempre.<br \/>\nEsta sesi\u00f3n demora como una hora y tiene efecto de inmediato.<br \/>\nLas muchas personas que lo han hecho est\u00e1n satisfechas del resultado obtenido.<br \/>\nSi tu est\u00e1s con tu pareja puedes hacer que tu sue\u00f1o te dure para siempre.<\/p>\n<p><center><span style=\"font-face:Arial; font-size:14px; text-align:center; padding:3px; spacing:3px; \">Valor Trabajo&#8230;$ 60.000<br \/>(sesenta mil pesos chilenos)  <br \/>CLP &#8212;&#8211;  USD$ 117.00 pago en cuotas via Paypal<br \/>y tambi\u00e9n puede pagarlo en cuotas con <b>WebPay Plus<\/b> de Transbank, usando tarjetas de d\u00e9bito \/ cr\u00e9dito Visa, Magna, MasterCard, Dinnes Club, American Express, Cencosud, Lider, REDCOMPRA, etc.<\/p>\n<form name=\"btnPago\" method=\"post\" action=\"https:\/\/webpay3g.transbank.cl\/filtroUnificado\/buttonService\">\n\t<input type=\"hidden\" name=\"buttonId\" value=\"40635fb883e861b44588a1195fb1d523\"\/><br \/>\n\t<input type=\"image\" src=\"https:\/\/www.transbank.cl\/public\/img\/botonwebpay.gif\"\/><br \/>\n<\/form>\n<p><\/span><\/p>\n<h3>\tSi,  <img src='https:\/\/solucom.cl\/Imagenes\/logh1c-200x245.jpg' width='80' height='100' ><\/p>\n<p>\tsi le puedo ayudar a hacer que su pareja quede aferrada a ti por siempre.<\/h3>\n<p><b>\tSoy Luis Galdames, de Osorno, Chile, adulto mayor de tercera edad<br \/>\n\t\ty llevo m\u00e1s de cuarenta a\u00f1os ayudando a personas como usted.<br \/>\n<\/b><br \/>\n<i>\tEste trabajo hace todo eso que pide y mas aquello que quiera pedir.<br \/>\n<\/i><br \/>\n\tPara eso necesito una foto de la cara de su pareja, de frente, mirando a la c\u00e1mara,<\/p>\n<p>\tsu nombre completo y fecha nacimiento.<\/p>\n<p>\tLo mismo de usted.<\/p>\n<p>\t<u>El Trabajo se demora nueve d\u00edas<\/u>.<br \/>\nNormalmente estos resultados se ven entre una a tres semanas.<\/p>\n<p>\t<center><b><span style=\"font-face:Arial Narrow; font-size:14px; text-align:center; padding:3px; spacing:3px; \">Se paga en caja vecina BANCOESTADO cuentarut 5.760.860-9  <br \/>a mi nombre Luis Galdames Hidalgo <br \/>y tambi\u00e9n v\u00eda Transbank, con su CuentaRUT o tarjeta de D\u00e9bito o Cr\u00e9dito<br \/>\n<\/p>\n<form name=\"btnPago\" method=\"post\" action=\"https:\/\/webpay3g.transbank.cl\/filtroUnificado\/buttonService\">\n\t<input type=\"hidden\" name=\"buttonId\" value=\"40635fb883e861b44588a1195fb1d523\"\/><br \/>\n\t<input type=\"image\" src=\"https:\/\/www.transbank.cl\/public\/img\/botonwebpay.gif\"\/><br \/>\n<\/form>\n<p><\/span><\/b><\/p>\n<p><i>\tTiene la garant\u00eda de que yo voy a estar a diario contigo por wasap,<br \/>\n\tpara asegurarme que todo se hace como debe ser para lograr traer a su pareja quede aferrada a ti por siempre.<br \/>\n<\/i><br \/>\n<b><i>\tSi decide hacer el trabajo,<br \/>\n\t\tpara contactarme, clic  <a target='_blank' href='https:\/\/www.facebook.com\/pg\/TrabajosMagiaBlanca\/posts\/' rel=\"noopener noreferrer\"> <b> AQUI <\/b> <\/a> \ty me env\u00eda:<br \/>\n\t\t&#8211; las fotos individuales de ambos,<br \/>\n\t\t&#8211; los nombres completos y fechas de nacimiento dia-mes-a\u00f1o<br \/>\n<\/i><\/b>\t<\/p>\n<h2>Haga clic en el bot\u00f3n de la forma de pago preferida<\/h2>\n<div style=\"font-size:18px; font-color:navy; border:5px dotted red; background-color:#D8BFD8; text-align:center;  padding:10px;\">\n<span style=\"font-family:Georgia; font-size:24px; text-align:center; padding:10px; spacing:10px; \">Todo procedimiento comienza por efectuar el pago del producto a recibir.  Haga clic para proceder a efectuar su Pago<br \/>\n<a title=\"Todo procedimiento comienza por efectuar el pago del producto a recibir.  Haga clic para proceder a efectuar su Orden\" href=\"https:\/\/solucom.cl\/tarot\/tarifas\/formapago\/\"><img loading=\"lazy\" decoding=\"async\" src=\"https:\/\/solucom.cl\/tarot\/images\/contratar.jpg\" width=\"100\" height=\"90\"><br \/>Ordernar Hacer este Trabajo<br \/><\/a><\/span><br \/>\n<span style=\"font-size:24px; font-color:navy; background-color:#D8BFD8; text-align:center;  padding:10px; border:1;\"><b>Ordernar Pedido con<\/b><\/span><\/p>\n<p>y tambi\u00e9n puede pagarlo en cuotas con <b>WebPay Plus<\/b> de Transbank, usando tarjetas de d\u00e9bito \/ cr\u00e9dito Visa, Magna, MasterCard, Dinnes Club, American Express, Cencosud, Lider, REDCOMPRA, etc.<\/p>\n<form name=\"btnPago\" method=\"post\" action=\"https:\/\/webpay3g.transbank.cl\/filtroUnificado\/buttonService\"><img decoding=\"async\" src=\"https:\/\/solucom.cl\/Imagenes\/logo-webpay-plus-blanik-660x312.png\" width=\"300\"><br \/>\n\t<input type=\"hidden\" name=\"buttonId\" value=\"40635fb883e861b44588a1195fb1d523\"\/><br \/>\n\t<input type=\"image\" src=\"https:\/\/www.transbank.cl\/public\/img\/botonwebpay.gif\"\/><br \/>\n<\/form>\n<p><a target=\"_blank\" href=\"https:\/\/www.bancoestado.cl\/imagenes\/comun2008\/nuevo_paglg_pers2.html\" title=\"Ordenar por Deposito o Transferencia a CuentaRUT del BancoEstado de Chile # 5760860 a Luis Galdames Hidalgo RUT 5.760.860-9  Email: luisgaldames@solucom.cl\" rel=\"noopener noreferrer\"><b>BANCOESTADO-CuentaRUT: <\/b><img loading=\"lazy\" decoding=\"async\" src=\"https:\/\/solucom.cl\/Imagenes\/logo-bancoestado.jpg\" title=\"Ordernar por Deposito o Transferencia a CuentaRUT del BancoEstado de Chile # 5760860 a Luis Galdames Hidalgo RUT 5.760.860-9  Email: luisgaldames@solucom.cl\" alt=\"Ordernar por Deposito o Transferencia a CuentaRUT del BancoEstado de Chile\" width=\"140\" height=\"30\"><\/a><\/p>\n<p><a target=\"_blank\" href=\"https:\/\/www.paypal.com\/cgi-bin\/webscr?cmd=_s-xclick&#038;hosted_button_id=JJMEFQHJECTKS\" title=\"Ordernar con Paypal o con Tarjeta de Debito o Credito. Caso no tiene cuenta Paypal, use este mismo enlace para Crear una Cuenta.\" rel=\"noopener noreferrer\"><b>PAYPAL\/TARJETA: <\/b><img loading=\"lazy\" decoding=\"async\" src=\"https:\/\/solucom.cl\/Imagenes\/logo-paypal-comprarahora.jpg\" title=\"Ordernar con Paypal o con Tarjeta de Debito o Credito. Caso no tiene cuenta Paypal, use este mismo enlace para Crear una Cuenta.\" alt=\"Ordernar con Paypal o con Tarjeta de Debito o Credito\" width=\"140\" height=\"30\"><\/a><\/p>\n<p><a target=\"_blank\" href=\"https:\/\/solucom.cl\/tarot\/_MoneyGram.html\" title=\"Enviar dinero por Money Gram\" rel=\"noopener noreferrer\"><img loading=\"lazy\" decoding=\"async\" src=\"https:\/\/solucom.cl\/Imagenes\/logo-moneygram.jpg\" alt=\"Enviar dinero por Money Gram\" width=\"140\" height=\"30\"><\/a>  &#8212;  <a target=\"_blank\" href=\"https:\/\/solucom.cl\/tarot\/_WesternUnion.html\" title=\"Enviar dinero por Western Union\" rel=\"noopener noreferrer\"><img loading=\"lazy\" decoding=\"async\" src=\"https:\/\/solucom.cl\/Imagenes\/logo-westernunion.jpg\" alt=\"Enviar dinero por Western Union\" width=\"140\" height=\"30\"><\/a><\/div>\n<p><center><\/p>\n<hr>\n<p><a href='https:\/\/solucom.cl\/tarot\/?page_id=2'><b>CONSULTA<\/b><\/a>  &#8211;  <a href='https:\/\/solucom.cl\/tarot\/?page_id=13'>Ubicaci\u00f3n<\/a>  &#8211;  <a href='https:\/\/solucom.cl\/tarot\/?page_id=21'>Atenci\u00f3n<\/a>  &#8211;  <a href='https:\/\/solucom.cl\/tarot\/trabajos\/'><b>TRABAJOS<\/b><\/a>  &#8211;  <a href='https:\/\/solucom.cl\/tarot\/?page_id=25'>Tarifa<\/a>  &#8211;  <a href='https:\/\/solucom.cl\/tarot\/?page_id=37'>FormaPago<\/a>  &#8211;  <a href='https:\/\/solucom.cl\/tarot\/?page_id=69'>Noticias<\/a><\/p>\n<hr>\n<p><center><\/p>\n<table width='300' align='center'>\n<tr>\n<td align='center'><a href=\"https:\/\/solucom.cl\"><img loading=\"lazy\" decoding=\"async\" alt=\"SOLUCOM Soluciones Computacionales\" title=\"SOLUCOM  Soluciones Computacionales\" src=\"https:\/\/solucom.cl\/Imagenes\/logo-solu-96.jpg\"  height=\"60\" width=\"60\"><\/a><\/td>\n<td align='center'><a href=\"https:\/\/solucom.cl\/s\"><img loading=\"lazy\" decoding=\"async\" alt=\"SOLUCOM P\u00e1gina Inicio\" title=\"SOLUCOM P\u00e1gina Inicio\" src=\"https:\/\/solucom.cl\/sol\/logo-sol.jpg\"  height=\"60\" width=\"60\"><\/a><\/td>\n<td align='center'><a target=\"_blank\" href=\"https:\/\/www.solucom.cl\/sphcphp\" rel=\"noopener noreferrer\"><img loading=\"lazy\" decoding=\"async\" src=\"https:\/\/solucom.cl\/Imagenes\/chincol1-1.jpg\" height=\"60\" width=\"60\" alt=\"Sistema de Previsiones del HOR\u00d3SCOPO CHINO - Version Moderna\" title=\"Sistema de Previsiones del HOR\u00d3SCOPO CHINO - Version Moderna\"><\/a><\/td>\n<td align='center'><a target=\"_blank\" href=\"https:\/\/solucom.cl\/aprenda\" rel=\"noopener noreferrer\"><img loading=\"lazy\" decoding=\"async\" src=\"https:\/\/solucom.cl\/aprend\/images\/llave.jpg\" height=\"60\" width=\"60\" alt=\"Sistema Aprenda a Conducir por Internet\" title=\"Sistema Aprenda a Conducir por Internet\"><\/a><\/td>\n<\/tr>\n<\/table>\n<p><\/center><\/p>\n","protected":false},"excerpt":{"rendered":"<h1>Hechizo para Amarrar tu pareja<\/h1>\n<p><b>Para que se enamore perdidamente de ti<\/b><br \/>\nSe parte del punto en que est\u00e1n juntos, en buenas relaciones y tu te quieres asegurar de que vuestra relaci\u00f3n se mantendr\u00e1 por siempre.<\/p>\n","protected":false},"featured_media":952,"comment_status":"closed","ping_status":"closed","template":"","meta":[],"product_cat":[54],"product_tag":[50],"class_list":{"0":"post-3409","1":"product","2":"type-product","3":"status-publish","4":"has-post-thumbnail","6":"product_cat-trabajo-magia-blanca-amarrar-pareja","7":"product_tag-trabajos-magia-blanca","10":"first","11":"instock","12":"sale","13":"virtual","14":"purchasable","15":"product-type-simple"},"_links":{"self":[{"href":"https:\/\/solucom.cl\/tarot\/wp-json\/wp\/v2\/product\/3409","targetHints":{"allow":["GET"]}}],"collection":[{"href":"https:\/\/solucom.cl\/tarot\/wp-json\/wp\/v2\/product"}],"about":[{"href":"https:\/\/solucom.cl\/tarot\/wp-json\/wp\/v2\/types\/product"}],"replies":[{"embeddable":true,"href":"https:\/\/solucom.cl\/tarot\/wp-json\/wp\/v2\/comments?post=3409"}],"wp:featuredmedia":[{"embeddable":true,"href":"https:\/\/solucom.cl\/tarot\/wp-json\/wp\/v2\/media\/952"}],"wp:attachment":[{"href":"https:\/\/solucom.cl\/tarot\/wp-json\/wp\/v2\/media?parent=3409"}],"wp:term":[{"taxonomy":"product_cat","embeddable":true,"href":"https:\/\/solucom.cl\/tarot\/wp-json\/wp\/v2\/product_cat?post=3409"},{"taxonomy":"product_tag","embeddable":true,"href":"https:\/\/solucom.cl\/tarot\/wp-json\/wp\/v2\/product_tag?post=3409"}],"curies":[{"name":"wp","href":"https:\/\/api.w.org\/{rel}","templated":true}]}}